{"id":50750,"date":"2023-12-14T10:59:06","date_gmt":"2023-12-14T10:59:06","guid":{"rendered":"https:\/\/www.fiamitalia.it\/materioteca\/"},"modified":"2025-02-10T10:51:32","modified_gmt":"2025-02-10T10:51:32","slug":"materiautheque","status":"publish","type":"page","link":"https:\/\/www.fiamitalia.it\/fr\/materiautheque\/","title":{"rendered":"Mat\u00e9riauth\u00e8que"},"content":{"rendered":"\t\t<div data-elementor-type=\"wp-page\" data-elementor-id=\"50750\" class=\"elementor elementor-50750 elementor-46086\" data-elementor-post-type=\"page\">\n\t\t\t\t\t\t<section class=\"elementor-section elementor-top-section elementor-element elementor-element-1a87397 elementor-section-boxed elementor-section-height-default elementor-section-height-default\" data-id=\"1a87397\" data-element_type=\"section\">\n\t\t\t\t\t\t<div class=\"elementor-container elementor-column-gap-default\">\n\t\t\t\t\t<div class=\"elementor-column elementor-col-100 elementor-top-column elementor-element elementor-element-bc97726\" data-id=\"bc97726\" data-element_type=\"column\">\n\t\t\t<div class=\"elementor-widget-wrap elementor-element-populated\">\n\t\t\t\t\t\t<div class=\"elementor-element elementor-element-46131fc elementor-widget elementor-widget-heading\" data-id=\"46131fc\" data-element_type=\"widget\" data-widget_type=\"heading.default\">\n\t\t\t\t<div class=\"elementor-widget-container\">\n\t\t\t\t\t<h1 class=\"elementor-heading-title elementor-size-default\">Mat\u00e9riauth\u00e8que<\/h1>\t\t\t\t<\/div>\n\t\t\t\t<\/div>\n\t\t\t\t<div class=\"elementor-element elementor-element-77caf5d elementor-widget__width-initial elementor-widget elementor-widget-text-editor\" data-id=\"77caf5d\" data-element_type=\"widget\" data-widget_type=\"text-editor.default\">\n\t\t\t\t<div class=\"elementor-widget-container\">\n\t\t\t\t\t\t\t\t\t<p data-pm-slice=\"1 1 []\">Depuis plus de 50 ans, nous explorons les nouvelles fronti\u00e8res du mat\u00e9riau qu&rsquo;est le verre. Nous avons compris que la transparence n&rsquo;est qu&rsquo;une condition ; nous avons con\u00e7u sa profondeur en d\u00e9veloppant des textures innovantes et des finitions raffin\u00e9es. Notre verre est un mat\u00e9riau pr\u00e9cieux, d\u00e9sormais capable de s&rsquo;associer \u00e0 d&rsquo;autres mat\u00e9riaux et \u00e0 des essences pr\u00e9cieuses.<\/p>\t\t\t\t\t\t\t\t<\/div>\n\t\t\t\t<\/div>\n\t\t\t\t\t<\/div>\n\t\t<\/div>\n\t\t\t\t\t<\/div>\n\t\t<\/section>\n\t\t\t\t<\/div>\n\t\t","protected":false},"excerpt":{"rendered":"<p>Mat\u00e9riauth\u00e8que Depuis plus de 50 ans, nous explorons les nouvelles fronti\u00e8res du mat\u00e9riau qu&rsquo;est le verre. Nous avons compris que la transparence n&rsquo;est qu&rsquo;une condition ; nous avons con\u00e7u sa profondeur en d\u00e9veloppant des textures innovantes et des finitions raffin\u00e9es. Notre verre est un mat\u00e9riau pr\u00e9cieux, d\u00e9sormais capable de s&rsquo;associer \u00e0 d&rsquo;autres mat\u00e9riaux et \u00e0 [&hellip;]<\/p>\n","protected":false},"author":1,"featured_media":0,"parent":0,"menu_order":0,"comment_status":"closed","ping_status":"closed","template":"page-materioteca.php","meta":{"_acf_changed":false,"footnotes":""},"class_list":["post-50750","page","type-page","status-publish","hentry"],"acf":[],"yoast_head":"<!-- This site is optimized with the Yoast SEO plugin v25.8 - https:\/\/yoast.com\/wordpress\/plugins\/seo\/ -->\n<title>Mat\u00e9riauth\u00e8que - Fiam Italia<\/title>\n<meta name=\"robots\" content=\"index, follow, max-snippet:-1, max-image-preview:large, max-video-preview:-1\" \/>\n<link rel=\"canonical\" href=\"https:\/\/www.fiamitalia.it\/fr\/materiautheque\/\" \/>\n<meta property=\"og:locale\" content=\"fr_FR\" \/>\n<meta property=\"og:type\" content=\"article\" \/>\n<meta property=\"og:title\" content=\"Mat\u00e9riauth\u00e8que - Fiam Italia\" \/>\n<meta property=\"og:description\" content=\"Mat\u00e9riauth\u00e8que Depuis plus de 50 ans, nous explorons les nouvelles fronti\u00e8res du mat\u00e9riau qu&rsquo;est le verre. Nous avons compris que la transparence n&rsquo;est qu&rsquo;une condition ; nous avons con\u00e7u sa profondeur en d\u00e9veloppant des textures innovantes et des finitions raffin\u00e9es. Notre verre est un mat\u00e9riau pr\u00e9cieux, d\u00e9sormais capable de s&rsquo;associer \u00e0 d&rsquo;autres mat\u00e9riaux et \u00e0 [&hellip;]\" \/>\n<meta property=\"og:url\" content=\"https:\/\/www.fiamitalia.it\/fr\/materiautheque\/\" \/>\n<meta property=\"og:site_name\" content=\"Fiam Italia\" \/>\n<meta property=\"article:publisher\" content=\"https:\/\/www.facebook.com\/fiamitalia\/\" \/>\n<meta property=\"article:modified_time\" content=\"2025-02-10T10:51:32+00:00\" \/>\n<meta name=\"twitter:card\" content=\"summary_large_image\" \/>\n<meta name=\"twitter:label1\" content=\"Dur\u00e9e de lecture estim\u00e9e\" \/>\n\t<meta name=\"twitter:data1\" content=\"1 minute\" \/>\n<script type=\"application\/ld+json\" class=\"yoast-schema-graph\">{\"@context\":\"https:\/\/schema.org\",\"@graph\":[{\"@type\":\"WebPage\",\"@id\":\"https:\/\/www.fiamitalia.it\/fr\/materiautheque\/\",\"url\":\"https:\/\/www.fiamitalia.it\/fr\/materiautheque\/\",\"name\":\"Mat\u00e9riauth\u00e8que - Fiam Italia\",\"isPartOf\":{\"@id\":\"https:\/\/www.fiamitalia.it\/fr\/#website\"},\"datePublished\":\"2023-12-14T10:59:06+00:00\",\"dateModified\":\"2025-02-10T10:51:32+00:00\",\"breadcrumb\":{\"@id\":\"https:\/\/www.fiamitalia.it\/fr\/materiautheque\/#breadcrumb\"},\"inLanguage\":\"fr-FR\",\"potentialAction\":[{\"@type\":\"ReadAction\",\"target\":[\"https:\/\/www.fiamitalia.it\/fr\/materiautheque\/\"]}]},{\"@type\":\"BreadcrumbList\",\"@id\":\"https:\/\/www.fiamitalia.it\/fr\/materiautheque\/#breadcrumb\",\"itemListElement\":[{\"@type\":\"ListItem\",\"position\":1,\"name\":\"Home\",\"item\":\"https:\/\/www.fiamitalia.it\/fr\/\"},{\"@type\":\"ListItem\",\"position\":2,\"name\":\"Mat\u00e9riauth\u00e8que\"}]},{\"@type\":\"WebSite\",\"@id\":\"https:\/\/www.fiamitalia.it\/fr\/#website\",\"url\":\"https:\/\/www.fiamitalia.it\/fr\/\",\"name\":\"Fiam Italia\",\"description\":\"Da oltre 40 anni FIAM \u00e8 sinonimo di cultura del vetro a livello globale e produce elementi di arredo in vetro curvato di design. Scopri di pi\u00f9 sul sito!\",\"publisher\":{\"@id\":\"https:\/\/www.fiamitalia.it\/fr\/#organization\"},\"potentialAction\":[{\"@type\":\"SearchAction\",\"target\":{\"@type\":\"EntryPoint\",\"urlTemplate\":\"https:\/\/www.fiamitalia.it\/fr\/?s={search_term_string}\"},\"query-input\":{\"@type\":\"PropertyValueSpecification\",\"valueRequired\":true,\"valueName\":\"search_term_string\"}}],\"inLanguage\":\"fr-FR\"},{\"@type\":\"Organization\",\"@id\":\"https:\/\/www.fiamitalia.it\/fr\/#organization\",\"name\":\"Fiam Italia\",\"url\":\"https:\/\/www.fiamitalia.it\/fr\/\",\"logo\":{\"@type\":\"ImageObject\",\"inLanguage\":\"fr-FR\",\"@id\":\"https:\/\/www.fiamitalia.it\/fr\/#\/schema\/logo\/image\/\",\"url\":\"https:\/\/www.fiamitalia.it\/wp-content\/uploads\/2023\/03\/cropped-Fiam_quadr_bn_Outline.png\",\"contentUrl\":\"https:\/\/www.fiamitalia.it\/wp-content\/uploads\/2023\/03\/cropped-Fiam_quadr_bn_Outline.png\",\"width\":945,\"height\":945,\"caption\":\"Fiam Italia\"},\"image\":{\"@id\":\"https:\/\/www.fiamitalia.it\/fr\/#\/schema\/logo\/image\/\"},\"sameAs\":[\"https:\/\/www.facebook.com\/fiamitalia\/\",\"https:\/\/www.instagram.com\/fiamitalia_official\/\",\"https:\/\/pinterest.com\/fiamitalia_\/\",\"https:\/\/www.linkedin.com\/company\/1658601\/\",\"https:\/\/www.youtube.com\/user\/FiamItalia\/\"]}]}<\/script>\n<!-- \/ Yoast SEO plugin. -->","yoast_head_json":{"title":"Mat\u00e9riauth\u00e8que - Fiam Italia","robots":{"index":"index","follow":"follow","max-snippet":"max-snippet:-1","max-image-preview":"max-image-preview:large","max-video-preview":"max-video-preview:-1"},"canonical":"https:\/\/www.fiamitalia.it\/fr\/materiautheque\/","og_locale":"fr_FR","og_type":"article","og_title":"Mat\u00e9riauth\u00e8que - Fiam Italia","og_description":"Mat\u00e9riauth\u00e8que Depuis plus de 50 ans, nous explorons les nouvelles fronti\u00e8res du mat\u00e9riau qu&rsquo;est le verre. Nous avons compris que la transparence n&rsquo;est qu&rsquo;une condition ; nous avons con\u00e7u sa profondeur en d\u00e9veloppant des textures innovantes et des finitions raffin\u00e9es. Notre verre est un mat\u00e9riau pr\u00e9cieux, d\u00e9sormais capable de s&rsquo;associer \u00e0 d&rsquo;autres mat\u00e9riaux et \u00e0 [&hellip;]","og_url":"https:\/\/www.fiamitalia.it\/fr\/materiautheque\/","og_site_name":"Fiam Italia","article_publisher":"https:\/\/www.facebook.com\/fiamitalia\/","article_modified_time":"2025-02-10T10:51:32+00:00","twitter_card":"summary_large_image","twitter_misc":{"Dur\u00e9e de lecture estim\u00e9e":"1 minute"},"schema":{"@context":"https:\/\/schema.org","@graph":[{"@type":"WebPage","@id":"https:\/\/www.fiamitalia.it\/fr\/materiautheque\/","url":"https:\/\/www.fiamitalia.it\/fr\/materiautheque\/","name":"Mat\u00e9riauth\u00e8que - Fiam Italia","isPartOf":{"@id":"https:\/\/www.fiamitalia.it\/fr\/#website"},"datePublished":"2023-12-14T10:59:06+00:00","dateModified":"2025-02-10T10:51:32+00:00","breadcrumb":{"@id":"https:\/\/www.fiamitalia.it\/fr\/materiautheque\/#breadcrumb"},"inLanguage":"fr-FR","potentialAction":[{"@type":"ReadAction","target":["https:\/\/www.fiamitalia.it\/fr\/materiautheque\/"]}]},{"@type":"BreadcrumbList","@id":"https:\/\/www.fiamitalia.it\/fr\/materiautheque\/#breadcrumb","itemListElement":[{"@type":"ListItem","position":1,"name":"Home","item":"https:\/\/www.fiamitalia.it\/fr\/"},{"@type":"ListItem","position":2,"name":"Mat\u00e9riauth\u00e8que"}]},{"@type":"WebSite","@id":"https:\/\/www.fiamitalia.it\/fr\/#website","url":"https:\/\/www.fiamitalia.it\/fr\/","name":"Fiam Italia","description":"Da oltre 40 anni FIAM \u00e8 sinonimo di cultura del vetro a livello globale e produce elementi di arredo in vetro curvato di design. Scopri di pi\u00f9 sul sito!","publisher":{"@id":"https:\/\/www.fiamitalia.it\/fr\/#organization"},"potentialAction":[{"@type":"SearchAction","target":{"@type":"EntryPoint","urlTemplate":"https:\/\/www.fiamitalia.it\/fr\/?s={search_term_string}"},"query-input":{"@type":"PropertyValueSpecification","valueRequired":true,"valueName":"search_term_string"}}],"inLanguage":"fr-FR"},{"@type":"Organization","@id":"https:\/\/www.fiamitalia.it\/fr\/#organization","name":"Fiam Italia","url":"https:\/\/www.fiamitalia.it\/fr\/","logo":{"@type":"ImageObject","inLanguage":"fr-FR","@id":"https:\/\/www.fiamitalia.it\/fr\/#\/schema\/logo\/image\/","url":"https:\/\/www.fiamitalia.it\/wp-content\/uploads\/2023\/03\/cropped-Fiam_quadr_bn_Outline.png","contentUrl":"https:\/\/www.fiamitalia.it\/wp-content\/uploads\/2023\/03\/cropped-Fiam_quadr_bn_Outline.png","width":945,"height":945,"caption":"Fiam Italia"},"image":{"@id":"https:\/\/www.fiamitalia.it\/fr\/#\/schema\/logo\/image\/"},"sameAs":["https:\/\/www.facebook.com\/fiamitalia\/","https:\/\/www.instagram.com\/fiamitalia_official\/","https:\/\/pinterest.com\/fiamitalia_\/","https:\/\/www.linkedin.com\/company\/1658601\/","https:\/\/www.youtube.com\/user\/FiamItalia\/"]}]}},"_links":{"self":[{"href":"https:\/\/www.fiamitalia.it\/fr\/wp-json\/wp\/v2\/pages\/50750","targetHints":{"allow":["GET"]}}],"collection":[{"href":"https:\/\/www.fiamitalia.it\/fr\/wp-json\/wp\/v2\/pages"}],"about":[{"href":"https:\/\/www.fiamitalia.it\/fr\/wp-json\/wp\/v2\/types\/page"}],"author":[{"embeddable":true,"href":"https:\/\/www.fiamitalia.it\/fr\/wp-json\/wp\/v2\/users\/1"}],"replies":[{"embeddable":true,"href":"https:\/\/www.fiamitalia.it\/fr\/wp-json\/wp\/v2\/comments?post=50750"}],"version-history":[{"count":18,"href":"https:\/\/www.fiamitalia.it\/fr\/wp-json\/wp\/v2\/pages\/50750\/revisions"}],"predecessor-version":[{"id":52471,"href":"https:\/\/www.fiamitalia.it\/fr\/wp-json\/wp\/v2\/pages\/50750\/revisions\/52471"}],"wp:attachment":[{"href":"https:\/\/www.fiamitalia.it\/fr\/wp-json\/wp\/v2\/media?parent=50750"}],"curies":[{"name":"wp","href":"https:\/\/api.w.org\/{rel}","templated":true}]}}