{"id":49212,"date":"2024-06-24T13:07:02","date_gmt":"2024-06-24T13:07:02","guid":{"rendered":"https:\/\/www.fiamitalia.it\/?page_id=49212"},"modified":"2024-06-24T13:07:02","modified_gmt":"2024-06-24T13:07:02","slug":"elimination","status":"publish","type":"page","link":"https:\/\/www.fiamitalia.it\/fr\/elimination\/","title":{"rendered":"Elimination"},"content":{"rendered":"\t\t<div data-elementor-type=\"wp-page\" data-elementor-id=\"49212\" class=\"elementor elementor-49212 elementor-49185\" data-elementor-post-type=\"page\">\n\t\t\t\t\t\t<section class=\"elementor-section elementor-top-section elementor-element elementor-element-b8cb270 elementor-section-boxed elementor-section-height-default elementor-section-height-default\" data-id=\"b8cb270\" data-element_type=\"section\">\n\t\t\t\t\t\t<div class=\"elementor-container elementor-column-gap-default\">\n\t\t\t\t\t<div class=\"elementor-column elementor-col-100 elementor-top-column elementor-element elementor-element-f65e1de\" data-id=\"f65e1de\" data-element_type=\"column\">\n\t\t\t<div class=\"elementor-widget-wrap elementor-element-populated\">\n\t\t\t\t\t\t<div class=\"elementor-element elementor-element-1511bc5 elementor-widget elementor-widget-heading\" data-id=\"1511bc5\" data-element_type=\"widget\" data-widget_type=\"heading.default\">\n\t\t\t\t<div class=\"elementor-widget-container\">\n\t\t\t\t\t<h1 class=\"elementor-heading-title elementor-size-default\">Elimination<\/h1>\t\t\t\t<\/div>\n\t\t\t\t<\/div>\n\t\t\t\t<div class=\"elementor-element elementor-element-31cd472 elementor-widget elementor-widget-heading\" data-id=\"31cd472\" data-element_type=\"widget\" data-widget_type=\"heading.default\">\n\t\t\t\t<div class=\"elementor-widget-container\">\n\t\t\t\t\t<h2 class=\"elementor-heading-title elementor-size-default\">Objet: \u00e9limination des emballages et des produits en fin de vie<\/h2>\t\t\t\t<\/div>\n\t\t\t\t<\/div>\n\t\t\t\t<div class=\"elementor-element elementor-element-e8374bf elementor-widget elementor-widget-text-editor\" data-id=\"e8374bf\" data-element_type=\"widget\" data-widget_type=\"text-editor.default\">\n\t\t\t\t<div class=\"elementor-widget-container\">\n\t\t\t\t\t\t\t\t\t<p><strong>Pour une \u00e9limination correcte des emballages et des produits en fin de vie, il est recommand\u00e9 de v\u00e9rifier les r\u00e9glementations en vigueur dans votre municipalit\u00e9.<\/strong><\/p><p>Les emballages doivent \u00eatre collect\u00e9s et transport\u00e9s, qu&rsquo;ils soient recyclables ou non selon la technologie actuelle, vers des centres de recyclage ou des points de collecte appropri\u00e9s dans tout le pays en vue de leur \u00e9limination, de leur recyclage et de leur r\u00e9utilisation dans le cycle de production.<\/p><p>L&rsquo;\u00e9tiquette appos\u00e9e sur l&#8217;emballage est destin\u00e9e \u00e0 d\u00e9clarer et \u00e0 faciliter l&rsquo;identification des diff\u00e9rents mat\u00e9riaux dont l&#8217;emballage est compos\u00e9. Dans tous les cas, pour une \u00e9limination correcte, il est recommand\u00e9 de v\u00e9rifier les r\u00e9glementations de votre municipalit\u00e9.<\/p>\t\t\t\t\t\t\t\t<\/div>\n\t\t\t\t<\/div>\n\t\t\t\t\t<\/div>\n\t\t<\/div>\n\t\t\t\t\t<\/div>\n\t\t<\/section>\n\t\t\t\t<section class=\"elementor-section elementor-top-section elementor-element elementor-element-7265be3 elementor-section-boxed elementor-section-height-default elementor-section-height-default\" data-id=\"7265be3\" data-element_type=\"section\">\n\t\t\t\t\t\t<div class=\"elementor-container elementor-column-gap-default\">\n\t\t\t\t\t<div class=\"elementor-column elementor-col-33 elementor-top-column elementor-element elementor-element-f7637d0\" data-id=\"f7637d0\" data-element_type=\"column\">\n\t\t\t<div class=\"elementor-widget-wrap elementor-element-populated\">\n\t\t\t\t\t\t<div class=\"elementor-element elementor-element-decd85a elementor-widget elementor-widget-image\" data-id=\"decd85a\" data-element_type=\"widget\" data-widget_type=\"image.default\">\n\t\t\t\t<div class=\"elementor-widget-container\">\n\t\t\t\t\t\t\t\t\t\t\t\t\t\t\t<img fetchpriority=\"high\" decoding=\"async\" width=\"800\" height=\"1135\" src=\"https:\/\/www.fiamitalia.it\/wp-content\/uploads\/2024\/05\/FEA_01-846x1200.jpg\" class=\"attachment-large size-large wp-image-49189\" alt=\"\" srcset=\"https:\/\/www.fiamitalia.it\/wp-content\/uploads\/2024\/05\/FEA_01-846x1200.jpg 846w, https:\/\/www.fiamitalia.it\/wp-content\/uploads\/2024\/05\/FEA_01-423x600.jpg 423w, https:\/\/www.fiamitalia.it\/wp-content\/uploads\/2024\/05\/FEA_01-768x1090.jpg 768w, https:\/\/www.fiamitalia.it\/wp-content\/uploads\/2024\/05\/FEA_01.jpg 874w\" sizes=\"(max-width: 800px) 100vw, 800px\" \/>\t\t\t\t\t\t\t\t\t\t\t\t\t\t\t<\/div>\n\t\t\t\t<\/div>\n\t\t\t\t\t<\/div>\n\t\t<\/div>\n\t\t\t\t<div class=\"elementor-column elementor-col-33 elementor-top-column elementor-element elementor-element-c0fc0dd\" data-id=\"c0fc0dd\" data-element_type=\"column\">\n\t\t\t<div class=\"elementor-widget-wrap elementor-element-populated\">\n\t\t\t\t\t\t<div class=\"elementor-element elementor-element-a625c66 elementor-widget elementor-widget-image\" data-id=\"a625c66\" data-element_type=\"widget\" data-widget_type=\"image.default\">\n\t\t\t\t<div class=\"elementor-widget-container\">\n\t\t\t\t\t\t\t\t\t\t\t\t\t\t\t<img decoding=\"async\" width=\"800\" height=\"1135\" src=\"https:\/\/www.fiamitalia.it\/wp-content\/uploads\/2024\/05\/FEA_02-846x1200.jpg\" class=\"attachment-large size-large wp-image-49193\" alt=\"\" srcset=\"https:\/\/www.fiamitalia.it\/wp-content\/uploads\/2024\/05\/FEA_02-846x1200.jpg 846w, https:\/\/www.fiamitalia.it\/wp-content\/uploads\/2024\/05\/FEA_02-423x600.jpg 423w, https:\/\/www.fiamitalia.it\/wp-content\/uploads\/2024\/05\/FEA_02-768x1090.jpg 768w, https:\/\/www.fiamitalia.it\/wp-content\/uploads\/2024\/05\/FEA_02.jpg 874w\" sizes=\"(max-width: 800px) 100vw, 800px\" \/>\t\t\t\t\t\t\t\t\t\t\t\t\t\t\t<\/div>\n\t\t\t\t<\/div>\n\t\t\t\t\t<\/div>\n\t\t<\/div>\n\t\t\t\t<div class=\"elementor-column elementor-col-33 elementor-top-column elementor-element elementor-element-f5e8459\" data-id=\"f5e8459\" data-element_type=\"column\">\n\t\t\t<div class=\"elementor-widget-wrap elementor-element-populated\">\n\t\t\t\t\t\t<div class=\"elementor-element elementor-element-9832fd6 elementor-widget elementor-widget-image\" data-id=\"9832fd6\" data-element_type=\"widget\" data-widget_type=\"image.default\">\n\t\t\t\t<div class=\"elementor-widget-container\">\n\t\t\t\t\t\t\t\t\t\t\t\t\t\t\t<img decoding=\"async\" width=\"800\" height=\"1135\" src=\"https:\/\/www.fiamitalia.it\/wp-content\/uploads\/2024\/05\/FEA_03-846x1200.jpg\" class=\"attachment-large size-large wp-image-49197\" alt=\"\" srcset=\"https:\/\/www.fiamitalia.it\/wp-content\/uploads\/2024\/05\/FEA_03-846x1200.jpg 846w, https:\/\/www.fiamitalia.it\/wp-content\/uploads\/2024\/05\/FEA_03-423x600.jpg 423w, https:\/\/www.fiamitalia.it\/wp-content\/uploads\/2024\/05\/FEA_03-768x1090.jpg 768w, https:\/\/www.fiamitalia.it\/wp-content\/uploads\/2024\/05\/FEA_03.jpg 874w\" sizes=\"(max-width: 800px) 100vw, 800px\" \/>\t\t\t\t\t\t\t\t\t\t\t\t\t\t\t<\/div>\n\t\t\t\t<\/div>\n\t\t\t\t\t<\/div>\n\t\t<\/div>\n\t\t\t\t\t<\/div>\n\t\t<\/section>\n\t\t\t\t<\/div>\n\t\t","protected":false},"excerpt":{"rendered":"<p>Elimination Objet: \u00e9limination des emballages et des produits en fin de vie Pour une \u00e9limination correcte des emballages et des produits en fin de vie, il est recommand\u00e9 de v\u00e9rifier les r\u00e9glementations en vigueur dans votre municipalit\u00e9. Les emballages doivent \u00eatre collect\u00e9s et transport\u00e9s, qu&rsquo;ils soient recyclables ou non selon la technologie actuelle, vers des [&hellip;]<\/p>\n","protected":false},"author":2,"featured_media":0,"parent":0,"menu_order":0,"comment_status":"closed","ping_status":"closed","template":"","meta":{"_acf_changed":false,"footnotes":""},"class_list":["post-49212","page","type-page","status-publish","hentry"],"acf":[],"yoast_head":"<!-- This site is optimized with the Yoast SEO plugin v25.8 - https:\/\/yoast.com\/wordpress\/plugins\/seo\/ -->\n<title>Elimination - Fiam Italia<\/title>\n<meta name=\"robots\" content=\"index, follow, max-snippet:-1, max-image-preview:large, max-video-preview:-1\" \/>\n<link rel=\"canonical\" href=\"https:\/\/www.fiamitalia.it\/fr\/elimination\/\" \/>\n<meta property=\"og:locale\" content=\"fr_FR\" \/>\n<meta property=\"og:type\" content=\"article\" \/>\n<meta property=\"og:title\" content=\"Elimination - Fiam Italia\" \/>\n<meta property=\"og:description\" content=\"Elimination Objet: \u00e9limination des emballages et des produits en fin de vie Pour une \u00e9limination correcte des emballages et des produits en fin de vie, il est recommand\u00e9 de v\u00e9rifier les r\u00e9glementations en vigueur dans votre municipalit\u00e9. Les emballages doivent \u00eatre collect\u00e9s et transport\u00e9s, qu&rsquo;ils soient recyclables ou non selon la technologie actuelle, vers des [&hellip;]\" \/>\n<meta property=\"og:url\" content=\"https:\/\/www.fiamitalia.it\/fr\/elimination\/\" \/>\n<meta property=\"og:site_name\" content=\"Fiam Italia\" \/>\n<meta property=\"article:publisher\" content=\"https:\/\/www.facebook.com\/fiamitalia\/\" \/>\n<meta property=\"og:image\" content=\"https:\/\/www.fiamitalia.it\/wp-content\/uploads\/2024\/05\/FEA_01-846x1200.jpg\" \/>\n<meta name=\"twitter:card\" content=\"summary_large_image\" \/>\n<meta name=\"twitter:label1\" content=\"Dur\u00e9e de lecture estim\u00e9e\" \/>\n\t<meta name=\"twitter:data1\" content=\"2 minutes\" \/>\n<script type=\"application\/ld+json\" class=\"yoast-schema-graph\">{\"@context\":\"https:\/\/schema.org\",\"@graph\":[{\"@type\":\"WebPage\",\"@id\":\"https:\/\/www.fiamitalia.it\/fr\/elimination\/\",\"url\":\"https:\/\/www.fiamitalia.it\/fr\/elimination\/\",\"name\":\"Elimination - Fiam Italia\",\"isPartOf\":{\"@id\":\"https:\/\/www.fiamitalia.it\/fr\/#website\"},\"primaryImageOfPage\":{\"@id\":\"https:\/\/www.fiamitalia.it\/fr\/elimination\/#primaryimage\"},\"image\":{\"@id\":\"https:\/\/www.fiamitalia.it\/fr\/elimination\/#primaryimage\"},\"thumbnailUrl\":\"https:\/\/www.fiamitalia.it\/wp-content\/uploads\/2024\/05\/FEA_01-846x1200.jpg\",\"datePublished\":\"2024-06-24T13:07:02+00:00\",\"breadcrumb\":{\"@id\":\"https:\/\/www.fiamitalia.it\/fr\/elimination\/#breadcrumb\"},\"inLanguage\":\"fr-FR\",\"potentialAction\":[{\"@type\":\"ReadAction\",\"target\":[\"https:\/\/www.fiamitalia.it\/fr\/elimination\/\"]}]},{\"@type\":\"ImageObject\",\"inLanguage\":\"fr-FR\",\"@id\":\"https:\/\/www.fiamitalia.it\/fr\/elimination\/#primaryimage\",\"url\":\"https:\/\/www.fiamitalia.it\/wp-content\/uploads\/2024\/05\/FEA_01-846x1200.jpg\",\"contentUrl\":\"https:\/\/www.fiamitalia.it\/wp-content\/uploads\/2024\/05\/FEA_01-846x1200.jpg\"},{\"@type\":\"BreadcrumbList\",\"@id\":\"https:\/\/www.fiamitalia.it\/fr\/elimination\/#breadcrumb\",\"itemListElement\":[{\"@type\":\"ListItem\",\"position\":1,\"name\":\"Home\",\"item\":\"https:\/\/www.fiamitalia.it\/fr\/\"},{\"@type\":\"ListItem\",\"position\":2,\"name\":\"Elimination\"}]},{\"@type\":\"WebSite\",\"@id\":\"https:\/\/www.fiamitalia.it\/fr\/#website\",\"url\":\"https:\/\/www.fiamitalia.it\/fr\/\",\"name\":\"Fiam Italia\",\"description\":\"Da oltre 40 anni FIAM \u00e8 sinonimo di cultura del vetro a livello globale e produce elementi di arredo in vetro curvato di design. Scopri di pi\u00f9 sul sito!\",\"publisher\":{\"@id\":\"https:\/\/www.fiamitalia.it\/fr\/#organization\"},\"potentialAction\":[{\"@type\":\"SearchAction\",\"target\":{\"@type\":\"EntryPoint\",\"urlTemplate\":\"https:\/\/www.fiamitalia.it\/fr\/?s={search_term_string}\"},\"query-input\":{\"@type\":\"PropertyValueSpecification\",\"valueRequired\":true,\"valueName\":\"search_term_string\"}}],\"inLanguage\":\"fr-FR\"},{\"@type\":\"Organization\",\"@id\":\"https:\/\/www.fiamitalia.it\/fr\/#organization\",\"name\":\"Fiam Italia\",\"url\":\"https:\/\/www.fiamitalia.it\/fr\/\",\"logo\":{\"@type\":\"ImageObject\",\"inLanguage\":\"fr-FR\",\"@id\":\"https:\/\/www.fiamitalia.it\/fr\/#\/schema\/logo\/image\/\",\"url\":\"https:\/\/www.fiamitalia.it\/wp-content\/uploads\/2023\/03\/cropped-Fiam_quadr_bn_Outline.png\",\"contentUrl\":\"https:\/\/www.fiamitalia.it\/wp-content\/uploads\/2023\/03\/cropped-Fiam_quadr_bn_Outline.png\",\"width\":945,\"height\":945,\"caption\":\"Fiam Italia\"},\"image\":{\"@id\":\"https:\/\/www.fiamitalia.it\/fr\/#\/schema\/logo\/image\/\"},\"sameAs\":[\"https:\/\/www.facebook.com\/fiamitalia\/\",\"https:\/\/www.instagram.com\/fiamitalia_official\/\",\"https:\/\/pinterest.com\/fiamitalia_\/\",\"https:\/\/www.linkedin.com\/company\/1658601\/\",\"https:\/\/www.youtube.com\/user\/FiamItalia\/\"]}]}<\/script>\n<!-- \/ Yoast SEO plugin. -->","yoast_head_json":{"title":"Elimination - Fiam Italia","robots":{"index":"index","follow":"follow","max-snippet":"max-snippet:-1","max-image-preview":"max-image-preview:large","max-video-preview":"max-video-preview:-1"},"canonical":"https:\/\/www.fiamitalia.it\/fr\/elimination\/","og_locale":"fr_FR","og_type":"article","og_title":"Elimination - Fiam Italia","og_description":"Elimination Objet: \u00e9limination des emballages et des produits en fin de vie Pour une \u00e9limination correcte des emballages et des produits en fin de vie, il est recommand\u00e9 de v\u00e9rifier les r\u00e9glementations en vigueur dans votre municipalit\u00e9. Les emballages doivent \u00eatre collect\u00e9s et transport\u00e9s, qu&rsquo;ils soient recyclables ou non selon la technologie actuelle, vers des [&hellip;]","og_url":"https:\/\/www.fiamitalia.it\/fr\/elimination\/","og_site_name":"Fiam Italia","article_publisher":"https:\/\/www.facebook.com\/fiamitalia\/","og_image":[{"url":"https:\/\/www.fiamitalia.it\/wp-content\/uploads\/2024\/05\/FEA_01-846x1200.jpg","type":"","width":"","height":""}],"twitter_card":"summary_large_image","twitter_misc":{"Dur\u00e9e de lecture estim\u00e9e":"2 minutes"},"schema":{"@context":"https:\/\/schema.org","@graph":[{"@type":"WebPage","@id":"https:\/\/www.fiamitalia.it\/fr\/elimination\/","url":"https:\/\/www.fiamitalia.it\/fr\/elimination\/","name":"Elimination - Fiam Italia","isPartOf":{"@id":"https:\/\/www.fiamitalia.it\/fr\/#website"},"primaryImageOfPage":{"@id":"https:\/\/www.fiamitalia.it\/fr\/elimination\/#primaryimage"},"image":{"@id":"https:\/\/www.fiamitalia.it\/fr\/elimination\/#primaryimage"},"thumbnailUrl":"https:\/\/www.fiamitalia.it\/wp-content\/uploads\/2024\/05\/FEA_01-846x1200.jpg","datePublished":"2024-06-24T13:07:02+00:00","breadcrumb":{"@id":"https:\/\/www.fiamitalia.it\/fr\/elimination\/#breadcrumb"},"inLanguage":"fr-FR","potentialAction":[{"@type":"ReadAction","target":["https:\/\/www.fiamitalia.it\/fr\/elimination\/"]}]},{"@type":"ImageObject","inLanguage":"fr-FR","@id":"https:\/\/www.fiamitalia.it\/fr\/elimination\/#primaryimage","url":"https:\/\/www.fiamitalia.it\/wp-content\/uploads\/2024\/05\/FEA_01-846x1200.jpg","contentUrl":"https:\/\/www.fiamitalia.it\/wp-content\/uploads\/2024\/05\/FEA_01-846x1200.jpg"},{"@type":"BreadcrumbList","@id":"https:\/\/www.fiamitalia.it\/fr\/elimination\/#breadcrumb","itemListElement":[{"@type":"ListItem","position":1,"name":"Home","item":"https:\/\/www.fiamitalia.it\/fr\/"},{"@type":"ListItem","position":2,"name":"Elimination"}]},{"@type":"WebSite","@id":"https:\/\/www.fiamitalia.it\/fr\/#website","url":"https:\/\/www.fiamitalia.it\/fr\/","name":"Fiam Italia","description":"Da oltre 40 anni FIAM \u00e8 sinonimo di cultura del vetro a livello globale e produce elementi di arredo in vetro curvato di design. Scopri di pi\u00f9 sul sito!","publisher":{"@id":"https:\/\/www.fiamitalia.it\/fr\/#organization"},"potentialAction":[{"@type":"SearchAction","target":{"@type":"EntryPoint","urlTemplate":"https:\/\/www.fiamitalia.it\/fr\/?s={search_term_string}"},"query-input":{"@type":"PropertyValueSpecification","valueRequired":true,"valueName":"search_term_string"}}],"inLanguage":"fr-FR"},{"@type":"Organization","@id":"https:\/\/www.fiamitalia.it\/fr\/#organization","name":"Fiam Italia","url":"https:\/\/www.fiamitalia.it\/fr\/","logo":{"@type":"ImageObject","inLanguage":"fr-FR","@id":"https:\/\/www.fiamitalia.it\/fr\/#\/schema\/logo\/image\/","url":"https:\/\/www.fiamitalia.it\/wp-content\/uploads\/2023\/03\/cropped-Fiam_quadr_bn_Outline.png","contentUrl":"https:\/\/www.fiamitalia.it\/wp-content\/uploads\/2023\/03\/cropped-Fiam_quadr_bn_Outline.png","width":945,"height":945,"caption":"Fiam Italia"},"image":{"@id":"https:\/\/www.fiamitalia.it\/fr\/#\/schema\/logo\/image\/"},"sameAs":["https:\/\/www.facebook.com\/fiamitalia\/","https:\/\/www.instagram.com\/fiamitalia_official\/","https:\/\/pinterest.com\/fiamitalia_\/","https:\/\/www.linkedin.com\/company\/1658601\/","https:\/\/www.youtube.com\/user\/FiamItalia\/"]}]}},"_links":{"self":[{"href":"https:\/\/www.fiamitalia.it\/fr\/wp-json\/wp\/v2\/pages\/49212","targetHints":{"allow":["GET"]}}],"collection":[{"href":"https:\/\/www.fiamitalia.it\/fr\/wp-json\/wp\/v2\/pages"}],"about":[{"href":"https:\/\/www.fiamitalia.it\/fr\/wp-json\/wp\/v2\/types\/page"}],"author":[{"embeddable":true,"href":"https:\/\/www.fiamitalia.it\/fr\/wp-json\/wp\/v2\/users\/2"}],"replies":[{"embeddable":true,"href":"https:\/\/www.fiamitalia.it\/fr\/wp-json\/wp\/v2\/comments?post=49212"}],"version-history":[{"count":12,"href":"https:\/\/www.fiamitalia.it\/fr\/wp-json\/wp\/v2\/pages\/49212\/revisions"}],"predecessor-version":[{"id":49624,"href":"https:\/\/www.fiamitalia.it\/fr\/wp-json\/wp\/v2\/pages\/49212\/revisions\/49624"}],"wp:attachment":[{"href":"https:\/\/www.fiamitalia.it\/fr\/wp-json\/wp\/v2\/media?parent=49212"}],"curies":[{"name":"wp","href":"https:\/\/api.w.org\/{rel}","templated":true}]}}