{"id":38782,"date":"2023-05-10T14:07:55","date_gmt":"2023-05-10T14:07:55","guid":{"rendered":"https:\/\/www.fiamitalia.it\/test-it\/"},"modified":"2023-10-24T08:16:49","modified_gmt":"2023-10-24T08:16:49","slug":"test-it","status":"publish","type":"page","link":"https:\/\/www.fiamitalia.it\/fr\/test-it\/","title":{"rendered":"test IT"},"content":{"rendered":"\t\t<div data-elementor-type=\"wp-page\" data-elementor-id=\"38782\" class=\"elementor elementor-38782 elementor-38768\" data-elementor-post-type=\"page\">\n\t\t\t\t\t\t<section class=\"elementor-section elementor-top-section elementor-element elementor-element-4f413e9 elementor-section-full_width elementor-section-height-default elementor-section-height-default\" data-id=\"4f413e9\" data-element_type=\"section\">\n\t\t\t\t\t\t<div class=\"elementor-container elementor-column-gap-default\">\n\t\t\t\t\t<div class=\"elementor-column elementor-col-100 elementor-top-column elementor-element elementor-element-1dc8a77\" data-id=\"1dc8a77\" data-element_type=\"column\">\n\t\t\t<div class=\"elementor-widget-wrap elementor-element-populated\">\n\t\t\t\t\t\t<div class=\"elementor-element elementor-element-ff08837 elementor-widget elementor-widget-template\" data-id=\"ff08837\" data-element_type=\"widget\" data-widget_type=\"template.default\">\n\t\t\t\t<div class=\"elementor-widget-container\">\n\t\t\t\t\t\t\t<div class=\"elementor-template\">\n\t\t\t\t\t<div data-elementor-type=\"section\" data-elementor-id=\"36905\" class=\"elementor elementor-36905 elementor-28486\" data-elementor-post-type=\"elementor_library\">\n\t\t\t\t\t<section class=\"elementor-section elementor-top-section elementor-element elementor-element-494c9122 elementor-section-height-min-height elementor-section-items-bottom elementor-section-boxed elementor-section-height-default\" data-id=\"494c9122\" data-element_type=\"section\" data-settings=\"{&quot;background_background&quot;:&quot;classic&quot;}\">\n\t\t\t\t\t\t\t<div class=\"elementor-background-overlay\"><\/div>\n\t\t\t\t\t\t\t<div class=\"elementor-container elementor-column-gap-default\">\n\t\t\t\t\t<div class=\"elementor-column elementor-col-100 elementor-top-column elementor-element elementor-element-39720770\" data-id=\"39720770\" data-element_type=\"column\">\n\t\t\t<div class=\"elementor-widget-wrap elementor-element-populated\">\n\t\t\t\t\t\t<div class=\"elementor-element elementor-element-41462d78 elementor-widget__width-inherit elementor-widget elementor-widget-heading\" data-id=\"41462d78\" data-element_type=\"widget\" data-widget_type=\"heading.default\">\n\t\t\t\t<div class=\"elementor-widget-container\">\n\t\t\t\t\t<h1 class=\"elementor-heading-title elementor-size-default\"><a href=\"https:\/\/www.fiamitalia.it\/fr\/incroyablement-verre\/\">Passion pour la mati\u00e8re <\/a><\/h1>\t\t\t\t<\/div>\n\t\t\t\t<\/div>\n\t\t\t\t<div class=\"elementor-element elementor-element-2c8e4c0b elementor-widget elementor-widget-text-editor\" data-id=\"2c8e4c0b\" data-element_type=\"widget\" data-widget_type=\"text-editor.default\">\n\t\t\t\t<div class=\"elementor-widget-container\">\n\t\t\t\t\t\t\t\t\tNous avons d\u00e9cid\u00e9 de ne pas nous arr\u00eater, nous avons explor\u00e9 le mat\u00e9riel, nous avons r\u00e9alis\u00e9 que la transparence n&rsquo;est qu&rsquo;une condition.\n\n\t\t\t\t\t\t\t\t<\/div>\n\t\t\t\t<\/div>\n\t\t\t\t\t<\/div>\n\t\t<\/div>\n\t\t\t\t\t<\/div>\n\t\t<\/section>\n\t\t\t\t<\/div>\n\t\t\t\t<\/div>\n\t\t\t\t\t\t<\/div>\n\t\t\t\t<\/div>\n\t\t\t\t<div class=\"elementor-element elementor-element-84862df elementor-widget elementor-widget-template\" data-id=\"84862df\" data-element_type=\"widget\" data-widget_type=\"template.default\">\n\t\t\t\t<div class=\"elementor-widget-container\">\n\t\t\t\t\t\t\t<div class=\"elementor-template\">\n\t\t\t\t\t<div data-elementor-type=\"section\" data-elementor-id=\"36970\" class=\"elementor elementor-36970 elementor-28572\" data-elementor-post-type=\"elementor_library\">\n\t\t\t\t\t<section class=\"elementor-section elementor-top-section elementor-element elementor-element-494c9122 elementor-section-height-min-height elementor-section-items-bottom elementor-section-boxed elementor-section-height-default\" data-id=\"494c9122\" data-element_type=\"section\" data-settings=\"{&quot;background_background&quot;:&quot;classic&quot;}\">\n\t\t\t\t\t\t\t<div class=\"elementor-background-overlay\"><\/div>\n\t\t\t\t\t\t\t<div class=\"elementor-container elementor-column-gap-default\">\n\t\t\t\t\t<div class=\"elementor-column elementor-col-100 elementor-top-column elementor-element elementor-element-39720770\" data-id=\"39720770\" data-element_type=\"column\">\n\t\t\t<div class=\"elementor-widget-wrap elementor-element-populated\">\n\t\t\t\t\t\t<div class=\"elementor-element elementor-element-41462d78 elementor-widget__width-inherit elementor-widget elementor-widget-heading\" data-id=\"41462d78\" data-element_type=\"widget\" data-widget_type=\"heading.default\">\n\t\t\t\t<div class=\"elementor-widget-container\">\n\t\t\t\t\t<h2 class=\"elementor-heading-title elementor-size-default\"><a href=\"https:\/\/www.fiamitalia.it\/salone-2023\/\">Salone del Mobile 2023<\/a><\/h2>\t\t\t\t<\/div>\n\t\t\t\t<\/div>\n\t\t\t\t<div class=\"elementor-element elementor-element-2c8e4c0b elementor-widget elementor-widget-text-editor\" data-id=\"2c8e4c0b\" data-element_type=\"widget\" data-widget_type=\"text-editor.default\">\n\t\t\t\t<div class=\"elementor-widget-container\">\n\t\t\t\t\t\t\t\t\t18_23.04.2023 &#8211; hall 5 stand B11\t\t\t\t\t\t\t\t<\/div>\n\t\t\t\t<\/div>\n\t\t\t\t<div class=\"elementor-element elementor-element-2b8a0b0 elementor-align-center elementor-widget elementor-widget-button\" data-id=\"2b8a0b0\" data-element_type=\"widget\" data-widget_type=\"button.default\">\n\t\t\t\t<div class=\"elementor-widget-container\">\n\t\t\t\t\t\t\t\t\t<div class=\"elementor-button-wrapper\">\n\t\t\t\t\t<a class=\"wk_pulsante_bianco elementor-button elementor-button-link elementor-size-sm\" href=\"https:\/\/www.fiamitalia.it\/fr\/salone-2023\/\">\n\t\t\t\t\t\t<span class=\"elementor-button-content-wrapper\">\n\t\t\t\t\t\t\t\t\t<span class=\"elementor-button-text\">d\u00e9couvrir plus<\/span>\n\t\t\t\t\t<\/span>\n\t\t\t\t\t<\/a>\n\t\t\t\t<\/div>\n\t\t\t\t\t\t\t\t<\/div>\n\t\t\t\t<\/div>\n\t\t\t\t\t<\/div>\n\t\t<\/div>\n\t\t\t\t\t<\/div>\n\t\t<\/section>\n\t\t\t\t<\/div>\n\t\t\t\t<\/div>\n\t\t\t\t\t\t<\/div>\n\t\t\t\t<\/div>\n\t\t\t\t\t<\/div>\n\t\t<\/div>\n\t\t\t\t\t<\/div>\n\t\t<\/section>\n\t\t\t\t<\/div>\n\t\t","protected":false},"excerpt":{"rendered":"","protected":false},"author":1,"featured_media":0,"parent":0,"menu_order":0,"comment_status":"closed","ping_status":"closed","template":"page-test.php","meta":{"_acf_changed":false,"footnotes":""},"class_list":["post-38782","page","type-page","status-publish","hentry"],"acf":[],"yoast_head":"<!-- This site is optimized with the Yoast SEO plugin v25.8 - https:\/\/yoast.com\/wordpress\/plugins\/seo\/ -->\n<title>test IT - Fiam Italia<\/title>\n<meta name=\"robots\" content=\"index, follow, max-snippet:-1, max-image-preview:large, max-video-preview:-1\" \/>\n<link rel=\"canonical\" href=\"https:\/\/www.fiamitalia.it\/fr\/test-it\/\" \/>\n<meta property=\"og:locale\" content=\"fr_FR\" \/>\n<meta property=\"og:type\" content=\"article\" \/>\n<meta property=\"og:title\" content=\"test IT - Fiam Italia\" \/>\n<meta property=\"og:url\" content=\"https:\/\/www.fiamitalia.it\/fr\/test-it\/\" \/>\n<meta property=\"og:site_name\" content=\"Fiam Italia\" \/>\n<meta property=\"article:publisher\" content=\"https:\/\/www.facebook.com\/fiamitalia\/\" \/>\n<meta property=\"article:modified_time\" content=\"2023-10-24T08:16:49+00:00\" \/>\n<meta name=\"twitter:card\" content=\"summary_large_image\" \/>\n<script type=\"application\/ld+json\" class=\"yoast-schema-graph\">{\"@context\":\"https:\/\/schema.org\",\"@graph\":[{\"@type\":\"WebPage\",\"@id\":\"https:\/\/www.fiamitalia.it\/fr\/test-it\/\",\"url\":\"https:\/\/www.fiamitalia.it\/fr\/test-it\/\",\"name\":\"test IT - Fiam Italia\",\"isPartOf\":{\"@id\":\"https:\/\/www.fiamitalia.it\/fr\/#website\"},\"datePublished\":\"2023-05-10T14:07:55+00:00\",\"dateModified\":\"2023-10-24T08:16:49+00:00\",\"breadcrumb\":{\"@id\":\"https:\/\/www.fiamitalia.it\/fr\/test-it\/#breadcrumb\"},\"inLanguage\":\"fr-FR\",\"potentialAction\":[{\"@type\":\"ReadAction\",\"target\":[\"https:\/\/www.fiamitalia.it\/fr\/test-it\/\"]}]},{\"@type\":\"BreadcrumbList\",\"@id\":\"https:\/\/www.fiamitalia.it\/fr\/test-it\/#breadcrumb\",\"itemListElement\":[{\"@type\":\"ListItem\",\"position\":1,\"name\":\"Home\",\"item\":\"https:\/\/www.fiamitalia.it\/fr\/\"},{\"@type\":\"ListItem\",\"position\":2,\"name\":\"test IT\"}]},{\"@type\":\"WebSite\",\"@id\":\"https:\/\/www.fiamitalia.it\/fr\/#website\",\"url\":\"https:\/\/www.fiamitalia.it\/fr\/\",\"name\":\"Fiam Italia\",\"description\":\"Da oltre 40 anni FIAM \u00e8 sinonimo di cultura del vetro a livello globale e produce elementi di arredo in vetro curvato di design. Scopri di pi\u00f9 sul sito!\",\"publisher\":{\"@id\":\"https:\/\/www.fiamitalia.it\/fr\/#organization\"},\"potentialAction\":[{\"@type\":\"SearchAction\",\"target\":{\"@type\":\"EntryPoint\",\"urlTemplate\":\"https:\/\/www.fiamitalia.it\/fr\/?s={search_term_string}\"},\"query-input\":{\"@type\":\"PropertyValueSpecification\",\"valueRequired\":true,\"valueName\":\"search_term_string\"}}],\"inLanguage\":\"fr-FR\"},{\"@type\":\"Organization\",\"@id\":\"https:\/\/www.fiamitalia.it\/fr\/#organization\",\"name\":\"Fiam Italia\",\"url\":\"https:\/\/www.fiamitalia.it\/fr\/\",\"logo\":{\"@type\":\"ImageObject\",\"inLanguage\":\"fr-FR\",\"@id\":\"https:\/\/www.fiamitalia.it\/fr\/#\/schema\/logo\/image\/\",\"url\":\"https:\/\/www.fiamitalia.it\/wp-content\/uploads\/2023\/03\/cropped-Fiam_quadr_bn_Outline.png\",\"contentUrl\":\"https:\/\/www.fiamitalia.it\/wp-content\/uploads\/2023\/03\/cropped-Fiam_quadr_bn_Outline.png\",\"width\":945,\"height\":945,\"caption\":\"Fiam Italia\"},\"image\":{\"@id\":\"https:\/\/www.fiamitalia.it\/fr\/#\/schema\/logo\/image\/\"},\"sameAs\":[\"https:\/\/www.facebook.com\/fiamitalia\/\",\"https:\/\/www.instagram.com\/fiamitalia_official\/\",\"https:\/\/pinterest.com\/fiamitalia_\/\",\"https:\/\/www.linkedin.com\/company\/1658601\/\",\"https:\/\/www.youtube.com\/user\/FiamItalia\/\"]}]}<\/script>\n<!-- \/ Yoast SEO plugin. -->","yoast_head_json":{"title":"test IT - Fiam Italia","robots":{"index":"index","follow":"follow","max-snippet":"max-snippet:-1","max-image-preview":"max-image-preview:large","max-video-preview":"max-video-preview:-1"},"canonical":"https:\/\/www.fiamitalia.it\/fr\/test-it\/","og_locale":"fr_FR","og_type":"article","og_title":"test IT - Fiam Italia","og_url":"https:\/\/www.fiamitalia.it\/fr\/test-it\/","og_site_name":"Fiam Italia","article_publisher":"https:\/\/www.facebook.com\/fiamitalia\/","article_modified_time":"2023-10-24T08:16:49+00:00","twitter_card":"summary_large_image","schema":{"@context":"https:\/\/schema.org","@graph":[{"@type":"WebPage","@id":"https:\/\/www.fiamitalia.it\/fr\/test-it\/","url":"https:\/\/www.fiamitalia.it\/fr\/test-it\/","name":"test IT - Fiam Italia","isPartOf":{"@id":"https:\/\/www.fiamitalia.it\/fr\/#website"},"datePublished":"2023-05-10T14:07:55+00:00","dateModified":"2023-10-24T08:16:49+00:00","breadcrumb":{"@id":"https:\/\/www.fiamitalia.it\/fr\/test-it\/#breadcrumb"},"inLanguage":"fr-FR","potentialAction":[{"@type":"ReadAction","target":["https:\/\/www.fiamitalia.it\/fr\/test-it\/"]}]},{"@type":"BreadcrumbList","@id":"https:\/\/www.fiamitalia.it\/fr\/test-it\/#breadcrumb","itemListElement":[{"@type":"ListItem","position":1,"name":"Home","item":"https:\/\/www.fiamitalia.it\/fr\/"},{"@type":"ListItem","position":2,"name":"test IT"}]},{"@type":"WebSite","@id":"https:\/\/www.fiamitalia.it\/fr\/#website","url":"https:\/\/www.fiamitalia.it\/fr\/","name":"Fiam Italia","description":"Da oltre 40 anni FIAM \u00e8 sinonimo di cultura del vetro a livello globale e produce elementi di arredo in vetro curvato di design. Scopri di pi\u00f9 sul sito!","publisher":{"@id":"https:\/\/www.fiamitalia.it\/fr\/#organization"},"potentialAction":[{"@type":"SearchAction","target":{"@type":"EntryPoint","urlTemplate":"https:\/\/www.fiamitalia.it\/fr\/?s={search_term_string}"},"query-input":{"@type":"PropertyValueSpecification","valueRequired":true,"valueName":"search_term_string"}}],"inLanguage":"fr-FR"},{"@type":"Organization","@id":"https:\/\/www.fiamitalia.it\/fr\/#organization","name":"Fiam Italia","url":"https:\/\/www.fiamitalia.it\/fr\/","logo":{"@type":"ImageObject","inLanguage":"fr-FR","@id":"https:\/\/www.fiamitalia.it\/fr\/#\/schema\/logo\/image\/","url":"https:\/\/www.fiamitalia.it\/wp-content\/uploads\/2023\/03\/cropped-Fiam_quadr_bn_Outline.png","contentUrl":"https:\/\/www.fiamitalia.it\/wp-content\/uploads\/2023\/03\/cropped-Fiam_quadr_bn_Outline.png","width":945,"height":945,"caption":"Fiam Italia"},"image":{"@id":"https:\/\/www.fiamitalia.it\/fr\/#\/schema\/logo\/image\/"},"sameAs":["https:\/\/www.facebook.com\/fiamitalia\/","https:\/\/www.instagram.com\/fiamitalia_official\/","https:\/\/pinterest.com\/fiamitalia_\/","https:\/\/www.linkedin.com\/company\/1658601\/","https:\/\/www.youtube.com\/user\/FiamItalia\/"]}]}},"_links":{"self":[{"href":"https:\/\/www.fiamitalia.it\/fr\/wp-json\/wp\/v2\/pages\/38782","targetHints":{"allow":["GET"]}}],"collection":[{"href":"https:\/\/www.fiamitalia.it\/fr\/wp-json\/wp\/v2\/pages"}],"about":[{"href":"https:\/\/www.fiamitalia.it\/fr\/wp-json\/wp\/v2\/types\/page"}],"author":[{"embeddable":true,"href":"https:\/\/www.fiamitalia.it\/fr\/wp-json\/wp\/v2\/users\/1"}],"replies":[{"embeddable":true,"href":"https:\/\/www.fiamitalia.it\/fr\/wp-json\/wp\/v2\/comments?post=38782"}],"version-history":[{"count":3,"href":"https:\/\/www.fiamitalia.it\/fr\/wp-json\/wp\/v2\/pages\/38782\/revisions"}],"predecessor-version":[{"id":38877,"href":"https:\/\/www.fiamitalia.it\/fr\/wp-json\/wp\/v2\/pages\/38782\/revisions\/38877"}],"wp:attachment":[{"href":"https:\/\/www.fiamitalia.it\/fr\/wp-json\/wp\/v2\/media?parent=38782"}],"curies":[{"name":"wp","href":"https:\/\/api.w.org\/{rel}","templated":true}]}}