{"id":34188,"date":"2022-12-20T17:17:26","date_gmt":"2022-12-20T17:17:26","guid":{"rendered":"https:\/\/dev.fiamitalia.it\/outlet\/"},"modified":"2025-04-30T11:34:18","modified_gmt":"2025-04-30T11:34:18","slug":"outlet","status":"publish","type":"page","link":"https:\/\/www.fiamitalia.it\/fr\/outlet\/","title":{"rendered":"Outlet"},"content":{"rendered":"\t\t<div data-elementor-type=\"wp-page\" data-elementor-id=\"34188\" class=\"elementor elementor-34188 elementor-739\" data-elementor-post-type=\"page\">\n\t\t\t\t\t\t<section class=\"elementor-section elementor-top-section elementor-element elementor-element-2b0017e0 elementor-section-full_width elementor-section-height-min-height elementor-section-items-stretch elementor-section-height-default\" data-id=\"2b0017e0\" data-element_type=\"section\">\n\t\t\t\t\t\t<div class=\"elementor-container elementor-column-gap-default\">\n\t\t\t\t\t<div class=\"elementor-column elementor-col-100 elementor-top-column elementor-element elementor-element-5e151d16\" data-id=\"5e151d16\" data-element_type=\"column\">\n\t\t\t<div class=\"elementor-widget-wrap\">\n\t\t\t\t\t\t\t<\/div>\n\t\t<\/div>\n\t\t\t\t\t<\/div>\n\t\t<\/section>\n\t\t\t\t<section class=\"elementor-section elementor-top-section elementor-element elementor-element-c302fb9 elementor-section-boxed elementor-section-height-default elementor-section-height-default\" data-id=\"c302fb9\" data-element_type=\"section\">\n\t\t\t\t\t\t<div class=\"elementor-container elementor-column-gap-default\">\n\t\t\t\t\t<div class=\"elementor-column elementor-col-100 elementor-top-column elementor-element elementor-element-eaed760\" data-id=\"eaed760\" data-element_type=\"column\">\n\t\t\t<div class=\"elementor-widget-wrap elementor-element-populated\">\n\t\t\t\t\t\t<div class=\"elementor-element elementor-element-92414d0 elementor-widget elementor-widget-heading\" data-id=\"92414d0\" data-element_type=\"widget\" data-widget_type=\"heading.default\">\n\t\t\t\t<div class=\"elementor-widget-container\">\n\t\t\t\t\t<h2 class=\"elementor-heading-title elementor-size-default\">Fiam Design Outlet<\/h2>\t\t\t\t<\/div>\n\t\t\t\t<\/div>\n\t\t\t\t\t<\/div>\n\t\t<\/div>\n\t\t\t\t\t<\/div>\n\t\t<\/section>\n\t\t\t\t<section class=\"elementor-section elementor-top-section elementor-element elementor-element-5b53f80 elementor-section-boxed elementor-section-height-default elementor-section-height-default\" data-id=\"5b53f80\" data-element_type=\"section\">\n\t\t\t\t\t\t<div class=\"elementor-container elementor-column-gap-default\">\n\t\t\t\t\t<div class=\"elementor-column elementor-col-50 elementor-top-column elementor-element elementor-element-e7c06d1\" data-id=\"e7c06d1\" data-element_type=\"column\">\n\t\t\t<div class=\"elementor-widget-wrap elementor-element-populated\">\n\t\t\t\t\t\t<div class=\"elementor-element elementor-element-5812ab8 elementor-widget elementor-widget-heading\" data-id=\"5812ab8\" data-element_type=\"widget\" data-widget_type=\"heading.default\">\n\t\t\t\t<div class=\"elementor-widget-container\">\n\t\t\t\t\t<h2 class=\"elementor-heading-title elementor-size-default\">DESIGN ACCESSIBLE\n<\/h2>\t\t\t\t<\/div>\n\t\t\t\t<\/div>\n\t\t\t\t\t<\/div>\n\t\t<\/div>\n\t\t\t\t<div class=\"elementor-column elementor-col-50 elementor-top-column elementor-element elementor-element-acdcb6c\" data-id=\"acdcb6c\" data-element_type=\"column\">\n\t\t\t<div class=\"elementor-widget-wrap\">\n\t\t\t\t\t\t\t<\/div>\n\t\t<\/div>\n\t\t\t\t\t<\/div>\n\t\t<\/section>\n\t\t\t\t<section class=\"elementor-section elementor-top-section elementor-element elementor-element-2cb088d elementor-section-boxed elementor-section-height-default elementor-section-height-default\" data-id=\"2cb088d\" data-element_type=\"section\">\n\t\t\t\t\t\t<div class=\"elementor-container elementor-column-gap-default\">\n\t\t\t\t\t<div class=\"elementor-column elementor-col-33 elementor-top-column elementor-element elementor-element-45af556\" data-id=\"45af556\" data-element_type=\"column\">\n\t\t\t<div class=\"elementor-widget-wrap elementor-element-populated\">\n\t\t\t\t\t\t<div class=\"elementor-element elementor-element-51ab788 elementor-widget elementor-widget-text-editor\" data-id=\"51ab788\" data-element_type=\"widget\" data-widget_type=\"text-editor.default\">\n\t\t\t\t<div class=\"elementor-widget-container\">\n\t\t\t\t\t\t\t\t\t<p>Fiam Design Outlet, une surface de plus de 500 m2 o\u00f9 il est possible d\u2019acheter les \u00e9l\u00e9ments d\u2019ameublement exclusifs des marques Fiam et Liv\u2019it by Fiam avec des r\u00e9ductions tr\u00e8s avantageuses.<\/p><p><span style=\"color: var( --e-global-color-text ); font-family: var( --e-global-typography-text-font-family ), Sans-serif; font-size: var( --e-global-typography-text-font-size ); font-weight: var( --e-global-typography-text-font-weight ); letter-spacing: 0.03em; word-spacing: 0.07em;\">L&rsquo;outlet, ouvert au public toute l\u2019ann\u00e9e, propose des produits qui ont \u00e9crit l\u2019histoire de l\u2019entreprise et qui ne sont plus pr\u00e9sents actuellement dans le catalogue, ainsi que les prototypes d\u2019articles in\u00e9dits qui repr\u00e9sentent des exemplaires uniques dans leur genre.<\/span><\/p>\t\t\t\t\t\t\t\t<\/div>\n\t\t\t\t<\/div>\n\t\t\t\t\t<\/div>\n\t\t<\/div>\n\t\t\t\t<div class=\"elementor-column elementor-col-33 elementor-top-column elementor-element elementor-element-0c19a71\" data-id=\"0c19a71\" data-element_type=\"column\">\n\t\t\t<div class=\"elementor-widget-wrap elementor-element-populated\">\n\t\t\t\t\t\t<div class=\"elementor-element elementor-element-b16bdd9 elementor-widget elementor-widget-text-editor\" data-id=\"b16bdd9\" data-element_type=\"widget\" data-widget_type=\"text-editor.default\">\n\t\t\t\t<div class=\"elementor-widget-container\">\n\t\t\t\t\t\t\t\t\t<p><span style=\"color: var( --e-global-color-text ); font-family: var( --e-global-typography-text-font-family ), Sans-serif; font-size: var( --e-global-typography-text-font-size ); letter-spacing: 0.03em; word-spacing: 0.07em;\"><b>FIAM DESIGN OUTLET<\/b><br><span style=\"font-weight: var( --e-global-typography-text-font-weight );\">Via Provinciale, 57<\/span><br><\/span><span style=\"color: var( --e-global-color-text ); font-family: var( --e-global-typography-text-font-family ), Sans-serif; font-size: var( --e-global-typography-text-font-size ); font-weight: var( --e-global-typography-text-font-weight ); letter-spacing: 0.03em; word-spacing: 0.07em;\">localit\u00e0 Osteria Nuova<br><\/span><span style=\"color: var( --e-global-color-text ); font-family: var( --e-global-typography-text-font-family ), Sans-serif; font-size: var( --e-global-typography-text-font-size ); letter-spacing: 0.03em; word-spacing: 0.07em;\"><span style=\"font-weight: var( --e-global-typography-text-font-weight );\">61025 &#8211; Montelabbate (PU)<\/span><br><\/span><span style=\"color: var( --e-global-color-text ); font-family: var( --e-global-typography-text-font-family ), Sans-serif; font-size: var( --e-global-typography-text-font-size ); letter-spacing: 0.03em; word-spacing: 0.07em;\"><b>T 0721 200531<br><\/b><\/span><strong style=\"color: var( --e-global-color-text ); letter-spacing: 0.03em; word-spacing: 0.07em;\"><a href=\"mailto:outlet@fiamitalia.it\"><span style=\"color: var( --e-global-color-text ); font-family: var( --e-global-typography-text-font-family ), Sans-serif; font-size: var( --e-global-typography-text-font-size ); letter-spacing: 0.03em; word-spacing: 0.07em;\">outlet@fiamitalia.it<\/span><\/a><\/strong><\/p>\t\t\t\t\t\t\t\t<\/div>\n\t\t\t\t<\/div>\n\t\t\t\t\t<\/div>\n\t\t<\/div>\n\t\t\t\t<div class=\"elementor-column elementor-col-33 elementor-top-column elementor-element elementor-element-1703986\" data-id=\"1703986\" data-element_type=\"column\">\n\t\t\t<div class=\"elementor-widget-wrap elementor-element-populated\">\n\t\t\t\t\t\t<div class=\"elementor-element elementor-element-cbe96e9 elementor-widget elementor-widget-text-editor\" data-id=\"cbe96e9\" data-element_type=\"widget\" data-widget_type=\"text-editor.default\">\n\t\t\t\t<div class=\"elementor-widget-container\">\n\t\t\t\t\t\t\t\t\t<p><b>VENDREDI<br><\/b><span style=\"color: var( --e-global-color-text ); letter-spacing: 0.03em; word-spacing: 0.07em;\">de 2h00 \u00e0 18h00<br><\/span><b><\/b><\/p>\n<p><span style=\"color: var( --e-global-color-text ); letter-spacing: 0.03em; word-spacing: 0.07em;\"><b>FERM\u00c9 SAMEDI ET DIMANCHE<\/b><\/span><b style=\"color: var( --e-global-color-text ); letter-spacing: 0.03em; word-spacing: 0.07em;\"><\/b><\/p>\t\t\t\t\t\t\t\t<\/div>\n\t\t\t\t<\/div>\n\t\t\t\t\t<\/div>\n\t\t<\/div>\n\t\t\t\t\t<\/div>\n\t\t<\/section>\n\t\t\t\t<section class=\"elementor-section elementor-top-section elementor-element elementor-element-90179b9 elementor-section-boxed elementor-section-height-default elementor-section-height-default\" data-id=\"90179b9\" data-element_type=\"section\">\n\t\t\t\t\t\t<div class=\"elementor-container elementor-column-gap-default\">\n\t\t\t\t\t<div class=\"elementor-column elementor-col-100 elementor-top-column elementor-element elementor-element-2c54002\" data-id=\"2c54002\" data-element_type=\"column\">\n\t\t\t<div class=\"elementor-widget-wrap elementor-element-populated\">\n\t\t\t\t\t\t<div class=\"elementor-element elementor-element-b86da15 elementor-align-center elementor-mobile-align-center elementor-widget elementor-widget-button\" data-id=\"b86da15\" data-element_type=\"widget\" data-widget_type=\"button.default\">\n\t\t\t\t<div class=\"elementor-widget-container\">\n\t\t\t\t\t\t\t\t\t<div class=\"elementor-button-wrapper\">\n\t\t\t\t\t<a class=\"wk_pulsante_nero elementor-button elementor-button-link elementor-size-sm\" href=\"https:\/\/www.fiamdesignoutlet.it\/\" target=\"_blank\">\n\t\t\t\t\t\t<span class=\"elementor-button-content-wrapper\">\n\t\t\t\t\t\t\t\t\t<span class=\"elementor-button-text\">Visiter le point de vente<\/span>\n\t\t\t\t\t<\/span>\n\t\t\t\t\t<\/a>\n\t\t\t\t<\/div>\n\t\t\t\t\t\t\t\t<\/div>\n\t\t\t\t<\/div>\n\t\t\t\t\t<\/div>\n\t\t<\/div>\n\t\t\t\t\t<\/div>\n\t\t<\/section>\n\t\t\t\t<\/div>\n\t\t","protected":false},"excerpt":{"rendered":"<p>Fiam Design Outlet DESIGN ACCESSIBLE Fiam Design Outlet, une surface de plus de 500 m2 o\u00f9 il est possible d\u2019acheter les \u00e9l\u00e9ments d\u2019ameublement exclusifs des marques Fiam et Liv\u2019it by Fiam avec des r\u00e9ductions tr\u00e8s avantageuses. L&rsquo;outlet, ouvert au public toute l\u2019ann\u00e9e, propose des produits qui ont \u00e9crit l\u2019histoire de l\u2019entreprise et qui ne sont [&hellip;]<\/p>\n","protected":false},"author":1,"featured_media":0,"parent":0,"menu_order":0,"comment_status":"closed","ping_status":"closed","template":"","meta":{"_acf_changed":false,"footnotes":""},"class_list":["post-34188","page","type-page","status-publish","hentry"],"acf":[],"yoast_head":"<!-- This site is optimized with the Yoast SEO plugin v25.8 - https:\/\/yoast.com\/wordpress\/plugins\/seo\/ -->\n<title>Outlet des meubles en verre de design FIAM Italia<\/title>\n<meta name=\"description\" content=\"\u00cates-vous passionn\u00e9 de meubles de design? D\u00e9couvrez o\u00f9 se trouvent tous les outlet de meubles en verre FIAM, visitez notre site!\" \/>\n<meta name=\"robots\" content=\"index, follow, max-snippet:-1, max-image-preview:large, max-video-preview:-1\" \/>\n<link rel=\"canonical\" href=\"https:\/\/www.fiamitalia.it\/fr\/outlet\/\" \/>\n<meta property=\"og:locale\" content=\"fr_FR\" \/>\n<meta property=\"og:type\" content=\"article\" \/>\n<meta property=\"og:title\" content=\"Outlet des meubles en verre de design FIAM Italia\" \/>\n<meta property=\"og:description\" content=\"\u00cates-vous passionn\u00e9 de meubles de design? D\u00e9couvrez o\u00f9 se trouvent tous les outlet de meubles en verre FIAM, visitez notre site!\" \/>\n<meta property=\"og:url\" content=\"https:\/\/www.fiamitalia.it\/fr\/outlet\/\" \/>\n<meta property=\"og:site_name\" content=\"Fiam Italia\" \/>\n<meta property=\"article:publisher\" content=\"https:\/\/www.facebook.com\/fiamitalia\/\" \/>\n<meta property=\"article:modified_time\" content=\"2025-04-30T11:34:18+00:00\" \/>\n<meta name=\"twitter:card\" content=\"summary_large_image\" \/>\n<meta name=\"twitter:label1\" content=\"Dur\u00e9e de lecture estim\u00e9e\" \/>\n\t<meta name=\"twitter:data1\" content=\"14 minutes\" \/>\n<script type=\"application\/ld+json\" class=\"yoast-schema-graph\">{\"@context\":\"https:\/\/schema.org\",\"@graph\":[{\"@type\":\"WebPage\",\"@id\":\"https:\/\/www.fiamitalia.it\/fr\/outlet\/\",\"url\":\"https:\/\/www.fiamitalia.it\/fr\/outlet\/\",\"name\":\"Outlet des meubles en verre de design FIAM Italia\",\"isPartOf\":{\"@id\":\"https:\/\/www.fiamitalia.it\/fr\/#website\"},\"datePublished\":\"2022-12-20T17:17:26+00:00\",\"dateModified\":\"2025-04-30T11:34:18+00:00\",\"description\":\"\u00cates-vous passionn\u00e9 de meubles de design? D\u00e9couvrez o\u00f9 se trouvent tous les outlet de meubles en verre FIAM, visitez notre site!\",\"breadcrumb\":{\"@id\":\"https:\/\/www.fiamitalia.it\/fr\/outlet\/#breadcrumb\"},\"inLanguage\":\"fr-FR\",\"potentialAction\":[{\"@type\":\"ReadAction\",\"target\":[\"https:\/\/www.fiamitalia.it\/fr\/outlet\/\"]}]},{\"@type\":\"BreadcrumbList\",\"@id\":\"https:\/\/www.fiamitalia.it\/fr\/outlet\/#breadcrumb\",\"itemListElement\":[{\"@type\":\"ListItem\",\"position\":1,\"name\":\"Home\",\"item\":\"https:\/\/www.fiamitalia.it\/fr\/\"},{\"@type\":\"ListItem\",\"position\":2,\"name\":\"Outlet\"}]},{\"@type\":\"WebSite\",\"@id\":\"https:\/\/www.fiamitalia.it\/fr\/#website\",\"url\":\"https:\/\/www.fiamitalia.it\/fr\/\",\"name\":\"Fiam Italia\",\"description\":\"Da oltre 40 anni FIAM \u00e8 sinonimo di cultura del vetro a livello globale e produce elementi di arredo in vetro curvato di design. Scopri di pi\u00f9 sul sito!\",\"publisher\":{\"@id\":\"https:\/\/www.fiamitalia.it\/fr\/#organization\"},\"potentialAction\":[{\"@type\":\"SearchAction\",\"target\":{\"@type\":\"EntryPoint\",\"urlTemplate\":\"https:\/\/www.fiamitalia.it\/fr\/?s={search_term_string}\"},\"query-input\":{\"@type\":\"PropertyValueSpecification\",\"valueRequired\":true,\"valueName\":\"search_term_string\"}}],\"inLanguage\":\"fr-FR\"},{\"@type\":\"Organization\",\"@id\":\"https:\/\/www.fiamitalia.it\/fr\/#organization\",\"name\":\"Fiam Italia\",\"url\":\"https:\/\/www.fiamitalia.it\/fr\/\",\"logo\":{\"@type\":\"ImageObject\",\"inLanguage\":\"fr-FR\",\"@id\":\"https:\/\/www.fiamitalia.it\/fr\/#\/schema\/logo\/image\/\",\"url\":\"https:\/\/www.fiamitalia.it\/wp-content\/uploads\/2023\/03\/cropped-Fiam_quadr_bn_Outline.png\",\"contentUrl\":\"https:\/\/www.fiamitalia.it\/wp-content\/uploads\/2023\/03\/cropped-Fiam_quadr_bn_Outline.png\",\"width\":945,\"height\":945,\"caption\":\"Fiam Italia\"},\"image\":{\"@id\":\"https:\/\/www.fiamitalia.it\/fr\/#\/schema\/logo\/image\/\"},\"sameAs\":[\"https:\/\/www.facebook.com\/fiamitalia\/\",\"https:\/\/www.instagram.com\/fiamitalia_official\/\",\"https:\/\/pinterest.com\/fiamitalia_\/\",\"https:\/\/www.linkedin.com\/company\/1658601\/\",\"https:\/\/www.youtube.com\/user\/FiamItalia\/\"]}]}<\/script>\n<!-- \/ Yoast SEO plugin. -->","yoast_head_json":{"title":"Outlet des meubles en verre de design FIAM Italia","description":"\u00cates-vous passionn\u00e9 de meubles de design? D\u00e9couvrez o\u00f9 se trouvent tous les outlet de meubles en verre FIAM, visitez notre site!","robots":{"index":"index","follow":"follow","max-snippet":"max-snippet:-1","max-image-preview":"max-image-preview:large","max-video-preview":"max-video-preview:-1"},"canonical":"https:\/\/www.fiamitalia.it\/fr\/outlet\/","og_locale":"fr_FR","og_type":"article","og_title":"Outlet des meubles en verre de design FIAM Italia","og_description":"\u00cates-vous passionn\u00e9 de meubles de design? D\u00e9couvrez o\u00f9 se trouvent tous les outlet de meubles en verre FIAM, visitez notre site!","og_url":"https:\/\/www.fiamitalia.it\/fr\/outlet\/","og_site_name":"Fiam Italia","article_publisher":"https:\/\/www.facebook.com\/fiamitalia\/","article_modified_time":"2025-04-30T11:34:18+00:00","twitter_card":"summary_large_image","twitter_misc":{"Dur\u00e9e de lecture estim\u00e9e":"14 minutes"},"schema":{"@context":"https:\/\/schema.org","@graph":[{"@type":"WebPage","@id":"https:\/\/www.fiamitalia.it\/fr\/outlet\/","url":"https:\/\/www.fiamitalia.it\/fr\/outlet\/","name":"Outlet des meubles en verre de design FIAM Italia","isPartOf":{"@id":"https:\/\/www.fiamitalia.it\/fr\/#website"},"datePublished":"2022-12-20T17:17:26+00:00","dateModified":"2025-04-30T11:34:18+00:00","description":"\u00cates-vous passionn\u00e9 de meubles de design? D\u00e9couvrez o\u00f9 se trouvent tous les outlet de meubles en verre FIAM, visitez notre site!","breadcrumb":{"@id":"https:\/\/www.fiamitalia.it\/fr\/outlet\/#breadcrumb"},"inLanguage":"fr-FR","potentialAction":[{"@type":"ReadAction","target":["https:\/\/www.fiamitalia.it\/fr\/outlet\/"]}]},{"@type":"BreadcrumbList","@id":"https:\/\/www.fiamitalia.it\/fr\/outlet\/#breadcrumb","itemListElement":[{"@type":"ListItem","position":1,"name":"Home","item":"https:\/\/www.fiamitalia.it\/fr\/"},{"@type":"ListItem","position":2,"name":"Outlet"}]},{"@type":"WebSite","@id":"https:\/\/www.fiamitalia.it\/fr\/#website","url":"https:\/\/www.fiamitalia.it\/fr\/","name":"Fiam Italia","description":"Da oltre 40 anni FIAM \u00e8 sinonimo di cultura del vetro a livello globale e produce elementi di arredo in vetro curvato di design. Scopri di pi\u00f9 sul sito!","publisher":{"@id":"https:\/\/www.fiamitalia.it\/fr\/#organization"},"potentialAction":[{"@type":"SearchAction","target":{"@type":"EntryPoint","urlTemplate":"https:\/\/www.fiamitalia.it\/fr\/?s={search_term_string}"},"query-input":{"@type":"PropertyValueSpecification","valueRequired":true,"valueName":"search_term_string"}}],"inLanguage":"fr-FR"},{"@type":"Organization","@id":"https:\/\/www.fiamitalia.it\/fr\/#organization","name":"Fiam Italia","url":"https:\/\/www.fiamitalia.it\/fr\/","logo":{"@type":"ImageObject","inLanguage":"fr-FR","@id":"https:\/\/www.fiamitalia.it\/fr\/#\/schema\/logo\/image\/","url":"https:\/\/www.fiamitalia.it\/wp-content\/uploads\/2023\/03\/cropped-Fiam_quadr_bn_Outline.png","contentUrl":"https:\/\/www.fiamitalia.it\/wp-content\/uploads\/2023\/03\/cropped-Fiam_quadr_bn_Outline.png","width":945,"height":945,"caption":"Fiam Italia"},"image":{"@id":"https:\/\/www.fiamitalia.it\/fr\/#\/schema\/logo\/image\/"},"sameAs":["https:\/\/www.facebook.com\/fiamitalia\/","https:\/\/www.instagram.com\/fiamitalia_official\/","https:\/\/pinterest.com\/fiamitalia_\/","https:\/\/www.linkedin.com\/company\/1658601\/","https:\/\/www.youtube.com\/user\/FiamItalia\/"]}]}},"_links":{"self":[{"href":"https:\/\/www.fiamitalia.it\/fr\/wp-json\/wp\/v2\/pages\/34188","targetHints":{"allow":["GET"]}}],"collection":[{"href":"https:\/\/www.fiamitalia.it\/fr\/wp-json\/wp\/v2\/pages"}],"about":[{"href":"https:\/\/www.fiamitalia.it\/fr\/wp-json\/wp\/v2\/types\/page"}],"author":[{"embeddable":true,"href":"https:\/\/www.fiamitalia.it\/fr\/wp-json\/wp\/v2\/users\/1"}],"replies":[{"embeddable":true,"href":"https:\/\/www.fiamitalia.it\/fr\/wp-json\/wp\/v2\/comments?post=34188"}],"version-history":[{"count":16,"href":"https:\/\/www.fiamitalia.it\/fr\/wp-json\/wp\/v2\/pages\/34188\/revisions"}],"predecessor-version":[{"id":54005,"href":"https:\/\/www.fiamitalia.it\/fr\/wp-json\/wp\/v2\/pages\/34188\/revisions\/54005"}],"wp:attachment":[{"href":"https:\/\/www.fiamitalia.it\/fr\/wp-json\/wp\/v2\/media?parent=34188"}],"curies":[{"name":"wp","href":"https:\/\/api.w.org\/{rel}","templated":true}]}}