{"id":33816,"date":"2022-12-19T07:22:45","date_gmt":"2022-12-19T07:22:45","guid":{"rendered":"https:\/\/dev.fiamitalia.it\/certificazioni\/"},"modified":"2024-07-16T07:24:14","modified_gmt":"2024-07-16T07:24:14","slug":"certifications","status":"publish","type":"page","link":"https:\/\/www.fiamitalia.it\/fr\/certifications\/","title":{"rendered":"Certifications"},"content":{"rendered":"\t\t<div data-elementor-type=\"wp-page\" data-elementor-id=\"33816\" class=\"elementor elementor-33816 elementor-294\" data-elementor-post-type=\"page\">\n\t\t\t\t\t\t<section class=\"elementor-section elementor-top-section elementor-element elementor-element-b365eef elementor-section-boxed elementor-section-height-default elementor-section-height-default\" data-id=\"b365eef\" data-element_type=\"section\">\n\t\t\t\t\t\t<div class=\"elementor-container elementor-column-gap-default\">\n\t\t\t\t\t<div class=\"elementor-column elementor-col-100 elementor-top-column elementor-element elementor-element-78b6a72\" data-id=\"78b6a72\" data-element_type=\"column\">\n\t\t\t<div class=\"elementor-widget-wrap elementor-element-populated\">\n\t\t\t\t\t\t<div class=\"elementor-element elementor-element-9740004 elementor-widget elementor-widget-heading\" data-id=\"9740004\" data-element_type=\"widget\" data-widget_type=\"heading.default\">\n\t\t\t\t<div class=\"elementor-widget-container\">\n\t\t\t\t\t<h1 class=\"elementor-heading-title elementor-size-default\">Certifications<\/h1>\t\t\t\t<\/div>\n\t\t\t\t<\/div>\n\t\t\t\t\t<\/div>\n\t\t<\/div>\n\t\t\t\t\t<\/div>\n\t\t<\/section>\n\t\t\t\t<section class=\"elementor-section elementor-top-section elementor-element elementor-element-e272e75 elementor-section-boxed elementor-section-height-default elementor-section-height-default\" data-id=\"e272e75\" data-element_type=\"section\">\n\t\t\t\t\t\t<div class=\"elementor-container elementor-column-gap-default\">\n\t\t\t\t\t<div class=\"elementor-column elementor-col-50 elementor-top-column elementor-element elementor-element-2315a82\" data-id=\"2315a82\" data-element_type=\"column\">\n\t\t\t<div class=\"elementor-widget-wrap elementor-element-populated\">\n\t\t\t\t\t\t<div class=\"elementor-element elementor-element-38f74b5 elementor-widget elementor-widget-image\" data-id=\"38f74b5\" data-element_type=\"widget\" data-widget_type=\"image.default\">\n\t\t\t\t<div class=\"elementor-widget-container\">\n\t\t\t\t\t\t\t\t\t\t\t\t\t\t\t<img decoding=\"async\" width=\"295\" height=\"131\" src=\"https:\/\/www.fiamitalia.it\/wp-content\/uploads\/2023\/03\/FIAM_Certificazioni.jpg\" class=\"attachment-full size-full wp-image-23174\" alt=\"\" \/>\t\t\t\t\t\t\t\t\t\t\t\t\t\t\t<\/div>\n\t\t\t\t<\/div>\n\t\t\t\t\t<\/div>\n\t\t<\/div>\n\t\t\t\t<div class=\"elementor-column elementor-col-50 elementor-top-column elementor-element elementor-element-9418747\" data-id=\"9418747\" data-element_type=\"column\">\n\t\t\t<div class=\"elementor-widget-wrap elementor-element-populated\">\n\t\t\t\t\t\t<div class=\"elementor-element elementor-element-bdce96a elementor-widget elementor-widget-text-editor\" data-id=\"bdce96a\" data-element_type=\"widget\" data-widget_type=\"text-editor.default\">\n\t\t\t\t<div class=\"elementor-widget-container\">\n\t\t\t\t\t\t\t\t\t<h5>ASSURANCE DE LA QUALIT\u00c9<\/h5><p><strong>Fiam est certifi\u00e9e UNI EN ISO 9001 :2008<\/strong><\/p><p>La conformit\u00e9 \u00e0 cette importante norme permet \u00e0 Fiam d&rsquo;atteindre de tr\u00e8s hauts standards de qualit\u00e9.<\/p><p>Un des t\u00e9moignages directs est la tra\u00e7abilit\u00e9 de ses produits: aujourd&rsquo;hui Fiam porte une d\u00e9calcomanie ind\u00e9l\u00e9bile, cuite \u00e0 une temp\u00e9rature tr\u00e8s \u00e9lev\u00e9e, sur laquelle figurent le logo de l&rsquo;entreprise et un code permettant de retracer la totalit\u00e9 du cycle de production.<\/p>\t\t\t\t\t\t\t\t<\/div>\n\t\t\t\t<\/div>\n\t\t\t\t\t<\/div>\n\t\t<\/div>\n\t\t\t\t\t<\/div>\n\t\t<\/section>\n\t\t\t\t<section class=\"elementor-section elementor-top-section elementor-element elementor-element-6e1587d elementor-hidden-desktop elementor-hidden-tablet elementor-hidden-mobile elementor-section-boxed elementor-section-height-default elementor-section-height-default\" data-id=\"6e1587d\" data-element_type=\"section\">\n\t\t\t\t\t\t<div class=\"elementor-container elementor-column-gap-default\">\n\t\t\t\t\t<div class=\"elementor-column elementor-col-50 elementor-top-column elementor-element elementor-element-e78bcc1\" data-id=\"e78bcc1\" data-element_type=\"column\">\n\t\t\t<div class=\"elementor-widget-wrap elementor-element-populated\">\n\t\t\t\t\t\t<div class=\"elementor-element elementor-element-b378c67 elementor-widget elementor-widget-image\" data-id=\"b378c67\" data-element_type=\"widget\" data-widget_type=\"image.default\">\n\t\t\t\t<div class=\"elementor-widget-container\">\n\t\t\t\t\t\t\t\t\t\t\t\t\t\t\t\t<a href=\"https:\/\/www.agc-yourglass.com\/\" target=\"_blank\" rel=\"nofollow\">\n\t\t\t\t\t\t\t<img fetchpriority=\"high\" decoding=\"async\" width=\"467\" height=\"275\" src=\"https:\/\/www.fiamitalia.it\/wp-content\/uploads\/2023\/03\/FIAM_AGC.png\" class=\"attachment-full size-full wp-image-23185\" alt=\"\" \/>\t\t\t\t\t\t\t\t<\/a>\n\t\t\t\t\t\t\t\t\t\t\t\t\t\t\t<\/div>\n\t\t\t\t<\/div>\n\t\t\t\t\t<\/div>\n\t\t<\/div>\n\t\t\t\t<div class=\"elementor-column elementor-col-50 elementor-top-column elementor-element elementor-element-e3240b6\" data-id=\"e3240b6\" data-element_type=\"column\">\n\t\t\t<div class=\"elementor-widget-wrap elementor-element-populated\">\n\t\t\t\t\t\t<div class=\"elementor-element elementor-element-6c9b217 elementor-widget elementor-widget-menu-anchor\" data-id=\"6c9b217\" data-element_type=\"widget\" data-widget_type=\"menu-anchor.default\">\n\t\t\t\t<div class=\"elementor-widget-container\">\n\t\t\t\t\t\t\t<div class=\"elementor-menu-anchor\" id=\"AGC\"><\/div>\n\t\t\t\t\t\t<\/div>\n\t\t\t\t<\/div>\n\t\t\t\t<div class=\"elementor-element elementor-element-f198454 elementor-widget elementor-widget-text-editor\" data-id=\"f198454\" data-element_type=\"widget\" data-widget_type=\"text-editor.default\">\n\t\t\t\t<div class=\"elementor-widget-container\">\n\t\t\t\t\t\t\t\t\t<h5>FIAM ITalia &amp; AGC<\/h5>\t\t\t\t\t\t\t\t<\/div>\n\t\t\t\t<\/div>\n\t\t\t\t<div class=\"elementor-element elementor-element-fd723a4 elementor-widget elementor-widget-text-editor\" data-id=\"fd723a4\" data-element_type=\"widget\" data-widget_type=\"text-editor.default\">\n\t\t\t\t<div class=\"elementor-widget-container\">\n\t\t\t\t\t\t\t\t\t<p><strong>Donner forme au futur avec l\u2019innovation du verre.<br \/><\/strong>L\u2019innovation est justement la valeur principale que nous partageons avec AGC. Une recherche constante qui nous pousse \u00e0 anticiper les changements de la soci\u00e9t\u00e9 et des march\u00e9s sur lesquels nous sommes actifs \u00e0 travers la cr\u00e9ation d&rsquo;une valeur garantie par la qualit\u00e9 des processus et des mat\u00e9riaux.<\/p><p>Ensemble nous contribuons \u00e0 un d\u00e9veloppement durable focalis\u00e9 sur un mat\u00e9riau \u00e9cologique par excellence, travaill\u00e9 et transform\u00e9 dans le plein respect des principes de l\u2019\u00e9conomie circulaire.<\/p>\t\t\t\t\t\t\t\t<\/div>\n\t\t\t\t<\/div>\n\t\t\t\t\t<\/div>\n\t\t<\/div>\n\t\t\t\t\t<\/div>\n\t\t<\/section>\n\t\t\t\t<\/div>\n\t\t","protected":false},"excerpt":{"rendered":"<p>Certifications ASSURANCE DE LA QUALIT\u00c9 Fiam est certifi\u00e9e UNI EN ISO 9001 :2008 La conformit\u00e9 \u00e0 cette importante norme permet \u00e0 Fiam d&rsquo;atteindre de tr\u00e8s hauts standards de qualit\u00e9. Un des t\u00e9moignages directs est la tra\u00e7abilit\u00e9 de ses produits: aujourd&rsquo;hui Fiam porte une d\u00e9calcomanie ind\u00e9l\u00e9bile, cuite \u00e0 une temp\u00e9rature tr\u00e8s \u00e9lev\u00e9e, sur laquelle figurent le [&hellip;]<\/p>\n","protected":false},"author":1,"featured_media":0,"parent":0,"menu_order":0,"comment_status":"closed","ping_status":"closed","template":"","meta":{"_acf_changed":false,"footnotes":""},"class_list":["post-33816","page","type-page","status-publish","hentry"],"acf":[],"yoast_head":"<!-- This site is optimized with the Yoast SEO plugin v25.8 - https:\/\/yoast.com\/wordpress\/plugins\/seo\/ -->\n<title>Certifications - Fiam Italia<\/title>\n<meta name=\"description\" content=\"ASSURANCE DE LA QUALIT\u00c9 Fiam est certifi\u00e9e UNI EN ISO 9001 :2008 La conformit\u00e9 \u00e0 cette importante norme permet \u00e0 Fiam d&#039;atteindre de tr\u00e8s hauts standards de qualit\u00e9.\" \/>\n<meta name=\"robots\" content=\"index, follow, max-snippet:-1, max-image-preview:large, max-video-preview:-1\" \/>\n<link rel=\"canonical\" href=\"https:\/\/www.fiamitalia.it\/fr\/certifications\/\" \/>\n<meta property=\"og:locale\" content=\"fr_FR\" \/>\n<meta property=\"og:type\" content=\"article\" \/>\n<meta property=\"og:title\" content=\"Certifications - Fiam Italia\" \/>\n<meta property=\"og:description\" content=\"ASSURANCE DE LA QUALIT\u00c9 Fiam est certifi\u00e9e UNI EN ISO 9001 :2008 La conformit\u00e9 \u00e0 cette importante norme permet \u00e0 Fiam d&#039;atteindre de tr\u00e8s hauts standards de qualit\u00e9.\" \/>\n<meta property=\"og:url\" content=\"https:\/\/www.fiamitalia.it\/fr\/certifications\/\" \/>\n<meta property=\"og:site_name\" content=\"Fiam Italia\" \/>\n<meta property=\"article:publisher\" content=\"https:\/\/www.facebook.com\/fiamitalia\/\" \/>\n<meta property=\"article:modified_time\" content=\"2024-07-16T07:24:14+00:00\" \/>\n<meta property=\"og:image\" content=\"https:\/\/www.fiamitalia.it\/wp-content\/uploads\/2023\/03\/FIAM_Certificazioni.jpg\" \/>\n<meta name=\"twitter:card\" content=\"summary_large_image\" \/>\n<meta name=\"twitter:label1\" content=\"Dur\u00e9e de lecture estim\u00e9e\" \/>\n\t<meta name=\"twitter:data1\" content=\"2 minutes\" \/>\n<script type=\"application\/ld+json\" class=\"yoast-schema-graph\">{\"@context\":\"https:\/\/schema.org\",\"@graph\":[{\"@type\":\"WebPage\",\"@id\":\"https:\/\/www.fiamitalia.it\/fr\/certifications\/\",\"url\":\"https:\/\/www.fiamitalia.it\/fr\/certifications\/\",\"name\":\"Certifications - Fiam Italia\",\"isPartOf\":{\"@id\":\"https:\/\/www.fiamitalia.it\/fr\/#website\"},\"primaryImageOfPage\":{\"@id\":\"https:\/\/www.fiamitalia.it\/fr\/certifications\/#primaryimage\"},\"image\":{\"@id\":\"https:\/\/www.fiamitalia.it\/fr\/certifications\/#primaryimage\"},\"thumbnailUrl\":\"https:\/\/www.fiamitalia.it\/wp-content\/uploads\/2023\/03\/FIAM_Certificazioni.jpg\",\"datePublished\":\"2022-12-19T07:22:45+00:00\",\"dateModified\":\"2024-07-16T07:24:14+00:00\",\"description\":\"ASSURANCE DE LA QUALIT\u00c9 Fiam est certifi\u00e9e UNI EN ISO 9001 :2008 La conformit\u00e9 \u00e0 cette importante norme permet \u00e0 Fiam d'atteindre de tr\u00e8s hauts standards de qualit\u00e9.\",\"breadcrumb\":{\"@id\":\"https:\/\/www.fiamitalia.it\/fr\/certifications\/#breadcrumb\"},\"inLanguage\":\"fr-FR\",\"potentialAction\":[{\"@type\":\"ReadAction\",\"target\":[\"https:\/\/www.fiamitalia.it\/fr\/certifications\/\"]}]},{\"@type\":\"ImageObject\",\"inLanguage\":\"fr-FR\",\"@id\":\"https:\/\/www.fiamitalia.it\/fr\/certifications\/#primaryimage\",\"url\":\"https:\/\/www.fiamitalia.it\/wp-content\/uploads\/2023\/03\/FIAM_Certificazioni.jpg\",\"contentUrl\":\"https:\/\/www.fiamitalia.it\/wp-content\/uploads\/2023\/03\/FIAM_Certificazioni.jpg\"},{\"@type\":\"BreadcrumbList\",\"@id\":\"https:\/\/www.fiamitalia.it\/fr\/certifications\/#breadcrumb\",\"itemListElement\":[{\"@type\":\"ListItem\",\"position\":1,\"name\":\"Home\",\"item\":\"https:\/\/www.fiamitalia.it\/fr\/\"},{\"@type\":\"ListItem\",\"position\":2,\"name\":\"Certifications\"}]},{\"@type\":\"WebSite\",\"@id\":\"https:\/\/www.fiamitalia.it\/fr\/#website\",\"url\":\"https:\/\/www.fiamitalia.it\/fr\/\",\"name\":\"Fiam Italia\",\"description\":\"Da oltre 40 anni FIAM \u00e8 sinonimo di cultura del vetro a livello globale e produce elementi di arredo in vetro curvato di design. Scopri di pi\u00f9 sul sito!\",\"publisher\":{\"@id\":\"https:\/\/www.fiamitalia.it\/fr\/#organization\"},\"potentialAction\":[{\"@type\":\"SearchAction\",\"target\":{\"@type\":\"EntryPoint\",\"urlTemplate\":\"https:\/\/www.fiamitalia.it\/fr\/?s={search_term_string}\"},\"query-input\":{\"@type\":\"PropertyValueSpecification\",\"valueRequired\":true,\"valueName\":\"search_term_string\"}}],\"inLanguage\":\"fr-FR\"},{\"@type\":\"Organization\",\"@id\":\"https:\/\/www.fiamitalia.it\/fr\/#organization\",\"name\":\"Fiam Italia\",\"url\":\"https:\/\/www.fiamitalia.it\/fr\/\",\"logo\":{\"@type\":\"ImageObject\",\"inLanguage\":\"fr-FR\",\"@id\":\"https:\/\/www.fiamitalia.it\/fr\/#\/schema\/logo\/image\/\",\"url\":\"https:\/\/www.fiamitalia.it\/wp-content\/uploads\/2023\/03\/cropped-Fiam_quadr_bn_Outline.png\",\"contentUrl\":\"https:\/\/www.fiamitalia.it\/wp-content\/uploads\/2023\/03\/cropped-Fiam_quadr_bn_Outline.png\",\"width\":945,\"height\":945,\"caption\":\"Fiam Italia\"},\"image\":{\"@id\":\"https:\/\/www.fiamitalia.it\/fr\/#\/schema\/logo\/image\/\"},\"sameAs\":[\"https:\/\/www.facebook.com\/fiamitalia\/\",\"https:\/\/www.instagram.com\/fiamitalia_official\/\",\"https:\/\/pinterest.com\/fiamitalia_\/\",\"https:\/\/www.linkedin.com\/company\/1658601\/\",\"https:\/\/www.youtube.com\/user\/FiamItalia\/\"]}]}<\/script>\n<!-- \/ Yoast SEO plugin. -->","yoast_head_json":{"title":"Certifications - Fiam Italia","description":"ASSURANCE DE LA QUALIT\u00c9 Fiam est certifi\u00e9e UNI EN ISO 9001 :2008 La conformit\u00e9 \u00e0 cette importante norme permet \u00e0 Fiam d'atteindre de tr\u00e8s hauts standards de qualit\u00e9.","robots":{"index":"index","follow":"follow","max-snippet":"max-snippet:-1","max-image-preview":"max-image-preview:large","max-video-preview":"max-video-preview:-1"},"canonical":"https:\/\/www.fiamitalia.it\/fr\/certifications\/","og_locale":"fr_FR","og_type":"article","og_title":"Certifications - Fiam Italia","og_description":"ASSURANCE DE LA QUALIT\u00c9 Fiam est certifi\u00e9e UNI EN ISO 9001 :2008 La conformit\u00e9 \u00e0 cette importante norme permet \u00e0 Fiam d'atteindre de tr\u00e8s hauts standards de qualit\u00e9.","og_url":"https:\/\/www.fiamitalia.it\/fr\/certifications\/","og_site_name":"Fiam Italia","article_publisher":"https:\/\/www.facebook.com\/fiamitalia\/","article_modified_time":"2024-07-16T07:24:14+00:00","og_image":[{"url":"https:\/\/www.fiamitalia.it\/wp-content\/uploads\/2023\/03\/FIAM_Certificazioni.jpg","type":"","width":"","height":""}],"twitter_card":"summary_large_image","twitter_misc":{"Dur\u00e9e de lecture estim\u00e9e":"2 minutes"},"schema":{"@context":"https:\/\/schema.org","@graph":[{"@type":"WebPage","@id":"https:\/\/www.fiamitalia.it\/fr\/certifications\/","url":"https:\/\/www.fiamitalia.it\/fr\/certifications\/","name":"Certifications - Fiam Italia","isPartOf":{"@id":"https:\/\/www.fiamitalia.it\/fr\/#website"},"primaryImageOfPage":{"@id":"https:\/\/www.fiamitalia.it\/fr\/certifications\/#primaryimage"},"image":{"@id":"https:\/\/www.fiamitalia.it\/fr\/certifications\/#primaryimage"},"thumbnailUrl":"https:\/\/www.fiamitalia.it\/wp-content\/uploads\/2023\/03\/FIAM_Certificazioni.jpg","datePublished":"2022-12-19T07:22:45+00:00","dateModified":"2024-07-16T07:24:14+00:00","description":"ASSURANCE DE LA QUALIT\u00c9 Fiam est certifi\u00e9e UNI EN ISO 9001 :2008 La conformit\u00e9 \u00e0 cette importante norme permet \u00e0 Fiam d'atteindre de tr\u00e8s hauts standards de qualit\u00e9.","breadcrumb":{"@id":"https:\/\/www.fiamitalia.it\/fr\/certifications\/#breadcrumb"},"inLanguage":"fr-FR","potentialAction":[{"@type":"ReadAction","target":["https:\/\/www.fiamitalia.it\/fr\/certifications\/"]}]},{"@type":"ImageObject","inLanguage":"fr-FR","@id":"https:\/\/www.fiamitalia.it\/fr\/certifications\/#primaryimage","url":"https:\/\/www.fiamitalia.it\/wp-content\/uploads\/2023\/03\/FIAM_Certificazioni.jpg","contentUrl":"https:\/\/www.fiamitalia.it\/wp-content\/uploads\/2023\/03\/FIAM_Certificazioni.jpg"},{"@type":"BreadcrumbList","@id":"https:\/\/www.fiamitalia.it\/fr\/certifications\/#breadcrumb","itemListElement":[{"@type":"ListItem","position":1,"name":"Home","item":"https:\/\/www.fiamitalia.it\/fr\/"},{"@type":"ListItem","position":2,"name":"Certifications"}]},{"@type":"WebSite","@id":"https:\/\/www.fiamitalia.it\/fr\/#website","url":"https:\/\/www.fiamitalia.it\/fr\/","name":"Fiam Italia","description":"Da oltre 40 anni FIAM \u00e8 sinonimo di cultura del vetro a livello globale e produce elementi di arredo in vetro curvato di design. Scopri di pi\u00f9 sul sito!","publisher":{"@id":"https:\/\/www.fiamitalia.it\/fr\/#organization"},"potentialAction":[{"@type":"SearchAction","target":{"@type":"EntryPoint","urlTemplate":"https:\/\/www.fiamitalia.it\/fr\/?s={search_term_string}"},"query-input":{"@type":"PropertyValueSpecification","valueRequired":true,"valueName":"search_term_string"}}],"inLanguage":"fr-FR"},{"@type":"Organization","@id":"https:\/\/www.fiamitalia.it\/fr\/#organization","name":"Fiam Italia","url":"https:\/\/www.fiamitalia.it\/fr\/","logo":{"@type":"ImageObject","inLanguage":"fr-FR","@id":"https:\/\/www.fiamitalia.it\/fr\/#\/schema\/logo\/image\/","url":"https:\/\/www.fiamitalia.it\/wp-content\/uploads\/2023\/03\/cropped-Fiam_quadr_bn_Outline.png","contentUrl":"https:\/\/www.fiamitalia.it\/wp-content\/uploads\/2023\/03\/cropped-Fiam_quadr_bn_Outline.png","width":945,"height":945,"caption":"Fiam Italia"},"image":{"@id":"https:\/\/www.fiamitalia.it\/fr\/#\/schema\/logo\/image\/"},"sameAs":["https:\/\/www.facebook.com\/fiamitalia\/","https:\/\/www.instagram.com\/fiamitalia_official\/","https:\/\/pinterest.com\/fiamitalia_\/","https:\/\/www.linkedin.com\/company\/1658601\/","https:\/\/www.youtube.com\/user\/FiamItalia\/"]}]}},"_links":{"self":[{"href":"https:\/\/www.fiamitalia.it\/fr\/wp-json\/wp\/v2\/pages\/33816","targetHints":{"allow":["GET"]}}],"collection":[{"href":"https:\/\/www.fiamitalia.it\/fr\/wp-json\/wp\/v2\/pages"}],"about":[{"href":"https:\/\/www.fiamitalia.it\/fr\/wp-json\/wp\/v2\/types\/page"}],"author":[{"embeddable":true,"href":"https:\/\/www.fiamitalia.it\/fr\/wp-json\/wp\/v2\/users\/1"}],"replies":[{"embeddable":true,"href":"https:\/\/www.fiamitalia.it\/fr\/wp-json\/wp\/v2\/comments?post=33816"}],"version-history":[{"count":19,"href":"https:\/\/www.fiamitalia.it\/fr\/wp-json\/wp\/v2\/pages\/33816\/revisions"}],"predecessor-version":[{"id":49746,"href":"https:\/\/www.fiamitalia.it\/fr\/wp-json\/wp\/v2\/pages\/33816\/revisions\/49746"}],"wp:attachment":[{"href":"https:\/\/www.fiamitalia.it\/fr\/wp-json\/wp\/v2\/media?parent=33816"}],"curies":[{"name":"wp","href":"https:\/\/api.w.org\/{rel}","templated":true}]}}