{"id":33394,"date":"2023-02-22T14:28:43","date_gmt":"2023-02-22T14:28:43","guid":{"rendered":"https:\/\/dev.fiamitalia.it\/accessori\/"},"modified":"2023-03-31T09:10:33","modified_gmt":"2023-03-31T09:10:33","slug":"accessoires","status":"publish","type":"page","link":"https:\/\/www.fiamitalia.it\/fr\/accessoires\/","title":{"rendered":"Accessoires"},"content":{"rendered":"\t\t<div data-elementor-type=\"wp-page\" data-elementor-id=\"33394\" class=\"elementor elementor-33394 elementor-11804\" data-elementor-post-type=\"page\">\n\t\t\t\t\t\t<section class=\"elementor-section elementor-top-section elementor-element elementor-element-3177621 elementor-section-height-min-height elementor-section-boxed elementor-section-height-default elementor-section-items-middle\" data-id=\"3177621\" data-element_type=\"section\" data-settings=\"{&quot;background_background&quot;:&quot;classic&quot;}\">\n\t\t\t\t\t\t\t<div class=\"elementor-background-overlay\"><\/div>\n\t\t\t\t\t\t\t<div class=\"elementor-container elementor-column-gap-default\">\n\t\t\t\t\t<div class=\"elementor-column elementor-col-100 elementor-top-column elementor-element elementor-element-a368802\" data-id=\"a368802\" data-element_type=\"column\">\n\t\t\t<div class=\"elementor-widget-wrap elementor-element-populated\">\n\t\t\t\t\t\t<div class=\"elementor-element elementor-element-0cc1ab6 elementor-widget elementor-widget-heading\" data-id=\"0cc1ab6\" data-element_type=\"widget\" data-widget_type=\"heading.default\">\n\t\t\t\t<div class=\"elementor-widget-container\">\n\t\t\t\t\t<h1 class=\"elementor-heading-title elementor-size-default\">Accessoires<\/h1>\t\t\t\t<\/div>\n\t\t\t\t<\/div>\n\t\t\t\t\t<\/div>\n\t\t<\/div>\n\t\t\t\t\t<\/div>\n\t\t<\/section>\n\t\t\t\t<section class=\"elementor-section elementor-top-section elementor-element elementor-element-3a628f5 elementor-section-boxed elementor-section-height-default elementor-section-height-default\" data-id=\"3a628f5\" data-element_type=\"section\">\n\t\t\t\t\t\t<div class=\"elementor-container elementor-column-gap-default\">\n\t\t\t\t\t<div class=\"elementor-column elementor-col-50 elementor-top-column elementor-element elementor-element-78ff6a3\" data-id=\"78ff6a3\" data-element_type=\"column\">\n\t\t\t<div class=\"elementor-widget-wrap elementor-element-populated\">\n\t\t\t\t\t\t<div class=\"elementor-element elementor-element-7069eea elementor-widget elementor-widget-heading\" data-id=\"7069eea\" data-element_type=\"widget\" data-widget_type=\"heading.default\">\n\t\t\t\t<div class=\"elementor-widget-container\">\n\t\t\t\t\t<h2 class=\"elementor-heading-title elementor-size-default\">Cobra<br> le porte-parapluie<\/h2>\t\t\t\t<\/div>\n\t\t\t\t<\/div>\n\t\t\t\t<div class=\"elementor-element elementor-element-fe92597 elementor-widget elementor-widget-text-editor\" data-id=\"fe92597\" data-element_type=\"widget\" data-widget_type=\"text-editor.default\">\n\t\t\t\t<div class=\"elementor-widget-container\">\n\t\t\t\t\t\t\t\t\tPorte-parapluies en verre cintr\u00e9 de 10 mm avec base en m\u00e9tal vernis noir.\t\t\t\t\t\t\t\t<\/div>\n\t\t\t\t<\/div>\n\t\t\t\t<div class=\"elementor-element elementor-element-a83efae elementor-align-left elementor-mobile-align-center elementor-widget elementor-widget-button\" data-id=\"a83efae\" data-element_type=\"widget\" data-widget_type=\"button.default\">\n\t\t\t\t<div class=\"elementor-widget-container\">\n\t\t\t\t\t\t\t\t\t<div class=\"elementor-button-wrapper\">\n\t\t\t\t\t<a class=\"wk_pulsante_nero elementor-button elementor-button-link elementor-size-sm\" href=\"#tuttiprodotti\">\n\t\t\t\t\t\t<span class=\"elementor-button-content-wrapper\">\n\t\t\t\t\t\t\t\t\t<span class=\"elementor-button-text\">tous les accessoires<\/span>\n\t\t\t\t\t<\/span>\n\t\t\t\t\t<\/a>\n\t\t\t\t<\/div>\n\t\t\t\t\t\t\t\t<\/div>\n\t\t\t\t<\/div>\n\t\t\t\t\t<\/div>\n\t\t<\/div>\n\t\t\t\t<div class=\"elementor-column elementor-col-50 elementor-top-column elementor-element elementor-element-67a2f4e\" data-id=\"67a2f4e\" data-element_type=\"column\">\n\t\t\t<div class=\"elementor-widget-wrap elementor-element-populated\">\n\t\t\t\t\t\t<div class=\"elementor-element elementor-element-5fc2ee6 elementor-pagination-position-outside elementor--h-position-center elementor--v-position-middle elementor-widget elementor-widget-slides\" data-id=\"5fc2ee6\" data-element_type=\"widget\" data-settings=\"{&quot;navigation&quot;:&quot;dots&quot;,&quot;autoplay&quot;:&quot;yes&quot;,&quot;pause_on_hover&quot;:&quot;yes&quot;,&quot;pause_on_interaction&quot;:&quot;yes&quot;,&quot;autoplay_speed&quot;:5000,&quot;infinite&quot;:&quot;yes&quot;,&quot;transition&quot;:&quot;slide&quot;,&quot;transition_speed&quot;:500}\" data-widget_type=\"slides.default\">\n\t\t\t\t<div class=\"elementor-widget-container\">\n\t\t\t\t\t\t\t\t\t<div class=\"elementor-swiper\">\n\t\t\t\t\t<div class=\"elementor-slides-wrapper elementor-main-swiper swiper\" role=\"region\" aria-roledescription=\"carousel\" aria-label=\"Diapositives\" dir=\"ltr\" data-animation=\"fadeInUp\">\n\t\t\t\t<div class=\"swiper-wrapper elementor-slides\">\n\t\t\t\t\t\t\t\t\t\t<div class=\"elementor-repeater-item-57f32a4 swiper-slide\" role=\"group\" aria-roledescription=\"slide\"><div class=\"swiper-slide-bg\" role=\"img\"><\/div><div class=\"swiper-slide-inner\" ><div class=\"swiper-slide-contents\"><\/div><\/div><\/div>\t\t\t\t<\/div>\n\t\t\t\t\t\t\t<\/div>\n\t\t\t\t<\/div>\n\t\t\t\t\t\t\t\t<\/div>\n\t\t\t\t<\/div>\n\t\t\t\t\t<\/div>\n\t\t<\/div>\n\t\t\t\t\t<\/div>\n\t\t<\/section>\n\t\t\t\t<section class=\"elementor-section elementor-top-section elementor-element elementor-element-7ce863d elementor-reverse-mobile elementor-section-boxed elementor-section-height-default elementor-section-height-default\" data-id=\"7ce863d\" data-element_type=\"section\">\n\t\t\t\t\t\t<div class=\"elementor-container elementor-column-gap-default\">\n\t\t\t\t\t<div class=\"elementor-column elementor-col-50 elementor-top-column elementor-element elementor-element-f92f453\" data-id=\"f92f453\" data-element_type=\"column\">\n\t\t\t<div class=\"elementor-widget-wrap elementor-element-populated\">\n\t\t\t\t\t\t<div class=\"elementor-element elementor-element-0f0ab11 elementor-pagination-position-outside elementor--h-position-center elementor--v-position-middle elementor-widget elementor-widget-slides\" data-id=\"0f0ab11\" data-element_type=\"widget\" data-settings=\"{&quot;navigation&quot;:&quot;dots&quot;,&quot;autoplay&quot;:&quot;yes&quot;,&quot;pause_on_hover&quot;:&quot;yes&quot;,&quot;pause_on_interaction&quot;:&quot;yes&quot;,&quot;autoplay_speed&quot;:5000,&quot;infinite&quot;:&quot;yes&quot;,&quot;transition&quot;:&quot;slide&quot;,&quot;transition_speed&quot;:500}\" data-widget_type=\"slides.default\">\n\t\t\t\t<div class=\"elementor-widget-container\">\n\t\t\t\t\t\t\t\t\t<div class=\"elementor-swiper\">\n\t\t\t\t\t<div class=\"elementor-slides-wrapper elementor-main-swiper swiper\" role=\"region\" aria-roledescription=\"carousel\" aria-label=\"Diapositives\" dir=\"ltr\" data-animation=\"fadeInUp\">\n\t\t\t\t<div class=\"swiper-wrapper elementor-slides\">\n\t\t\t\t\t\t\t\t\t\t<div class=\"elementor-repeater-item-57f32a4 swiper-slide\" role=\"group\" aria-roledescription=\"slide\"><div class=\"swiper-slide-bg\" role=\"img\"><\/div><div class=\"swiper-slide-inner\" ><div class=\"swiper-slide-contents\"><\/div><\/div><\/div>\t\t\t\t<\/div>\n\t\t\t\t\t\t\t<\/div>\n\t\t\t\t<\/div>\n\t\t\t\t\t\t\t\t<\/div>\n\t\t\t\t<\/div>\n\t\t\t\t\t<\/div>\n\t\t<\/div>\n\t\t\t\t<div class=\"elementor-column elementor-col-50 elementor-top-column elementor-element elementor-element-7410eb0\" data-id=\"7410eb0\" data-element_type=\"column\">\n\t\t\t<div class=\"elementor-widget-wrap elementor-element-populated\">\n\t\t\t\t\t\t<div class=\"elementor-element elementor-element-bb986b8 elementor-widget elementor-widget-heading\" data-id=\"bb986b8\" data-element_type=\"widget\" data-widget_type=\"heading.default\">\n\t\t\t\t<div class=\"elementor-widget-container\">\n\t\t\t\t\t<h2 class=\"elementor-heading-title elementor-size-default\">Vogue<\/br> le porte-magazine<\/h2>\t\t\t\t<\/div>\n\t\t\t\t<\/div>\n\t\t\t\t<div class=\"elementor-element elementor-element-222799d elementor-widget elementor-widget-text-editor\" data-id=\"222799d\" data-element_type=\"widget\" data-widget_type=\"text-editor.default\">\n\t\t\t\t<div class=\"elementor-widget-container\">\n\t\t\t\t\t\t\t\t\tPorte-revues en verre transparent cintr\u00e9 de 10 mm avec supports en acier inoxydable.\n\t\t\t\t\t\t\t\t<\/div>\n\t\t\t\t<\/div>\n\t\t\t\t<div class=\"elementor-element elementor-element-ad98a41 elementor-align-left elementor-mobile-align-center elementor-widget elementor-widget-button\" data-id=\"ad98a41\" data-element_type=\"widget\" data-widget_type=\"button.default\">\n\t\t\t\t<div class=\"elementor-widget-container\">\n\t\t\t\t\t\t\t\t\t<div class=\"elementor-button-wrapper\">\n\t\t\t\t\t<a class=\"wk_pulsante_nero elementor-button elementor-button-link elementor-size-sm\" href=\"#tuttiprodotti\">\n\t\t\t\t\t\t<span class=\"elementor-button-content-wrapper\">\n\t\t\t\t\t\t\t\t\t<span class=\"elementor-button-text\">tous les accessoires<\/span>\n\t\t\t\t\t<\/span>\n\t\t\t\t\t<\/a>\n\t\t\t\t<\/div>\n\t\t\t\t\t\t\t\t<\/div>\n\t\t\t\t<\/div>\n\t\t\t\t\t<\/div>\n\t\t<\/div>\n\t\t\t\t\t<\/div>\n\t\t<\/section>\n\t\t\t\t<section class=\"elementor-section elementor-top-section elementor-element elementor-element-0e2416a elementor-section-boxed elementor-section-height-default elementor-section-height-default\" data-id=\"0e2416a\" data-element_type=\"section\">\n\t\t\t\t\t\t<div class=\"elementor-container elementor-column-gap-default\">\n\t\t\t\t\t<div class=\"elementor-column elementor-col-100 elementor-top-column elementor-element elementor-element-adc19ec\" data-id=\"adc19ec\" data-element_type=\"column\">\n\t\t\t<div class=\"elementor-widget-wrap elementor-element-populated\">\n\t\t\t\t\t\t\t<\/div>\n\t\t<\/div>\n\t\t\t\t\t<\/div>\n\t\t<\/section>\n\t\t\t\t<section class=\"elementor-section elementor-top-section elementor-element elementor-element-b8193fc elementor-section-full_width elementor-section-height-default elementor-section-height-default\" data-id=\"b8193fc\" data-element_type=\"section\">\n\t\t\t\t\t\t<div class=\"elementor-container elementor-column-gap-default\">\n\t\t\t\t\t<div class=\"elementor-column elementor-col-100 elementor-top-column elementor-element elementor-element-5c85582\" data-id=\"5c85582\" data-element_type=\"column\">\n\t\t\t<div class=\"elementor-widget-wrap elementor-element-populated\">\n\t\t\t\t\t\t<div class=\"elementor-element elementor-element-6c41822 elementor-widget elementor-widget-wk_blocco_griglia_prodotti\" data-id=\"6c41822\" data-element_type=\"widget\" data-widget_type=\"wk_blocco_griglia_prodotti.default\">\n\t\t\t\t<div class=\"elementor-widget-container\">\n\t\t\t\t\t<div class=\"wk_griglia_categoria\" style=\"background-color: #F7F8F8;\" id=\"tuttiprodotti\"><div class=\"wrapper\"><div class=\"wk_griglia_cat__header\">\t<h3 class=\"wk_griglia_cat__title\">tutti gli accessori<\/h3><\/div>\t<div class=\"wk_griglia_cat__body\">\t\t<ul id=\"archivio_prodotti\" class=\"\">\t\t\t<div class=\"no-result-message\" style=\"display: none;margin-top:0;text-align:left;\">No products matching the filters selected.<\/div>\t\t<li class=\"wk_prodotto  metal-fr verre-plat-transparent  accessoires \" data-id=\"29910\" data-code=\"Cobra\" data-title=\"COBRA-accessory - Cobra\">   \t\t<a href=\"https:\/\/www.fiamitalia.it\/fr\/prodotti\/cobra\/\" target=\"_blank\">\t\t\t\t<div class=\"wk_prodotto__container\">\t\t\t\t\t<div class=\"wk_product_cover\">\t\t\t\t\t\t<img decoding=\"async\" src=\"https:\/\/www.fiamitalia.it\/wp-content\/uploads\/2023\/01\/FIAM_Cobra_still_life.jpg\" class=\"wk_product_cover__img lazy\">\t\t\t\t\t<\/div>\t\t\t\t\t<div class=\"wk_product_cover_hover\">\t\t\t\t\t\t<img decoding=\"async\" src=\"https:\/\/www.fiamitalia.it\/wp-content\/uploads\/2023\/02\/cobra_griglia-ambientate.jpg\" class=\"wk_product_cover__img lazy\">\t\t\t\t\t<\/div>\t\t\t\t\t<div class=\"wk_new_stamp\">\n\t                \t\t\t\t\t\t    <span class=\"wk_new_stamp_box\">new<\/span>\n\t                \t\t\t\t\t\t<\/div>\t\t\t\t\t<h4 class=\"wk_product_excerpt\">Cobra<\/h4>\t\t\t\t<\/div>\t\t\t<\/a>\t\t<\/li>\t\t<li class=\"wk_prodotto  metal-fr verre-plat-transparent  accessoires \" data-id=\"29967\" data-code=\"Vogue\" data-title=\"VOGUE-accessory - Vogue\">   \t\t<a href=\"https:\/\/www.fiamitalia.it\/fr\/prodotti\/vogue\/\" target=\"_blank\">\t\t\t\t<div class=\"wk_prodotto__container\">\t\t\t\t\t<div class=\"wk_product_cover\">\t\t\t\t\t\t<img decoding=\"async\" src=\"https:\/\/www.fiamitalia.it\/wp-content\/uploads\/2023\/01\/FIAM_Vogue_still_life.jpg\" class=\"wk_product_cover__img lazy\">\t\t\t\t\t<\/div>\t\t\t\t\t<div class=\"wk_product_cover_hover\">\t\t\t\t\t\t<img decoding=\"async\" src=\"https:\/\/www.fiamitalia.it\/wp-content\/uploads\/2023\/02\/VOGUE_1_72.jpg\" class=\"wk_product_cover__img lazy\">\t\t\t\t\t<\/div>\t\t\t\t\t<div class=\"wk_new_stamp\">\n\t                \t\t\t\t\t\t    <span class=\"wk_new_stamp_box\">new<\/span>\n\t                \t\t\t\t\t\t<\/div>\t\t\t\t\t<h4 class=\"wk_product_excerpt\">Vogue<\/h4>\t\t\t\t<\/div>\t\t\t<\/a>\t\t<\/li>\t\t<\/ul>\t\t<div class=\"wk_griglia_cat__filters\">\t\t\t<div class=\"filter-header\">\t\t\t\t<h6 class=\"filter-header-wrapper\">Filtres<\/h6>\t\t\t\t<div class=\"filter-close\">\t\t\t\t\t<svg xmlns=\"http:\/\/www.w3.org\/2000\/svg\" width=\"18.207\" height=\"18.207\" viewBox=\"0 0 18.207 18.207\">\n\t\t            \t\t  \t\t\t\t\t<g id=\"X\" transform=\"translate(-756.34 -1416.6) rotate(45)\">\n\t\t\t\t\t\t\t            \t\t    <line id=\"Linea_59\" data-name=\"Linea 59\" x2=\"24.748\" transform=\"translate(1537 466.874)\" fill=\"none\" stroke=\"#000\" stroke-width=\"1\"\/>\n\t\t\t\t\t\t\t            \t\t    <line id=\"Linea_60\" data-name=\"Linea 60\" x2=\"24.748\" transform=\"translate(1549.374 454.5) rotate(90)\" fill=\"none\" stroke=\"#000\" stroke-width=\"1\"\/>\n\t\t\t\t\t\t\t            \t\t  <\/g>\n\t\t\t\t\t\t\t            \t<\/svg>\t\t\t\t<\/div>\t\t\t<\/div><div class=\"filtri-a-comparsa\" data-macro=\"42\"><\/div>\t\t<\/div>\t<\/div><\/div><\/div>\t\t\t\t<\/div>\n\t\t\t\t<\/div>\n\t\t\t\t\t<\/div>\n\t\t<\/div>\n\t\t\t\t\t<\/div>\n\t\t<\/section>\n\t\t\t\t<\/div>\n\t\t","protected":false},"excerpt":{"rendered":"<p>Accessoires Cobra le porte-parapluie Porte-parapluies en verre cintr\u00e9 de 10 mm avec base en m\u00e9tal vernis noir. tous les accessoires Vogue le porte-magazine Porte-revues en verre transparent cintr\u00e9 de 10 mm avec supports en acier inoxydable. tous les accessoires tutti gli accessori Cobra Vogue Filtres verre pur verre textur\u00e9<\/p>\n","protected":false},"author":1,"featured_media":0,"parent":0,"menu_order":0,"comment_status":"closed","ping_status":"closed","template":"","meta":{"_acf_changed":false,"footnotes":""},"class_list":["post-33394","page","type-page","status-publish","hentry","categoria-prodotti-accessoires"],"acf":[],"yoast_head":"<!-- This site is optimized with the Yoast SEO plugin v25.8 - https:\/\/yoast.com\/wordpress\/plugins\/seo\/ -->\n<title>Accessoires en cristal cintr\u00e9 \u2013 FIAM Italie<\/title>\n<meta name=\"description\" content=\"D\u00e9corez la maison avec les accessoires en cristal FIAM, compl\u00e9ments d\u2019ameublement qui valorisent chaque pi\u00e8ce. Visitez le site pour en savoir plus!\" \/>\n<meta name=\"robots\" content=\"index, follow, max-snippet:-1, max-image-preview:large, max-video-preview:-1\" \/>\n<link rel=\"canonical\" href=\"https:\/\/www.fiamitalia.it\/fr\/accessoires\/\" \/>\n<meta property=\"og:locale\" content=\"fr_FR\" \/>\n<meta property=\"og:type\" content=\"article\" \/>\n<meta property=\"og:title\" content=\"Accessoires en cristal cintr\u00e9 \u2013 FIAM Italie\" \/>\n<meta property=\"og:description\" content=\"D\u00e9corez la maison avec les accessoires en cristal FIAM, compl\u00e9ments d\u2019ameublement qui valorisent chaque pi\u00e8ce. Visitez le site pour en savoir plus!\" \/>\n<meta property=\"og:url\" content=\"https:\/\/www.fiamitalia.it\/fr\/accessoires\/\" \/>\n<meta property=\"og:site_name\" content=\"Fiam Italia\" \/>\n<meta property=\"article:publisher\" content=\"https:\/\/www.facebook.com\/fiamitalia\/\" \/>\n<meta property=\"article:modified_time\" content=\"2023-03-31T09:10:33+00:00\" \/>\n<meta property=\"og:image\" content=\"https:\/\/dev.fiamitalia.it\/wp-content\/uploads\/2023\/01\/FIAM_Cobra_still_life.jpg\" \/>\n<meta name=\"twitter:card\" content=\"summary_large_image\" \/>\n<meta name=\"twitter:label1\" content=\"Dur\u00e9e de lecture estim\u00e9e\" \/>\n\t<meta name=\"twitter:data1\" content=\"2 minutes\" \/>\n<script type=\"application\/ld+json\" class=\"yoast-schema-graph\">{\"@context\":\"https:\/\/schema.org\",\"@graph\":[{\"@type\":\"WebPage\",\"@id\":\"https:\/\/www.fiamitalia.it\/fr\/accessoires\/\",\"url\":\"https:\/\/www.fiamitalia.it\/fr\/accessoires\/\",\"name\":\"Accessoires en cristal cintr\u00e9 \u2013 FIAM Italie\",\"isPartOf\":{\"@id\":\"https:\/\/www.fiamitalia.it\/fr\/#website\"},\"primaryImageOfPage\":{\"@id\":\"https:\/\/www.fiamitalia.it\/fr\/accessoires\/#primaryimage\"},\"image\":{\"@id\":\"https:\/\/www.fiamitalia.it\/fr\/accessoires\/#primaryimage\"},\"thumbnailUrl\":\"https:\/\/dev.fiamitalia.it\/wp-content\/uploads\/2023\/01\/FIAM_Cobra_still_life.jpg\",\"datePublished\":\"2023-02-22T14:28:43+00:00\",\"dateModified\":\"2023-03-31T09:10:33+00:00\",\"description\":\"D\u00e9corez la maison avec les accessoires en cristal FIAM, compl\u00e9ments d\u2019ameublement qui valorisent chaque pi\u00e8ce. Visitez le site pour en savoir plus!\",\"breadcrumb\":{\"@id\":\"https:\/\/www.fiamitalia.it\/fr\/accessoires\/#breadcrumb\"},\"inLanguage\":\"fr-FR\",\"potentialAction\":[{\"@type\":\"ReadAction\",\"target\":[\"https:\/\/www.fiamitalia.it\/fr\/accessoires\/\"]}]},{\"@type\":\"ImageObject\",\"inLanguage\":\"fr-FR\",\"@id\":\"https:\/\/www.fiamitalia.it\/fr\/accessoires\/#primaryimage\",\"url\":\"https:\/\/dev.fiamitalia.it\/wp-content\/uploads\/2023\/01\/FIAM_Cobra_still_life.jpg\",\"contentUrl\":\"https:\/\/dev.fiamitalia.it\/wp-content\/uploads\/2023\/01\/FIAM_Cobra_still_life.jpg\"},{\"@type\":\"BreadcrumbList\",\"@id\":\"https:\/\/www.fiamitalia.it\/fr\/accessoires\/#breadcrumb\",\"itemListElement\":[{\"@type\":\"ListItem\",\"position\":1,\"name\":\"Home\",\"item\":\"https:\/\/www.fiamitalia.it\/fr\/\"},{\"@type\":\"ListItem\",\"position\":2,\"name\":\"Accessoires\"}]},{\"@type\":\"WebSite\",\"@id\":\"https:\/\/www.fiamitalia.it\/fr\/#website\",\"url\":\"https:\/\/www.fiamitalia.it\/fr\/\",\"name\":\"Fiam Italia\",\"description\":\"Da oltre 40 anni FIAM \u00e8 sinonimo di cultura del vetro a livello globale e produce elementi di arredo in vetro curvato di design. Scopri di pi\u00f9 sul sito!\",\"publisher\":{\"@id\":\"https:\/\/www.fiamitalia.it\/fr\/#organization\"},\"potentialAction\":[{\"@type\":\"SearchAction\",\"target\":{\"@type\":\"EntryPoint\",\"urlTemplate\":\"https:\/\/www.fiamitalia.it\/fr\/?s={search_term_string}\"},\"query-input\":{\"@type\":\"PropertyValueSpecification\",\"valueRequired\":true,\"valueName\":\"search_term_string\"}}],\"inLanguage\":\"fr-FR\"},{\"@type\":\"Organization\",\"@id\":\"https:\/\/www.fiamitalia.it\/fr\/#organization\",\"name\":\"Fiam Italia\",\"url\":\"https:\/\/www.fiamitalia.it\/fr\/\",\"logo\":{\"@type\":\"ImageObject\",\"inLanguage\":\"fr-FR\",\"@id\":\"https:\/\/www.fiamitalia.it\/fr\/#\/schema\/logo\/image\/\",\"url\":\"https:\/\/www.fiamitalia.it\/wp-content\/uploads\/2023\/03\/cropped-Fiam_quadr_bn_Outline.png\",\"contentUrl\":\"https:\/\/www.fiamitalia.it\/wp-content\/uploads\/2023\/03\/cropped-Fiam_quadr_bn_Outline.png\",\"width\":945,\"height\":945,\"caption\":\"Fiam Italia\"},\"image\":{\"@id\":\"https:\/\/www.fiamitalia.it\/fr\/#\/schema\/logo\/image\/\"},\"sameAs\":[\"https:\/\/www.facebook.com\/fiamitalia\/\",\"https:\/\/www.instagram.com\/fiamitalia_official\/\",\"https:\/\/pinterest.com\/fiamitalia_\/\",\"https:\/\/www.linkedin.com\/company\/1658601\/\",\"https:\/\/www.youtube.com\/user\/FiamItalia\/\"]}]}<\/script>\n<!-- \/ Yoast SEO plugin. -->","yoast_head_json":{"title":"Accessoires en cristal cintr\u00e9 \u2013 FIAM Italie","description":"D\u00e9corez la maison avec les accessoires en cristal FIAM, compl\u00e9ments d\u2019ameublement qui valorisent chaque pi\u00e8ce. Visitez le site pour en savoir plus!","robots":{"index":"index","follow":"follow","max-snippet":"max-snippet:-1","max-image-preview":"max-image-preview:large","max-video-preview":"max-video-preview:-1"},"canonical":"https:\/\/www.fiamitalia.it\/fr\/accessoires\/","og_locale":"fr_FR","og_type":"article","og_title":"Accessoires en cristal cintr\u00e9 \u2013 FIAM Italie","og_description":"D\u00e9corez la maison avec les accessoires en cristal FIAM, compl\u00e9ments d\u2019ameublement qui valorisent chaque pi\u00e8ce. Visitez le site pour en savoir plus!","og_url":"https:\/\/www.fiamitalia.it\/fr\/accessoires\/","og_site_name":"Fiam Italia","article_publisher":"https:\/\/www.facebook.com\/fiamitalia\/","article_modified_time":"2023-03-31T09:10:33+00:00","og_image":[{"url":"https:\/\/dev.fiamitalia.it\/wp-content\/uploads\/2023\/01\/FIAM_Cobra_still_life.jpg","type":"","width":"","height":""}],"twitter_card":"summary_large_image","twitter_misc":{"Dur\u00e9e de lecture estim\u00e9e":"2 minutes"},"schema":{"@context":"https:\/\/schema.org","@graph":[{"@type":"WebPage","@id":"https:\/\/www.fiamitalia.it\/fr\/accessoires\/","url":"https:\/\/www.fiamitalia.it\/fr\/accessoires\/","name":"Accessoires en cristal cintr\u00e9 \u2013 FIAM Italie","isPartOf":{"@id":"https:\/\/www.fiamitalia.it\/fr\/#website"},"primaryImageOfPage":{"@id":"https:\/\/www.fiamitalia.it\/fr\/accessoires\/#primaryimage"},"image":{"@id":"https:\/\/www.fiamitalia.it\/fr\/accessoires\/#primaryimage"},"thumbnailUrl":"https:\/\/dev.fiamitalia.it\/wp-content\/uploads\/2023\/01\/FIAM_Cobra_still_life.jpg","datePublished":"2023-02-22T14:28:43+00:00","dateModified":"2023-03-31T09:10:33+00:00","description":"D\u00e9corez la maison avec les accessoires en cristal FIAM, compl\u00e9ments d\u2019ameublement qui valorisent chaque pi\u00e8ce. Visitez le site pour en savoir plus!","breadcrumb":{"@id":"https:\/\/www.fiamitalia.it\/fr\/accessoires\/#breadcrumb"},"inLanguage":"fr-FR","potentialAction":[{"@type":"ReadAction","target":["https:\/\/www.fiamitalia.it\/fr\/accessoires\/"]}]},{"@type":"ImageObject","inLanguage":"fr-FR","@id":"https:\/\/www.fiamitalia.it\/fr\/accessoires\/#primaryimage","url":"https:\/\/dev.fiamitalia.it\/wp-content\/uploads\/2023\/01\/FIAM_Cobra_still_life.jpg","contentUrl":"https:\/\/dev.fiamitalia.it\/wp-content\/uploads\/2023\/01\/FIAM_Cobra_still_life.jpg"},{"@type":"BreadcrumbList","@id":"https:\/\/www.fiamitalia.it\/fr\/accessoires\/#breadcrumb","itemListElement":[{"@type":"ListItem","position":1,"name":"Home","item":"https:\/\/www.fiamitalia.it\/fr\/"},{"@type":"ListItem","position":2,"name":"Accessoires"}]},{"@type":"WebSite","@id":"https:\/\/www.fiamitalia.it\/fr\/#website","url":"https:\/\/www.fiamitalia.it\/fr\/","name":"Fiam Italia","description":"Da oltre 40 anni FIAM \u00e8 sinonimo di cultura del vetro a livello globale e produce elementi di arredo in vetro curvato di design. Scopri di pi\u00f9 sul sito!","publisher":{"@id":"https:\/\/www.fiamitalia.it\/fr\/#organization"},"potentialAction":[{"@type":"SearchAction","target":{"@type":"EntryPoint","urlTemplate":"https:\/\/www.fiamitalia.it\/fr\/?s={search_term_string}"},"query-input":{"@type":"PropertyValueSpecification","valueRequired":true,"valueName":"search_term_string"}}],"inLanguage":"fr-FR"},{"@type":"Organization","@id":"https:\/\/www.fiamitalia.it\/fr\/#organization","name":"Fiam Italia","url":"https:\/\/www.fiamitalia.it\/fr\/","logo":{"@type":"ImageObject","inLanguage":"fr-FR","@id":"https:\/\/www.fiamitalia.it\/fr\/#\/schema\/logo\/image\/","url":"https:\/\/www.fiamitalia.it\/wp-content\/uploads\/2023\/03\/cropped-Fiam_quadr_bn_Outline.png","contentUrl":"https:\/\/www.fiamitalia.it\/wp-content\/uploads\/2023\/03\/cropped-Fiam_quadr_bn_Outline.png","width":945,"height":945,"caption":"Fiam Italia"},"image":{"@id":"https:\/\/www.fiamitalia.it\/fr\/#\/schema\/logo\/image\/"},"sameAs":["https:\/\/www.facebook.com\/fiamitalia\/","https:\/\/www.instagram.com\/fiamitalia_official\/","https:\/\/pinterest.com\/fiamitalia_\/","https:\/\/www.linkedin.com\/company\/1658601\/","https:\/\/www.youtube.com\/user\/FiamItalia\/"]}]}},"_links":{"self":[{"href":"https:\/\/www.fiamitalia.it\/fr\/wp-json\/wp\/v2\/pages\/33394","targetHints":{"allow":["GET"]}}],"collection":[{"href":"https:\/\/www.fiamitalia.it\/fr\/wp-json\/wp\/v2\/pages"}],"about":[{"href":"https:\/\/www.fiamitalia.it\/fr\/wp-json\/wp\/v2\/types\/page"}],"author":[{"embeddable":true,"href":"https:\/\/www.fiamitalia.it\/fr\/wp-json\/wp\/v2\/users\/1"}],"replies":[{"embeddable":true,"href":"https:\/\/www.fiamitalia.it\/fr\/wp-json\/wp\/v2\/comments?post=33394"}],"version-history":[{"count":7,"href":"https:\/\/www.fiamitalia.it\/fr\/wp-json\/wp\/v2\/pages\/33394\/revisions"}],"predecessor-version":[{"id":36431,"href":"https:\/\/www.fiamitalia.it\/fr\/wp-json\/wp\/v2\/pages\/33394\/revisions\/36431"}],"wp:attachment":[{"href":"https:\/\/www.fiamitalia.it\/fr\/wp-json\/wp\/v2\/media?parent=33394"}],"curies":[{"name":"wp","href":"https:\/\/api.w.org\/{rel}","templated":true}]}}