{"id":33325,"date":"2023-02-22T14:34:57","date_gmt":"2023-02-22T14:34:57","guid":{"rendered":"https:\/\/dev.fiamitalia.it\/libreria-e-sistemi\/"},"modified":"2023-03-31T09:20:40","modified_gmt":"2023-03-31T09:20:40","slug":"bibliotheques-systemes","status":"publish","type":"page","link":"https:\/\/www.fiamitalia.it\/fr\/bibliotheques-systemes\/","title":{"rendered":"Biblioth\u00e8ques et syst\u00e8mes"},"content":{"rendered":"\t\t<div data-elementor-type=\"wp-page\" data-elementor-id=\"33325\" class=\"elementor elementor-33325 elementor-11840\" data-elementor-post-type=\"page\">\n\t\t\t\t\t\t<section class=\"elementor-section elementor-top-section elementor-element elementor-element-3177621 elementor-section-height-min-height elementor-section-boxed elementor-section-height-default elementor-section-items-middle\" data-id=\"3177621\" data-element_type=\"section\" data-settings=\"{&quot;background_background&quot;:&quot;classic&quot;}\">\n\t\t\t\t\t\t\t<div class=\"elementor-background-overlay\"><\/div>\n\t\t\t\t\t\t\t<div class=\"elementor-container elementor-column-gap-default\">\n\t\t\t\t\t<div class=\"elementor-column elementor-col-100 elementor-top-column elementor-element elementor-element-a368802\" data-id=\"a368802\" data-element_type=\"column\">\n\t\t\t<div class=\"elementor-widget-wrap elementor-element-populated\">\n\t\t\t\t\t\t<div class=\"elementor-element elementor-element-0cc1ab6 elementor-widget elementor-widget-heading\" data-id=\"0cc1ab6\" data-element_type=\"widget\" data-widget_type=\"heading.default\">\n\t\t\t\t<div class=\"elementor-widget-container\">\n\t\t\t\t\t<h1 class=\"elementor-heading-title elementor-size-default\">Biblioth\u00e8ques et syst\u00e8mes<\/h1>\t\t\t\t<\/div>\n\t\t\t\t<\/div>\n\t\t\t\t\t<\/div>\n\t\t<\/div>\n\t\t\t\t\t<\/div>\n\t\t<\/section>\n\t\t\t\t<section class=\"elementor-section elementor-top-section elementor-element elementor-element-3a628f5 elementor-section-boxed elementor-section-height-default elementor-section-height-default\" data-id=\"3a628f5\" data-element_type=\"section\">\n\t\t\t\t\t\t<div class=\"elementor-container elementor-column-gap-default\">\n\t\t\t\t\t<div class=\"elementor-column elementor-col-50 elementor-top-column elementor-element elementor-element-78ff6a3\" data-id=\"78ff6a3\" data-element_type=\"column\">\n\t\t\t<div class=\"elementor-widget-wrap elementor-element-populated\">\n\t\t\t\t\t\t<div class=\"elementor-element elementor-element-7069eea elementor-widget elementor-widget-heading\" data-id=\"7069eea\" data-element_type=\"widget\" data-widget_type=\"heading.default\">\n\t\t\t\t<div class=\"elementor-widget-container\">\n\t\t\t\t\t<h2 class=\"elementor-heading-title elementor-size-default\">Essentiel sophistiqu\u00e9<\/h2>\t\t\t\t<\/div>\n\t\t\t\t<\/div>\n\t\t\t\t<div class=\"elementor-element elementor-element-fe92597 elementor-widget elementor-widget-text-editor\" data-id=\"fe92597\" data-element_type=\"widget\" data-widget_type=\"text-editor.default\">\n\t\t\t\t<div class=\"elementor-widget-container\">\n\t\t\t\t\t\t\t\t\t<p>Les biblioth\u00e8ques modulables se distinguent par leur polyvalence, leur contemporan\u00e9it\u00e9 et par la qualit\u00e9 des mat\u00e9riaux.<span style=\"color: var( --e-global-color-text ); font-family: var( --e-global-typography-text-font-family ), Sans-serif; font-size: var( --e-global-typography-text-font-size ); font-weight: var( --e-global-typography-text-font-weight ); letter-spacing: 0.03em; word-spacing: 0.07em;\">\u00a0<\/span><\/p><p><span style=\"color: var( --e-global-color-text ); font-family: var( --e-global-typography-text-font-family ), Sans-serif; font-size: var( --e-global-typography-text-font-size ); font-weight: var( --e-global-typography-text-font-weight ); letter-spacing: 0.03em; word-spacing: 0.07em;\">Le bois et le verre, deux \u00e9l\u00e9ments purs, sont combin\u00e9s pour rechercher un go\u00fbt esth\u00e9tique sophistiqu\u00e9 mais essentiel, qui met en relief les caract\u00e9ristiques fonctionnelles d&rsquo;un compl\u00e9ment d\u2019ameublement qui donne de la rationalit\u00e9 \u00e0 l\u2019habitation o\u00f9 il est plac\u00e9.<\/span><\/p><p><span style=\"color: var( --e-global-color-text ); font-family: var( --e-global-typography-text-font-family ), Sans-serif; font-size: var( --e-global-typography-text-font-size ); font-weight: var( --e-global-typography-text-font-weight ); letter-spacing: 0.03em; word-spacing: 0.07em;\">\u00a0\u00c9l\u00e9gants et raffin\u00e9s, nos syst\u00e8mes peuvent \u00eatre compos\u00e9s librement et leurs possibilit\u00e9s d\u2019utilisation varient du meuble au milieu de la pi\u00e8ce au meuble TV, en passant par le meuble d\u2019exposition et la biblioth\u00e8que murale traditionnelle.<\/span><\/p>\t\t\t\t\t\t\t\t<\/div>\n\t\t\t\t<\/div>\n\t\t\t\t<div class=\"elementor-element elementor-element-a83efae elementor-align-left elementor-mobile-align-center elementor-widget elementor-widget-button\" data-id=\"a83efae\" data-element_type=\"widget\" data-widget_type=\"button.default\">\n\t\t\t\t<div class=\"elementor-widget-container\">\n\t\t\t\t\t\t\t\t\t<div class=\"elementor-button-wrapper\">\n\t\t\t\t\t<a class=\"wk_pulsante_nero elementor-button elementor-button-link elementor-size-sm\" href=\"#tuttiprodotti\">\n\t\t\t\t\t\t<span class=\"elementor-button-content-wrapper\">\n\t\t\t\t\t\t\t\t\t<span class=\"elementor-button-text\">toutes les biblioth\u00e8ques et tous les syst\u00e8mes<\/span>\n\t\t\t\t\t<\/span>\n\t\t\t\t\t<\/a>\n\t\t\t\t<\/div>\n\t\t\t\t\t\t\t\t<\/div>\n\t\t\t\t<\/div>\n\t\t\t\t\t<\/div>\n\t\t<\/div>\n\t\t\t\t<div class=\"elementor-column elementor-col-50 elementor-top-column elementor-element elementor-element-67a2f4e\" data-id=\"67a2f4e\" data-element_type=\"column\">\n\t\t\t<div class=\"elementor-widget-wrap elementor-element-populated\">\n\t\t\t\t\t\t<div class=\"elementor-element elementor-element-5fc2ee6 elementor-pagination-position-outside elementor--h-position-center elementor--v-position-middle elementor-widget elementor-widget-slides\" data-id=\"5fc2ee6\" data-element_type=\"widget\" data-settings=\"{&quot;navigation&quot;:&quot;dots&quot;,&quot;autoplay&quot;:&quot;yes&quot;,&quot;pause_on_hover&quot;:&quot;yes&quot;,&quot;pause_on_interaction&quot;:&quot;yes&quot;,&quot;autoplay_speed&quot;:5000,&quot;infinite&quot;:&quot;yes&quot;,&quot;transition&quot;:&quot;slide&quot;,&quot;transition_speed&quot;:500}\" data-widget_type=\"slides.default\">\n\t\t\t\t<div class=\"elementor-widget-container\">\n\t\t\t\t\t\t\t\t\t<div class=\"elementor-swiper\">\n\t\t\t\t\t<div class=\"elementor-slides-wrapper elementor-main-swiper swiper\" role=\"region\" aria-roledescription=\"carousel\" aria-label=\"Diapositives\" dir=\"ltr\" data-animation=\"fadeInUp\">\n\t\t\t\t<div class=\"swiper-wrapper elementor-slides\">\n\t\t\t\t\t\t\t\t\t\t<div class=\"elementor-repeater-item-4d94c73 swiper-slide\" role=\"group\" aria-roledescription=\"slide\"><div class=\"swiper-slide-bg\" role=\"img\"><\/div><div class=\"swiper-slide-inner\" ><div class=\"swiper-slide-contents\"><\/div><\/div><\/div><div class=\"elementor-repeater-item-5b057b8 swiper-slide\" role=\"group\" aria-roledescription=\"slide\"><div class=\"swiper-slide-bg\" role=\"img\"><\/div><div class=\"swiper-slide-inner\" ><div class=\"swiper-slide-contents\"><\/div><\/div><\/div><div class=\"elementor-repeater-item-90e5085 swiper-slide\" role=\"group\" aria-roledescription=\"slide\"><div class=\"swiper-slide-bg\" role=\"img\"><\/div><div class=\"swiper-slide-inner\" ><div class=\"swiper-slide-contents\"><\/div><\/div><\/div><div class=\"elementor-repeater-item-57f32a4 swiper-slide\" role=\"group\" aria-roledescription=\"slide\"><div class=\"swiper-slide-bg\" role=\"img\"><\/div><div class=\"swiper-slide-inner\" ><div class=\"swiper-slide-contents\"><\/div><\/div><\/div>\t\t\t\t<\/div>\n\t\t\t\t\t\t\t\t\t\t\t\t\t\t\t\t\t\t\t\t<div class=\"swiper-pagination\"><\/div>\n\t\t\t\t\t\t\t\t\t\t\t\t<\/div>\n\t\t\t\t<\/div>\n\t\t\t\t\t\t\t\t<\/div>\n\t\t\t\t<\/div>\n\t\t\t\t\t<\/div>\n\t\t<\/div>\n\t\t\t\t\t<\/div>\n\t\t<\/section>\n\t\t\t\t<section class=\"elementor-section elementor-top-section elementor-element elementor-element-0e2416a elementor-section-boxed elementor-section-height-default elementor-section-height-default\" data-id=\"0e2416a\" data-element_type=\"section\">\n\t\t\t\t\t\t<div class=\"elementor-container elementor-column-gap-default\">\n\t\t\t\t\t<div class=\"elementor-column elementor-col-100 elementor-top-column elementor-element elementor-element-adc19ec\" data-id=\"adc19ec\" data-element_type=\"column\">\n\t\t\t<div class=\"elementor-widget-wrap elementor-element-populated\">\n\t\t\t\t\t\t\t<\/div>\n\t\t<\/div>\n\t\t\t\t\t<\/div>\n\t\t<\/section>\n\t\t\t\t<section class=\"elementor-section elementor-top-section elementor-element elementor-element-b8193fc elementor-section-full_width elementor-section-height-default elementor-section-height-default\" data-id=\"b8193fc\" data-element_type=\"section\">\n\t\t\t\t\t\t<div class=\"elementor-container elementor-column-gap-default\">\n\t\t\t\t\t<div class=\"elementor-column elementor-col-100 elementor-top-column elementor-element elementor-element-5c85582\" data-id=\"5c85582\" data-element_type=\"column\">\n\t\t\t<div class=\"elementor-widget-wrap elementor-element-populated\">\n\t\t\t\t\t\t<div class=\"elementor-element elementor-element-6c41822 elementor-widget elementor-widget-wk_blocco_griglia_prodotti\" data-id=\"6c41822\" data-element_type=\"widget\" data-widget_type=\"wk_blocco_griglia_prodotti.default\">\n\t\t\t\t<div class=\"elementor-widget-container\">\n\t\t\t\t\t<div class=\"wk_griglia_categoria\" style=\"background-color: #F7F8F8;\" id=\"tuttiprodotti\"><div class=\"wrapper\"><div class=\"wk_griglia_cat__header\">\t<h3 class=\"wk_griglia_cat__title\">tutte le librerie e i sistemi<\/h3><\/div>\t<div class=\"wk_griglia_cat__body\">\t\t<ul id=\"archivio_prodotti\" class=\"\">\t\t\t<div class=\"no-result-message\" style=\"display: none;margin-top:0;text-align:left;\">No products matching the filters selected.<\/div>\t\t<li class=\"wk_prodotto  bois verre-peint verre-plat-transparent  bibliotheques-et-systemes home-office-fr \" data-id=\"32320\" data-code=\"Inori\" data-title=\"INORI-bookshelf - Inori\">   \t\t<a href=\"https:\/\/www.fiamitalia.it\/fr\/prodotti\/inori\/\" target=\"_blank\">\t\t\t\t<div class=\"wk_prodotto__container\">\t\t\t\t\t<div class=\"wk_product_cover\">\t\t\t\t\t\t<img decoding=\"async\" src=\"https:\/\/www.fiamitalia.it\/wp-content\/uploads\/2023\/01\/FIAM_Inori_still_life.jpg\" class=\"wk_product_cover__img lazy\">\t\t\t\t\t<\/div>\t\t\t\t\t<div class=\"wk_product_cover_hover\">\t\t\t\t\t\t<img decoding=\"async\" src=\"https:\/\/www.fiamitalia.it\/wp-content\/uploads\/2023\/03\/inori_griglia-ambientate.jpg\" class=\"wk_product_cover__img lazy\">\t\t\t\t\t<\/div>\t\t\t\t\t<div class=\"wk_new_stamp\">\n\t                \t\t\t\t\t\t    <span class=\"wk_new_stamp_box\">new<\/span>\n\t                \t\t\t\t\t\t<\/div>\t\t\t\t\t<h4 class=\"wk_product_excerpt\">Inori<\/h4>\t\t\t\t<\/div>\t\t\t<\/a>\t\t<\/li>\t\t<li class=\"wk_prodotto  bois metal-fr verre-fusionne verre-plat-transparent  bibliotheques-et-systemes \" data-id=\"41230\" data-code=\"Remind\" data-title=\"REMIND-bookshelf - Remind\">   \t\t<a href=\"https:\/\/www.fiamitalia.it\/fr\/prodotti\/remind\/\" target=\"_blank\">\t\t\t\t<div class=\"wk_prodotto__container\">\t\t\t\t\t<div class=\"wk_product_cover\">\t\t\t\t\t\t<img decoding=\"async\" src=\"https:\/\/www.fiamitalia.it\/wp-content\/uploads\/2023\/07\/FIAM_Remind_still_life_low.jpg\" class=\"wk_product_cover__img lazy\">\t\t\t\t\t<\/div>\t\t\t\t\t<div class=\"wk_product_cover_hover\">\t\t\t\t\t\t<img decoding=\"async\" src=\"https:\/\/www.fiamitalia.it\/wp-content\/uploads\/2023\/07\/fiam_remind_griglia-ambientata.jpg\" class=\"wk_product_cover__img lazy\">\t\t\t\t\t<\/div>\t\t\t\t\t<div class=\"wk_new_stamp\">\n\t                \t\t\t\t\t\t    <span class=\"wk_new_stamp_box\">new<\/span>\n\t                \t\t\t\t\t\t<\/div>\t\t\t\t\t<h4 class=\"wk_product_excerpt\">Remind<\/h4>\t\t\t\t<\/div>\t\t\t<\/a>\t\t<\/li>\t\t<\/ul>\t\t<div class=\"wk_griglia_cat__filters\">\t\t\t<div class=\"filter-header\">\t\t\t\t<h6 class=\"filter-header-wrapper\">Filtres<\/h6>\t\t\t\t<div class=\"filter-close\">\t\t\t\t\t<svg xmlns=\"http:\/\/www.w3.org\/2000\/svg\" width=\"18.207\" height=\"18.207\" viewBox=\"0 0 18.207 18.207\">\n\t\t            \t\t  \t\t\t\t\t<g id=\"X\" transform=\"translate(-756.34 -1416.6) rotate(45)\">\n\t\t\t\t\t\t\t            \t\t    <line id=\"Linea_59\" data-name=\"Linea 59\" x2=\"24.748\" transform=\"translate(1537 466.874)\" fill=\"none\" stroke=\"#000\" stroke-width=\"1\"\/>\n\t\t\t\t\t\t\t            \t\t    <line id=\"Linea_60\" data-name=\"Linea 60\" x2=\"24.748\" transform=\"translate(1549.374 454.5) rotate(90)\" fill=\"none\" stroke=\"#000\" stroke-width=\"1\"\/>\n\t\t\t\t\t\t\t            \t\t  <\/g>\n\t\t\t\t\t\t\t            \t<\/svg>\t\t\t\t<\/div>\t\t\t<\/div><div class=\"filtri-a-comparsa\" data-macro=\"38\"><\/div>\t\t<\/div>\t<\/div><\/div><\/div>\t\t\t\t<\/div>\n\t\t\t\t<\/div>\n\t\t\t\t\t<\/div>\n\t\t<\/div>\n\t\t\t\t\t<\/div>\n\t\t<\/section>\n\t\t\t\t<\/div>\n\t\t","protected":false},"excerpt":{"rendered":"<p>Biblioth\u00e8ques et syst\u00e8mes Essentiel sophistiqu\u00e9 Les biblioth\u00e8ques modulables se distinguent par leur polyvalence, leur contemporan\u00e9it\u00e9 et par la qualit\u00e9 des mat\u00e9riaux.\u00a0 Le bois et le verre, deux \u00e9l\u00e9ments purs, sont combin\u00e9s pour rechercher un go\u00fbt esth\u00e9tique sophistiqu\u00e9 mais essentiel, qui met en relief les caract\u00e9ristiques fonctionnelles d&rsquo;un compl\u00e9ment d\u2019ameublement qui donne de la rationalit\u00e9 \u00e0 [&hellip;]<\/p>\n","protected":false},"author":1,"featured_media":0,"parent":0,"menu_order":0,"comment_status":"closed","ping_status":"closed","template":"","meta":{"_acf_changed":false,"footnotes":""},"class_list":["post-33325","page","type-page","status-publish","hentry","categoria-prodotti-bibliotheques-et-systemes"],"acf":[],"yoast_head":"<!-- This site is optimized with the Yoast SEO plugin v25.8 - https:\/\/yoast.com\/wordpress\/plugins\/seo\/ -->\n<title>Biblioth\u00e8ques et syst\u00e8ms en verre cintr\u00e9 - Fiam Italia<\/title>\n<meta name=\"description\" content=\"D\u00e9couvrez toutes les biblioth\u00e8ques en verre FIAM. Produits rendus exceptionnels par l\u2019unicit\u00e9 du design et par le mat\u00e9riel utilis\u00e9, le verre. Rendez-vous sur le site!\" \/>\n<meta name=\"robots\" content=\"index, follow, max-snippet:-1, max-image-preview:large, max-video-preview:-1\" \/>\n<link rel=\"canonical\" href=\"https:\/\/www.fiamitalia.it\/fr\/bibliotheques-systemes\/\" \/>\n<meta property=\"og:locale\" content=\"fr_FR\" \/>\n<meta property=\"og:type\" content=\"article\" \/>\n<meta property=\"og:title\" content=\"Biblioth\u00e8ques et syst\u00e8ms en verre cintr\u00e9 - Fiam Italia\" \/>\n<meta property=\"og:description\" content=\"D\u00e9couvrez toutes les biblioth\u00e8ques en verre FIAM. Produits rendus exceptionnels par l\u2019unicit\u00e9 du design et par le mat\u00e9riel utilis\u00e9, le verre. Rendez-vous sur le site!\" \/>\n<meta property=\"og:url\" content=\"https:\/\/www.fiamitalia.it\/fr\/bibliotheques-systemes\/\" \/>\n<meta property=\"og:site_name\" content=\"Fiam Italia\" \/>\n<meta property=\"article:publisher\" content=\"https:\/\/www.facebook.com\/fiamitalia\/\" \/>\n<meta property=\"article:modified_time\" content=\"2023-03-31T09:20:40+00:00\" \/>\n<meta property=\"og:image\" content=\"https:\/\/dev.fiamitalia.it\/wp-content\/uploads\/2023\/01\/FIAM_Inori_still_life.jpg\" \/>\n<meta name=\"twitter:card\" content=\"summary_large_image\" \/>\n<meta name=\"twitter:label1\" content=\"Dur\u00e9e de lecture estim\u00e9e\" \/>\n\t<meta name=\"twitter:data1\" content=\"1 minute\" \/>\n<script type=\"application\/ld+json\" class=\"yoast-schema-graph\">{\"@context\":\"https:\/\/schema.org\",\"@graph\":[{\"@type\":\"WebPage\",\"@id\":\"https:\/\/www.fiamitalia.it\/fr\/bibliotheques-systemes\/\",\"url\":\"https:\/\/www.fiamitalia.it\/fr\/bibliotheques-systemes\/\",\"name\":\"Biblioth\u00e8ques et syst\u00e8ms en verre cintr\u00e9 - Fiam Italia\",\"isPartOf\":{\"@id\":\"https:\/\/www.fiamitalia.it\/fr\/#website\"},\"primaryImageOfPage\":{\"@id\":\"https:\/\/www.fiamitalia.it\/fr\/bibliotheques-systemes\/#primaryimage\"},\"image\":{\"@id\":\"https:\/\/www.fiamitalia.it\/fr\/bibliotheques-systemes\/#primaryimage\"},\"thumbnailUrl\":\"https:\/\/dev.fiamitalia.it\/wp-content\/uploads\/2023\/01\/FIAM_Inori_still_life.jpg\",\"datePublished\":\"2023-02-22T14:34:57+00:00\",\"dateModified\":\"2023-03-31T09:20:40+00:00\",\"description\":\"D\u00e9couvrez toutes les biblioth\u00e8ques en verre FIAM. Produits rendus exceptionnels par l\u2019unicit\u00e9 du design et par le mat\u00e9riel utilis\u00e9, le verre. Rendez-vous sur le site!\",\"breadcrumb\":{\"@id\":\"https:\/\/www.fiamitalia.it\/fr\/bibliotheques-systemes\/#breadcrumb\"},\"inLanguage\":\"fr-FR\",\"potentialAction\":[{\"@type\":\"ReadAction\",\"target\":[\"https:\/\/www.fiamitalia.it\/fr\/bibliotheques-systemes\/\"]}]},{\"@type\":\"ImageObject\",\"inLanguage\":\"fr-FR\",\"@id\":\"https:\/\/www.fiamitalia.it\/fr\/bibliotheques-systemes\/#primaryimage\",\"url\":\"https:\/\/dev.fiamitalia.it\/wp-content\/uploads\/2023\/01\/FIAM_Inori_still_life.jpg\",\"contentUrl\":\"https:\/\/dev.fiamitalia.it\/wp-content\/uploads\/2023\/01\/FIAM_Inori_still_life.jpg\"},{\"@type\":\"BreadcrumbList\",\"@id\":\"https:\/\/www.fiamitalia.it\/fr\/bibliotheques-systemes\/#breadcrumb\",\"itemListElement\":[{\"@type\":\"ListItem\",\"position\":1,\"name\":\"Home\",\"item\":\"https:\/\/www.fiamitalia.it\/fr\/\"},{\"@type\":\"ListItem\",\"position\":2,\"name\":\"Biblioth\u00e8ques et syst\u00e8mes\"}]},{\"@type\":\"WebSite\",\"@id\":\"https:\/\/www.fiamitalia.it\/fr\/#website\",\"url\":\"https:\/\/www.fiamitalia.it\/fr\/\",\"name\":\"Fiam Italia\",\"description\":\"Da oltre 40 anni FIAM \u00e8 sinonimo di cultura del vetro a livello globale e produce elementi di arredo in vetro curvato di design. Scopri di pi\u00f9 sul sito!\",\"publisher\":{\"@id\":\"https:\/\/www.fiamitalia.it\/fr\/#organization\"},\"potentialAction\":[{\"@type\":\"SearchAction\",\"target\":{\"@type\":\"EntryPoint\",\"urlTemplate\":\"https:\/\/www.fiamitalia.it\/fr\/?s={search_term_string}\"},\"query-input\":{\"@type\":\"PropertyValueSpecification\",\"valueRequired\":true,\"valueName\":\"search_term_string\"}}],\"inLanguage\":\"fr-FR\"},{\"@type\":\"Organization\",\"@id\":\"https:\/\/www.fiamitalia.it\/fr\/#organization\",\"name\":\"Fiam Italia\",\"url\":\"https:\/\/www.fiamitalia.it\/fr\/\",\"logo\":{\"@type\":\"ImageObject\",\"inLanguage\":\"fr-FR\",\"@id\":\"https:\/\/www.fiamitalia.it\/fr\/#\/schema\/logo\/image\/\",\"url\":\"https:\/\/www.fiamitalia.it\/wp-content\/uploads\/2023\/03\/cropped-Fiam_quadr_bn_Outline.png\",\"contentUrl\":\"https:\/\/www.fiamitalia.it\/wp-content\/uploads\/2023\/03\/cropped-Fiam_quadr_bn_Outline.png\",\"width\":945,\"height\":945,\"caption\":\"Fiam Italia\"},\"image\":{\"@id\":\"https:\/\/www.fiamitalia.it\/fr\/#\/schema\/logo\/image\/\"},\"sameAs\":[\"https:\/\/www.facebook.com\/fiamitalia\/\",\"https:\/\/www.instagram.com\/fiamitalia_official\/\",\"https:\/\/pinterest.com\/fiamitalia_\/\",\"https:\/\/www.linkedin.com\/company\/1658601\/\",\"https:\/\/www.youtube.com\/user\/FiamItalia\/\"]}]}<\/script>\n<!-- \/ Yoast SEO plugin. -->","yoast_head_json":{"title":"Biblioth\u00e8ques et syst\u00e8ms en verre cintr\u00e9 - Fiam Italia","description":"D\u00e9couvrez toutes les biblioth\u00e8ques en verre FIAM. Produits rendus exceptionnels par l\u2019unicit\u00e9 du design et par le mat\u00e9riel utilis\u00e9, le verre. Rendez-vous sur le site!","robots":{"index":"index","follow":"follow","max-snippet":"max-snippet:-1","max-image-preview":"max-image-preview:large","max-video-preview":"max-video-preview:-1"},"canonical":"https:\/\/www.fiamitalia.it\/fr\/bibliotheques-systemes\/","og_locale":"fr_FR","og_type":"article","og_title":"Biblioth\u00e8ques et syst\u00e8ms en verre cintr\u00e9 - Fiam Italia","og_description":"D\u00e9couvrez toutes les biblioth\u00e8ques en verre FIAM. Produits rendus exceptionnels par l\u2019unicit\u00e9 du design et par le mat\u00e9riel utilis\u00e9, le verre. Rendez-vous sur le site!","og_url":"https:\/\/www.fiamitalia.it\/fr\/bibliotheques-systemes\/","og_site_name":"Fiam Italia","article_publisher":"https:\/\/www.facebook.com\/fiamitalia\/","article_modified_time":"2023-03-31T09:20:40+00:00","og_image":[{"url":"https:\/\/dev.fiamitalia.it\/wp-content\/uploads\/2023\/01\/FIAM_Inori_still_life.jpg","type":"","width":"","height":""}],"twitter_card":"summary_large_image","twitter_misc":{"Dur\u00e9e de lecture estim\u00e9e":"1 minute"},"schema":{"@context":"https:\/\/schema.org","@graph":[{"@type":"WebPage","@id":"https:\/\/www.fiamitalia.it\/fr\/bibliotheques-systemes\/","url":"https:\/\/www.fiamitalia.it\/fr\/bibliotheques-systemes\/","name":"Biblioth\u00e8ques et syst\u00e8ms en verre cintr\u00e9 - Fiam Italia","isPartOf":{"@id":"https:\/\/www.fiamitalia.it\/fr\/#website"},"primaryImageOfPage":{"@id":"https:\/\/www.fiamitalia.it\/fr\/bibliotheques-systemes\/#primaryimage"},"image":{"@id":"https:\/\/www.fiamitalia.it\/fr\/bibliotheques-systemes\/#primaryimage"},"thumbnailUrl":"https:\/\/dev.fiamitalia.it\/wp-content\/uploads\/2023\/01\/FIAM_Inori_still_life.jpg","datePublished":"2023-02-22T14:34:57+00:00","dateModified":"2023-03-31T09:20:40+00:00","description":"D\u00e9couvrez toutes les biblioth\u00e8ques en verre FIAM. Produits rendus exceptionnels par l\u2019unicit\u00e9 du design et par le mat\u00e9riel utilis\u00e9, le verre. Rendez-vous sur le site!","breadcrumb":{"@id":"https:\/\/www.fiamitalia.it\/fr\/bibliotheques-systemes\/#breadcrumb"},"inLanguage":"fr-FR","potentialAction":[{"@type":"ReadAction","target":["https:\/\/www.fiamitalia.it\/fr\/bibliotheques-systemes\/"]}]},{"@type":"ImageObject","inLanguage":"fr-FR","@id":"https:\/\/www.fiamitalia.it\/fr\/bibliotheques-systemes\/#primaryimage","url":"https:\/\/dev.fiamitalia.it\/wp-content\/uploads\/2023\/01\/FIAM_Inori_still_life.jpg","contentUrl":"https:\/\/dev.fiamitalia.it\/wp-content\/uploads\/2023\/01\/FIAM_Inori_still_life.jpg"},{"@type":"BreadcrumbList","@id":"https:\/\/www.fiamitalia.it\/fr\/bibliotheques-systemes\/#breadcrumb","itemListElement":[{"@type":"ListItem","position":1,"name":"Home","item":"https:\/\/www.fiamitalia.it\/fr\/"},{"@type":"ListItem","position":2,"name":"Biblioth\u00e8ques et syst\u00e8mes"}]},{"@type":"WebSite","@id":"https:\/\/www.fiamitalia.it\/fr\/#website","url":"https:\/\/www.fiamitalia.it\/fr\/","name":"Fiam Italia","description":"Da oltre 40 anni FIAM \u00e8 sinonimo di cultura del vetro a livello globale e produce elementi di arredo in vetro curvato di design. Scopri di pi\u00f9 sul sito!","publisher":{"@id":"https:\/\/www.fiamitalia.it\/fr\/#organization"},"potentialAction":[{"@type":"SearchAction","target":{"@type":"EntryPoint","urlTemplate":"https:\/\/www.fiamitalia.it\/fr\/?s={search_term_string}"},"query-input":{"@type":"PropertyValueSpecification","valueRequired":true,"valueName":"search_term_string"}}],"inLanguage":"fr-FR"},{"@type":"Organization","@id":"https:\/\/www.fiamitalia.it\/fr\/#organization","name":"Fiam Italia","url":"https:\/\/www.fiamitalia.it\/fr\/","logo":{"@type":"ImageObject","inLanguage":"fr-FR","@id":"https:\/\/www.fiamitalia.it\/fr\/#\/schema\/logo\/image\/","url":"https:\/\/www.fiamitalia.it\/wp-content\/uploads\/2023\/03\/cropped-Fiam_quadr_bn_Outline.png","contentUrl":"https:\/\/www.fiamitalia.it\/wp-content\/uploads\/2023\/03\/cropped-Fiam_quadr_bn_Outline.png","width":945,"height":945,"caption":"Fiam Italia"},"image":{"@id":"https:\/\/www.fiamitalia.it\/fr\/#\/schema\/logo\/image\/"},"sameAs":["https:\/\/www.facebook.com\/fiamitalia\/","https:\/\/www.instagram.com\/fiamitalia_official\/","https:\/\/pinterest.com\/fiamitalia_\/","https:\/\/www.linkedin.com\/company\/1658601\/","https:\/\/www.youtube.com\/user\/FiamItalia\/"]}]}},"_links":{"self":[{"href":"https:\/\/www.fiamitalia.it\/fr\/wp-json\/wp\/v2\/pages\/33325","targetHints":{"allow":["GET"]}}],"collection":[{"href":"https:\/\/www.fiamitalia.it\/fr\/wp-json\/wp\/v2\/pages"}],"about":[{"href":"https:\/\/www.fiamitalia.it\/fr\/wp-json\/wp\/v2\/types\/page"}],"author":[{"embeddable":true,"href":"https:\/\/www.fiamitalia.it\/fr\/wp-json\/wp\/v2\/users\/1"}],"replies":[{"embeddable":true,"href":"https:\/\/www.fiamitalia.it\/fr\/wp-json\/wp\/v2\/comments?post=33325"}],"version-history":[{"count":9,"href":"https:\/\/www.fiamitalia.it\/fr\/wp-json\/wp\/v2\/pages\/33325\/revisions"}],"predecessor-version":[{"id":36458,"href":"https:\/\/www.fiamitalia.it\/fr\/wp-json\/wp\/v2\/pages\/33325\/revisions\/36458"}],"wp:attachment":[{"href":"https:\/\/www.fiamitalia.it\/fr\/wp-json\/wp\/v2\/media?parent=33325"}],"curies":[{"name":"wp","href":"https:\/\/api.w.org\/{rel}","templated":true}]}}