{"id":27040,"date":"2022-12-19T07:20:37","date_gmt":"2022-12-19T07:20:37","guid":{"rendered":"https:\/\/dev.fiamitalia.it\/essere-fiam\/"},"modified":"2023-03-31T10:09:19","modified_gmt":"2023-03-31T10:09:19","slug":"etre-fiam","status":"publish","type":"page","link":"https:\/\/www.fiamitalia.it\/fr\/etre-fiam\/","title":{"rendered":"\u00catre Fiam"},"content":{"rendered":"\t\t<div data-elementor-type=\"wp-page\" data-elementor-id=\"27040\" class=\"elementor elementor-27040 elementor-277\" data-elementor-post-type=\"page\">\n\t\t\t\t\t\t<section class=\"elementor-section elementor-top-section elementor-element elementor-element-298cee8f elementor-section-height-min-height elementor-section-items-bottom elementor-section-content-middle elementor-section-boxed elementor-section-height-default\" data-id=\"298cee8f\" data-element_type=\"section\" data-settings=\"{&quot;background_background&quot;:&quot;classic&quot;}\">\n\t\t\t\t\t\t\t<div class=\"elementor-background-overlay\"><\/div>\n\t\t\t\t\t\t\t<div class=\"elementor-container elementor-column-gap-default\">\n\t\t\t\t\t<div class=\"elementor-column elementor-col-100 elementor-top-column elementor-element elementor-element-c1d517\" data-id=\"c1d517\" data-element_type=\"column\">\n\t\t\t<div class=\"elementor-widget-wrap elementor-element-populated\">\n\t\t\t\t\t\t<div class=\"elementor-element elementor-element-9e180b0 elementor-widget elementor-widget-heading\" data-id=\"9e180b0\" data-element_type=\"widget\" data-widget_type=\"heading.default\">\n\t\t\t\t<div class=\"elementor-widget-container\">\n\t\t\t\t\t<h1 class=\"elementor-heading-title elementor-size-default\">\u00catre Fiam<\/h1>\t\t\t\t<\/div>\n\t\t\t\t<\/div>\n\t\t\t\t\t<\/div>\n\t\t<\/div>\n\t\t\t\t\t<\/div>\n\t\t<\/section>\n\t\t\t\t<section class=\"elementor-section elementor-top-section elementor-element elementor-element-65deb07f elementor-section-boxed elementor-section-height-default elementor-section-height-default\" data-id=\"65deb07f\" data-element_type=\"section\">\n\t\t\t\t\t\t<div class=\"elementor-container elementor-column-gap-default\">\n\t\t\t\t\t<div class=\"elementor-column elementor-col-50 elementor-top-column elementor-element elementor-element-637fd477\" data-id=\"637fd477\" data-element_type=\"column\">\n\t\t\t<div class=\"elementor-widget-wrap elementor-element-populated\">\n\t\t\t\t\t\t<div class=\"elementor-element elementor-element-916958c elementor-widget elementor-widget-heading\" data-id=\"916958c\" data-element_type=\"widget\" data-widget_type=\"heading.default\">\n\t\t\t\t<div class=\"elementor-widget-container\">\n\t\t\t\t\t<h4 class=\"elementor-heading-title elementor-size-default\">Le d\u00e9fi de la mati\u00e8re<\/h4>\t\t\t\t<\/div>\n\t\t\t\t<\/div>\n\t\t\t\t<div class=\"elementor-element elementor-element-5fd8ba0f elementor-widget elementor-widget-text-editor\" data-id=\"5fd8ba0f\" data-element_type=\"widget\" data-widget_type=\"text-editor.default\">\n\t\t\t\t<div class=\"elementor-widget-container\">\n\t\t\t\t\t\t\t\t\t<p>Le verre est un mat\u00e9riau magique et \u00e9ternel, empreint de sacralit\u00e9. Depuis plus de 50 ans, FIAM rel\u00e8ve le d\u00e9fi de cette mati\u00e8re, en la faisant devenir protagoniste du design d&rsquo;int\u00e9rieur.<\/p><p>Un projet qui semblait impossible \u00e0 r\u00e9aliser\u00a0: transformer le verre en plaque pour obtenir des compl\u00e9ments d\u2019ameublement qui pourraient lib\u00e9rer son pouvoir d\u2019expression illimit\u00e9.<\/p>\t\t\t\t\t\t\t\t<\/div>\n\t\t\t\t<\/div>\n\t\t\t\t<div class=\"elementor-element elementor-element-629498a8 elementor-widget elementor-widget-heading\" data-id=\"629498a8\" data-element_type=\"widget\" data-widget_type=\"heading.default\">\n\t\t\t\t<div class=\"elementor-widget-container\">\n\t\t\t\t\t<h5 class=\"elementor-heading-title elementor-size-default\">Pens\u00e9e lat\u00e9rale du verre<\/h5>\t\t\t\t<\/div>\n\t\t\t\t<\/div>\n\t\t\t\t<div class=\"elementor-element elementor-element-47db2200 elementor-widget elementor-widget-text-editor\" data-id=\"47db2200\" data-element_type=\"widget\" data-widget_type=\"text-editor.default\">\n\t\t\t\t<div class=\"elementor-widget-container\">\n\t\t\t\t\t\t\t\t\t<p>C\u2019est pour cette raison que FIAM Italia est depuis toujours \u00ab la pens\u00e9e lat\u00e9rale du verre \u00bb. Nous le consid\u00e9rons, dans son \u00e9tat liquide et fa\u00e7onnable, comme un mat\u00e9riau commun\u00e9ment per\u00e7u comme solide et inalt\u00e9rable. Ce faisant, nous avons chang\u00e9 le paradigme de la mati\u00e8re, en la modelant jusqu\u2019\u00e0 lui offrir une tridimensionnalit\u00e9 inattendue, rendue possible gr\u00e2ce \u00e0 des processus de production internes qui allient artisanalit\u00e9 et innovation technique.<\/p>\t\t\t\t\t\t\t\t<\/div>\n\t\t\t\t<\/div>\n\t\t\t\t\t<\/div>\n\t\t<\/div>\n\t\t\t\t<div class=\"elementor-column elementor-col-50 elementor-top-column elementor-element elementor-element-5903a680\" data-id=\"5903a680\" data-element_type=\"column\">\n\t\t\t<div class=\"elementor-widget-wrap elementor-element-populated\">\n\t\t\t\t\t\t<div class=\"elementor-element elementor-element-5149b4d0 elementor-widget elementor-widget-image\" data-id=\"5149b4d0\" data-element_type=\"widget\" data-widget_type=\"image.default\">\n\t\t\t\t<div class=\"elementor-widget-container\">\n\t\t\t\t\t\t\t\t\t\t\t\t\t\t\t<img fetchpriority=\"high\" decoding=\"async\" width=\"1550\" height=\"2000\" src=\"https:\/\/www.fiamitalia.it\/wp-content\/uploads\/2023\/02\/img-sito_essere-fiam_a.jpg\" class=\"attachment-full size-full wp-image-8043\" alt=\"\" srcset=\"https:\/\/www.fiamitalia.it\/wp-content\/uploads\/2023\/02\/img-sito_essere-fiam_a.jpg 1550w, https:\/\/www.fiamitalia.it\/wp-content\/uploads\/2023\/02\/img-sito_essere-fiam_a-465x600.jpg 465w, https:\/\/www.fiamitalia.it\/wp-content\/uploads\/2023\/02\/img-sito_essere-fiam_a-930x1200.jpg 930w, https:\/\/www.fiamitalia.it\/wp-content\/uploads\/2023\/02\/img-sito_essere-fiam_a-768x991.jpg 768w, https:\/\/www.fiamitalia.it\/wp-content\/uploads\/2023\/02\/img-sito_essere-fiam_a-1190x1536.jpg 1190w\" sizes=\"(max-width: 1550px) 100vw, 1550px\" \/>\t\t\t\t\t\t\t\t\t\t\t\t\t\t\t<\/div>\n\t\t\t\t<\/div>\n\t\t\t\t\t<\/div>\n\t\t<\/div>\n\t\t\t\t\t<\/div>\n\t\t<\/section>\n\t\t\t\t<section class=\"elementor-section elementor-top-section elementor-element elementor-element-a79050e elementor-reverse-mobile elementor-section-boxed elementor-section-height-default elementor-section-height-default\" data-id=\"a79050e\" data-element_type=\"section\">\n\t\t\t\t\t\t<div class=\"elementor-container elementor-column-gap-default\">\n\t\t\t\t\t<div class=\"elementor-column elementor-col-50 elementor-top-column elementor-element elementor-element-d6c9112\" data-id=\"d6c9112\" data-element_type=\"column\">\n\t\t\t<div class=\"elementor-widget-wrap elementor-element-populated\">\n\t\t\t\t\t\t<div class=\"elementor-element elementor-element-4d05db8 elementor-widget elementor-widget-image\" data-id=\"4d05db8\" data-element_type=\"widget\" data-widget_type=\"image.default\">\n\t\t\t\t<div class=\"elementor-widget-container\">\n\t\t\t\t\t\t\t\t\t\t\t\t\t\t\t<img decoding=\"async\" width=\"2000\" height=\"1400\" src=\"https:\/\/www.fiamitalia.it\/wp-content\/uploads\/2023\/02\/img-sito_essere-fiam_b.jpg\" class=\"attachment-full size-full wp-image-8057\" alt=\"\" srcset=\"https:\/\/www.fiamitalia.it\/wp-content\/uploads\/2023\/02\/img-sito_essere-fiam_b.jpg 2000w, https:\/\/www.fiamitalia.it\/wp-content\/uploads\/2023\/02\/img-sito_essere-fiam_b-857x600.jpg 857w, https:\/\/www.fiamitalia.it\/wp-content\/uploads\/2023\/02\/img-sito_essere-fiam_b-1714x1200.jpg 1714w, https:\/\/www.fiamitalia.it\/wp-content\/uploads\/2023\/02\/img-sito_essere-fiam_b-768x538.jpg 768w, https:\/\/www.fiamitalia.it\/wp-content\/uploads\/2023\/02\/img-sito_essere-fiam_b-1536x1075.jpg 1536w\" sizes=\"(max-width: 2000px) 100vw, 2000px\" \/>\t\t\t\t\t\t\t\t\t\t\t\t\t\t\t<\/div>\n\t\t\t\t<\/div>\n\t\t\t\t\t<\/div>\n\t\t<\/div>\n\t\t\t\t<div class=\"elementor-column elementor-col-50 elementor-top-column elementor-element elementor-element-414c018\" data-id=\"414c018\" data-element_type=\"column\">\n\t\t\t<div class=\"elementor-widget-wrap elementor-element-populated\">\n\t\t\t\t\t\t<div class=\"elementor-element elementor-element-1f5e43d elementor-widget elementor-widget-heading\" data-id=\"1f5e43d\" data-element_type=\"widget\" data-widget_type=\"heading.default\">\n\t\t\t\t<div class=\"elementor-widget-container\">\n\t\t\t\t\t<h5 class=\"elementor-heading-title elementor-size-default\">Recherche et r\u00e9volution<\/h5>\t\t\t\t<\/div>\n\t\t\t\t<\/div>\n\t\t\t\t<div class=\"elementor-element elementor-element-5b06a47 elementor-widget elementor-widget-text-editor\" data-id=\"5b06a47\" data-element_type=\"widget\" data-widget_type=\"text-editor.default\">\n\t\t\t\t<div class=\"elementor-widget-container\">\n\t\t\t\t\t\t\t\t\t<p>Au fil des ann\u00e9es, l\u2019exploration de la mati\u00e8re nous a permis de surpasser sa transparence caract\u00e9ristique.<\/p><p>Nous l\u2019avons habill\u00e9e de nombreuses couleurs, amalgam\u00e9e pour cr\u00e9er des surfaces in\u00e9dites, des sensations tactiles, qui se traduisent dans des collections innovantes et surprenantes capables d&rsquo;\u00e9mouvoir.<\/p><p>Et aujourd&rsquo;hui, gr\u00e2ce \u00e0 notre exp\u00e9rience, nous allons au-del\u00e0 du produit individuel. Notre pass\u00e9, notre pr\u00e9sent et notre futur s\u2019entrem\u00ealent dans une nouvelle fa\u00e7on de voir notre essence.<\/p>\t\t\t\t\t\t\t\t<\/div>\n\t\t\t\t<\/div>\n\t\t\t\t<div class=\"elementor-element elementor-element-17ab782 elementor-mobile-align-center elementor-widget elementor-widget-button\" data-id=\"17ab782\" data-element_type=\"widget\" data-widget_type=\"button.default\">\n\t\t\t\t<div class=\"elementor-widget-container\">\n\t\t\t\t\t\t\t\t\t<div class=\"elementor-button-wrapper\">\n\t\t\t\t\t<a class=\"wk_pulsante_oro elementor-button elementor-button-link elementor-size-sm\" href=\"https:\/\/www.fiamitalia.it\/fr\/incroyablement-verre\/\">\n\t\t\t\t\t\t<span class=\"elementor-button-content-wrapper\">\n\t\t\t\t\t\t\t\t\t<span class=\"elementor-button-text\">Incroyablement Verre<\/span>\n\t\t\t\t\t<\/span>\n\t\t\t\t\t<\/a>\n\t\t\t\t<\/div>\n\t\t\t\t\t\t\t\t<\/div>\n\t\t\t\t<\/div>\n\t\t\t\t\t<\/div>\n\t\t<\/div>\n\t\t\t\t\t<\/div>\n\t\t<\/section>\n\t\t\t\t<section class=\"elementor-section elementor-top-section elementor-element elementor-element-216af437 elementor-section-height-min-height elementor-section-boxed elementor-section-height-default elementor-section-items-middle\" data-id=\"216af437\" data-element_type=\"section\" data-settings=\"{&quot;background_background&quot;:&quot;classic&quot;}\">\n\t\t\t\t\t\t<div class=\"elementor-container elementor-column-gap-default\">\n\t\t\t\t\t<div class=\"elementor-column elementor-col-100 elementor-top-column elementor-element elementor-element-51112ee4\" data-id=\"51112ee4\" data-element_type=\"column\">\n\t\t\t<div class=\"elementor-widget-wrap elementor-element-populated\">\n\t\t\t\t\t\t<div class=\"elementor-element elementor-element-b637c90 elementor-widget elementor-widget-text-editor\" data-id=\"b637c90\" data-element_type=\"widget\" data-widget_type=\"text-editor.default\">\n\t\t\t\t<div class=\"elementor-widget-container\">\n\t\t\t\t\t\t\t\t\t<p>Nous ne concevons plus \u00ab\u00a0seulement\u00a0\u00bb des objets. <br \/>Nous pensons \u00e0 des espaces fortement caract\u00e9ris\u00e9s, \u00e0 des styles d\u2019atmosph\u00e8res qui peuvent \u00eatre interpr\u00e9t\u00e9es \u00e0 travers le dialogue entre notre verre et de nouveaux mat\u00e9riaux qui mettent en valeur sa pr\u00e9sence.<\/p>\t\t\t\t\t\t\t\t<\/div>\n\t\t\t\t<\/div>\n\t\t\t\t\t<\/div>\n\t\t<\/div>\n\t\t\t\t\t<\/div>\n\t\t<\/section>\n\t\t\t\t<\/div>\n\t\t","protected":false},"excerpt":{"rendered":"<p>\u00catre Fiam Le d\u00e9fi de la mati\u00e8re Le verre est un mat\u00e9riau magique et \u00e9ternel, empreint de sacralit\u00e9. Depuis plus de 50 ans, FIAM rel\u00e8ve le d\u00e9fi de cette mati\u00e8re, en la faisant devenir protagoniste du design d&rsquo;int\u00e9rieur. Un projet qui semblait impossible \u00e0 r\u00e9aliser\u00a0: transformer le verre en plaque pour obtenir des compl\u00e9ments d\u2019ameublement [&hellip;]<\/p>\n","protected":false},"author":1,"featured_media":0,"parent":0,"menu_order":0,"comment_status":"closed","ping_status":"closed","template":"","meta":{"_acf_changed":false,"footnotes":""},"class_list":["post-27040","page","type-page","status-publish","hentry"],"acf":[],"yoast_head":"<!-- This site is optimized with the Yoast SEO plugin v25.8 - https:\/\/yoast.com\/wordpress\/plugins\/seo\/ -->\n<title>\u00catre Fiam - Fiam Italia<\/title>\n<meta name=\"description\" content=\"FIAM Italia est depuis toujours la pens\u00e9e lat\u00e9rale du verre. Collections innovantes et surprenantes capables d&#039;\u00e9mouvoir.\" \/>\n<meta name=\"robots\" content=\"index, follow, max-snippet:-1, max-image-preview:large, max-video-preview:-1\" \/>\n<link rel=\"canonical\" href=\"https:\/\/www.fiamitalia.it\/fr\/etre-fiam\/\" \/>\n<meta property=\"og:locale\" content=\"fr_FR\" \/>\n<meta property=\"og:type\" content=\"article\" \/>\n<meta property=\"og:title\" content=\"\u00catre Fiam - Fiam Italia\" \/>\n<meta property=\"og:description\" content=\"FIAM Italia est depuis toujours la pens\u00e9e lat\u00e9rale du verre. Collections innovantes et surprenantes capables d&#039;\u00e9mouvoir.\" \/>\n<meta property=\"og:url\" content=\"https:\/\/www.fiamitalia.it\/fr\/etre-fiam\/\" \/>\n<meta property=\"og:site_name\" content=\"Fiam Italia\" \/>\n<meta property=\"article:publisher\" content=\"https:\/\/www.facebook.com\/fiamitalia\/\" \/>\n<meta property=\"article:modified_time\" content=\"2023-03-31T10:09:19+00:00\" \/>\n<meta property=\"og:image\" content=\"https:\/\/dev.fiamitalia.it\/wp-content\/uploads\/2023\/02\/img-sito_essere-fiam_a.jpg\" \/>\n<meta name=\"twitter:card\" content=\"summary_large_image\" \/>\n<meta name=\"twitter:label1\" content=\"Dur\u00e9e de lecture estim\u00e9e\" \/>\n\t<meta name=\"twitter:data1\" content=\"2 minutes\" \/>\n<script type=\"application\/ld+json\" class=\"yoast-schema-graph\">{\"@context\":\"https:\/\/schema.org\",\"@graph\":[{\"@type\":\"WebPage\",\"@id\":\"https:\/\/www.fiamitalia.it\/fr\/etre-fiam\/\",\"url\":\"https:\/\/www.fiamitalia.it\/fr\/etre-fiam\/\",\"name\":\"\u00catre Fiam - Fiam Italia\",\"isPartOf\":{\"@id\":\"https:\/\/www.fiamitalia.it\/fr\/#website\"},\"primaryImageOfPage\":{\"@id\":\"https:\/\/www.fiamitalia.it\/fr\/etre-fiam\/#primaryimage\"},\"image\":{\"@id\":\"https:\/\/www.fiamitalia.it\/fr\/etre-fiam\/#primaryimage\"},\"thumbnailUrl\":\"https:\/\/dev.fiamitalia.it\/wp-content\/uploads\/2023\/02\/img-sito_essere-fiam_a.jpg\",\"datePublished\":\"2022-12-19T07:20:37+00:00\",\"dateModified\":\"2023-03-31T10:09:19+00:00\",\"description\":\"FIAM Italia est depuis toujours la pens\u00e9e lat\u00e9rale du verre. Collections innovantes et surprenantes capables d'\u00e9mouvoir.\",\"breadcrumb\":{\"@id\":\"https:\/\/www.fiamitalia.it\/fr\/etre-fiam\/#breadcrumb\"},\"inLanguage\":\"fr-FR\",\"potentialAction\":[{\"@type\":\"ReadAction\",\"target\":[\"https:\/\/www.fiamitalia.it\/fr\/etre-fiam\/\"]}]},{\"@type\":\"ImageObject\",\"inLanguage\":\"fr-FR\",\"@id\":\"https:\/\/www.fiamitalia.it\/fr\/etre-fiam\/#primaryimage\",\"url\":\"https:\/\/dev.fiamitalia.it\/wp-content\/uploads\/2023\/02\/img-sito_essere-fiam_a.jpg\",\"contentUrl\":\"https:\/\/dev.fiamitalia.it\/wp-content\/uploads\/2023\/02\/img-sito_essere-fiam_a.jpg\"},{\"@type\":\"BreadcrumbList\",\"@id\":\"https:\/\/www.fiamitalia.it\/fr\/etre-fiam\/#breadcrumb\",\"itemListElement\":[{\"@type\":\"ListItem\",\"position\":1,\"name\":\"Home\",\"item\":\"https:\/\/www.fiamitalia.it\/fr\/\"},{\"@type\":\"ListItem\",\"position\":2,\"name\":\"\u00catre Fiam\"}]},{\"@type\":\"WebSite\",\"@id\":\"https:\/\/www.fiamitalia.it\/fr\/#website\",\"url\":\"https:\/\/www.fiamitalia.it\/fr\/\",\"name\":\"Fiam Italia\",\"description\":\"Da oltre 40 anni FIAM \u00e8 sinonimo di cultura del vetro a livello globale e produce elementi di arredo in vetro curvato di design. Scopri di pi\u00f9 sul sito!\",\"publisher\":{\"@id\":\"https:\/\/www.fiamitalia.it\/fr\/#organization\"},\"potentialAction\":[{\"@type\":\"SearchAction\",\"target\":{\"@type\":\"EntryPoint\",\"urlTemplate\":\"https:\/\/www.fiamitalia.it\/fr\/?s={search_term_string}\"},\"query-input\":{\"@type\":\"PropertyValueSpecification\",\"valueRequired\":true,\"valueName\":\"search_term_string\"}}],\"inLanguage\":\"fr-FR\"},{\"@type\":\"Organization\",\"@id\":\"https:\/\/www.fiamitalia.it\/fr\/#organization\",\"name\":\"Fiam Italia\",\"url\":\"https:\/\/www.fiamitalia.it\/fr\/\",\"logo\":{\"@type\":\"ImageObject\",\"inLanguage\":\"fr-FR\",\"@id\":\"https:\/\/www.fiamitalia.it\/fr\/#\/schema\/logo\/image\/\",\"url\":\"https:\/\/www.fiamitalia.it\/wp-content\/uploads\/2023\/03\/cropped-Fiam_quadr_bn_Outline.png\",\"contentUrl\":\"https:\/\/www.fiamitalia.it\/wp-content\/uploads\/2023\/03\/cropped-Fiam_quadr_bn_Outline.png\",\"width\":945,\"height\":945,\"caption\":\"Fiam Italia\"},\"image\":{\"@id\":\"https:\/\/www.fiamitalia.it\/fr\/#\/schema\/logo\/image\/\"},\"sameAs\":[\"https:\/\/www.facebook.com\/fiamitalia\/\",\"https:\/\/www.instagram.com\/fiamitalia_official\/\",\"https:\/\/pinterest.com\/fiamitalia_\/\",\"https:\/\/www.linkedin.com\/company\/1658601\/\",\"https:\/\/www.youtube.com\/user\/FiamItalia\/\"]}]}<\/script>\n<!-- \/ Yoast SEO plugin. -->","yoast_head_json":{"title":"\u00catre Fiam - Fiam Italia","description":"FIAM Italia est depuis toujours la pens\u00e9e lat\u00e9rale du verre. Collections innovantes et surprenantes capables d'\u00e9mouvoir.","robots":{"index":"index","follow":"follow","max-snippet":"max-snippet:-1","max-image-preview":"max-image-preview:large","max-video-preview":"max-video-preview:-1"},"canonical":"https:\/\/www.fiamitalia.it\/fr\/etre-fiam\/","og_locale":"fr_FR","og_type":"article","og_title":"\u00catre Fiam - Fiam Italia","og_description":"FIAM Italia est depuis toujours la pens\u00e9e lat\u00e9rale du verre. Collections innovantes et surprenantes capables d'\u00e9mouvoir.","og_url":"https:\/\/www.fiamitalia.it\/fr\/etre-fiam\/","og_site_name":"Fiam Italia","article_publisher":"https:\/\/www.facebook.com\/fiamitalia\/","article_modified_time":"2023-03-31T10:09:19+00:00","og_image":[{"url":"https:\/\/dev.fiamitalia.it\/wp-content\/uploads\/2023\/02\/img-sito_essere-fiam_a.jpg","type":"","width":"","height":""}],"twitter_card":"summary_large_image","twitter_misc":{"Dur\u00e9e de lecture estim\u00e9e":"2 minutes"},"schema":{"@context":"https:\/\/schema.org","@graph":[{"@type":"WebPage","@id":"https:\/\/www.fiamitalia.it\/fr\/etre-fiam\/","url":"https:\/\/www.fiamitalia.it\/fr\/etre-fiam\/","name":"\u00catre Fiam - Fiam Italia","isPartOf":{"@id":"https:\/\/www.fiamitalia.it\/fr\/#website"},"primaryImageOfPage":{"@id":"https:\/\/www.fiamitalia.it\/fr\/etre-fiam\/#primaryimage"},"image":{"@id":"https:\/\/www.fiamitalia.it\/fr\/etre-fiam\/#primaryimage"},"thumbnailUrl":"https:\/\/dev.fiamitalia.it\/wp-content\/uploads\/2023\/02\/img-sito_essere-fiam_a.jpg","datePublished":"2022-12-19T07:20:37+00:00","dateModified":"2023-03-31T10:09:19+00:00","description":"FIAM Italia est depuis toujours la pens\u00e9e lat\u00e9rale du verre. Collections innovantes et surprenantes capables d'\u00e9mouvoir.","breadcrumb":{"@id":"https:\/\/www.fiamitalia.it\/fr\/etre-fiam\/#breadcrumb"},"inLanguage":"fr-FR","potentialAction":[{"@type":"ReadAction","target":["https:\/\/www.fiamitalia.it\/fr\/etre-fiam\/"]}]},{"@type":"ImageObject","inLanguage":"fr-FR","@id":"https:\/\/www.fiamitalia.it\/fr\/etre-fiam\/#primaryimage","url":"https:\/\/dev.fiamitalia.it\/wp-content\/uploads\/2023\/02\/img-sito_essere-fiam_a.jpg","contentUrl":"https:\/\/dev.fiamitalia.it\/wp-content\/uploads\/2023\/02\/img-sito_essere-fiam_a.jpg"},{"@type":"BreadcrumbList","@id":"https:\/\/www.fiamitalia.it\/fr\/etre-fiam\/#breadcrumb","itemListElement":[{"@type":"ListItem","position":1,"name":"Home","item":"https:\/\/www.fiamitalia.it\/fr\/"},{"@type":"ListItem","position":2,"name":"\u00catre Fiam"}]},{"@type":"WebSite","@id":"https:\/\/www.fiamitalia.it\/fr\/#website","url":"https:\/\/www.fiamitalia.it\/fr\/","name":"Fiam Italia","description":"Da oltre 40 anni FIAM \u00e8 sinonimo di cultura del vetro a livello globale e produce elementi di arredo in vetro curvato di design. Scopri di pi\u00f9 sul sito!","publisher":{"@id":"https:\/\/www.fiamitalia.it\/fr\/#organization"},"potentialAction":[{"@type":"SearchAction","target":{"@type":"EntryPoint","urlTemplate":"https:\/\/www.fiamitalia.it\/fr\/?s={search_term_string}"},"query-input":{"@type":"PropertyValueSpecification","valueRequired":true,"valueName":"search_term_string"}}],"inLanguage":"fr-FR"},{"@type":"Organization","@id":"https:\/\/www.fiamitalia.it\/fr\/#organization","name":"Fiam Italia","url":"https:\/\/www.fiamitalia.it\/fr\/","logo":{"@type":"ImageObject","inLanguage":"fr-FR","@id":"https:\/\/www.fiamitalia.it\/fr\/#\/schema\/logo\/image\/","url":"https:\/\/www.fiamitalia.it\/wp-content\/uploads\/2023\/03\/cropped-Fiam_quadr_bn_Outline.png","contentUrl":"https:\/\/www.fiamitalia.it\/wp-content\/uploads\/2023\/03\/cropped-Fiam_quadr_bn_Outline.png","width":945,"height":945,"caption":"Fiam Italia"},"image":{"@id":"https:\/\/www.fiamitalia.it\/fr\/#\/schema\/logo\/image\/"},"sameAs":["https:\/\/www.facebook.com\/fiamitalia\/","https:\/\/www.instagram.com\/fiamitalia_official\/","https:\/\/pinterest.com\/fiamitalia_\/","https:\/\/www.linkedin.com\/company\/1658601\/","https:\/\/www.youtube.com\/user\/FiamItalia\/"]}]}},"_links":{"self":[{"href":"https:\/\/www.fiamitalia.it\/fr\/wp-json\/wp\/v2\/pages\/27040","targetHints":{"allow":["GET"]}}],"collection":[{"href":"https:\/\/www.fiamitalia.it\/fr\/wp-json\/wp\/v2\/pages"}],"about":[{"href":"https:\/\/www.fiamitalia.it\/fr\/wp-json\/wp\/v2\/types\/page"}],"author":[{"embeddable":true,"href":"https:\/\/www.fiamitalia.it\/fr\/wp-json\/wp\/v2\/users\/1"}],"replies":[{"embeddable":true,"href":"https:\/\/www.fiamitalia.it\/fr\/wp-json\/wp\/v2\/comments?post=27040"}],"version-history":[{"count":7,"href":"https:\/\/www.fiamitalia.it\/fr\/wp-json\/wp\/v2\/pages\/27040\/revisions"}],"predecessor-version":[{"id":36514,"href":"https:\/\/www.fiamitalia.it\/fr\/wp-json\/wp\/v2\/pages\/27040\/revisions\/36514"}],"wp:attachment":[{"href":"https:\/\/www.fiamitalia.it\/fr\/wp-json\/wp\/v2\/media?parent=27040"}],"curies":[{"name":"wp","href":"https:\/\/api.w.org\/{rel}","templated":true}]}}