{"id":49590,"date":"2024-06-24T13:45:12","date_gmt":"2024-06-24T13:45:12","guid":{"rendered":"https:\/\/www.fiamitalia.it\/?page_id=49590"},"modified":"2024-11-26T07:52:37","modified_gmt":"2024-11-26T07:52:37","slug":"politica-qualita","status":"publish","type":"page","link":"https:\/\/www.fiamitalia.it\/de\/politica-qualita\/","title":{"rendered":"Politica della qualit\u00e0"},"content":{"rendered":"\t\t<div data-elementor-type=\"wp-page\" data-elementor-id=\"49590\" class=\"elementor elementor-49590 elementor-49582\" data-elementor-post-type=\"page\">\n\t\t\t\t\t\t<section class=\"elementor-section elementor-top-section elementor-element elementor-element-b8cb270 elementor-section-boxed elementor-section-height-default elementor-section-height-default\" data-id=\"b8cb270\" data-element_type=\"section\">\n\t\t\t\t\t\t<div class=\"elementor-container elementor-column-gap-default\">\n\t\t\t\t\t<div class=\"elementor-column elementor-col-100 elementor-top-column elementor-element elementor-element-f65e1de\" data-id=\"f65e1de\" data-element_type=\"column\">\n\t\t\t<div class=\"elementor-widget-wrap elementor-element-populated\">\n\t\t\t\t\t\t<div class=\"elementor-element elementor-element-1511bc5 elementor-widget elementor-widget-heading\" data-id=\"1511bc5\" data-element_type=\"widget\" data-widget_type=\"heading.default\">\n\t\t\t\t<div class=\"elementor-widget-container\">\n\t\t\t\t\t<h1 class=\"elementor-heading-title elementor-size-default\">Politica della qualit\u00e0<\/h1>\t\t\t\t<\/div>\n\t\t\t\t<\/div>\n\t\t\t\t<div class=\"elementor-element elementor-element-e8374bf elementor-widget elementor-widget-text-editor\" data-id=\"e8374bf\" data-element_type=\"widget\" data-widget_type=\"text-editor.default\">\n\t\t\t\t<div class=\"elementor-widget-container\">\n\t\t\t\t\t\t\t\t\t<p>L\u2019impegno fondamentale di <strong>FIAM ITALIA Srl<\/strong> \u00e8 la ricerca della soddisfazione dei propri Clienti, da realizzarsi attraverso il raggiungimento dei seguenti obiettivi:<\/p><ul><li>Legare il marchio FIAM a standard qualitativi elevati e sinonimo di conformit\u00e0 alla legislazione nazionale ed internazionale;<\/li><li>Adoperarsi sempre per la tutela e salvaguardia della salute e sicurezza pubblica ed ambientale, adottando procedure ed azioni conformi alle Direttive Ministeriali e\/o degli Enti Governativi a qualsiasi livello essi appartengano;<\/li><li>Adoperarsi, in caso di emergenza epidemiologica o qualsiasi stato di emrgenza dichiarato dalle Autorit\u00e0 Governative, per la tutela dei propri dipendenti, collaboratori, visitatori esterni e la societ\u00e0 tutta tramite l\u2019adozione di Linee Guida e Procedure conformi alle Direttive Ministeriali, sia in termini di tutela della salute e sicurezza che di regolamentazione delle attivit\u00e0 lavorative;<\/li><li>Identificare le esigenze e le aspettative del Cliente per poter raggiungerne la piena soddisfazione mediante il rispetto dei requisiti concordati e\/o impliciti, sia in riferimento ai prodotti che ai servizi ad essi correlati (consegne ed assistenza post vendita);<\/li><li>Identificare e soddisfare i requisiti cogenti relativi ai prodotti\/servizi realizzati;<\/li><li>Adottare di un approccio basato sul \u201cRisk Based Thinking\u201d;<\/li><li>Migliorare l\u2019Organizzazione, gli standard produttivi e\/o le metodologie al fine di elevare i livelli di efficienza produttiva e di abbattere i costi interni, utilizzando al meglio le risorse destinate alla gestione aziendale prendendo in esame l\u2019impatto ambientale, anche per quanto riguarda la conservazione dell\u2019energtia e delle risorse naturali;<\/li><li>migliorare la sensibilit\u00e0, lo spirito collaborativo e l\u2019attenzione di tutto il personale verso gli aspetti della Qualit\u00e0, dell&#8217;Ambiente e della Sicurezza;<\/li><li>Creare e mantenere un ambiente interno che coinvolga pienamente il personale nel perseguimento degli obiettivi;<\/li><li>Creare un rapporto di reciproco beneficio con i fornitori, al fne di migliorare, per entrambi, la capacit\u00e0 di creare valore;<\/li><li>Contribuire alla elevazione materiale e professionale del personale aziendale;<\/li><li>Promuovere l\u2019assicurazione di una conformit\u00e0 efficace, efficiente e di tipo etico ai requisiti presenti (cogenti, contrattuali) e futuri;<\/li><li>Individuare l\u2019impatto, reale e potenziale, dei propri prodotti, processi ed attivit\u00e0 in generale sulla societ\u00e0 ed in particolare sulle comunit\u00e0 locali;<\/li><li>Contribuire con la propria organizzazione alla difesa degli interessi della comunit\u00e0;<\/li><li>Identificare le esigenze presenti e future dell\u2019organizzazione e dei mercati da essa serviti;<\/li><li>Confrontarsi con i migliori marchi ed interpreti del settore per identificare le opportunit\u00e0 di miglioramento;<\/li><li>Riesaminare periodicamente il sistema di gestione della qualit\u00e0 al fine di garantire l&#8217;adeguatezza nel tempo, l&#8217;efficacia e la conformit\u00e0 alla norma UNI EN ISO 9001;<\/li><li>mantenere un sistema di gestione della qualit\u00e0 certificato riferito alla norma UNI EN ISO 9001;<\/li><\/ul><p>\u00a0<\/p><p>Per il raggiungimento degli obiettivi sopra indicati Fiam Italia Srl si propone di:<\/p><ol><li>Sviluppare il Sistema di gestione della Qualit\u00e0 secondo la norma UNI EN ISO 9001:2015, basandolo su un approccio \u201cRisk Base Thinking\u201d;<\/li><li>Misurare le prestazioni aziendali in termini di qualit\u00e0 prodotto, efficacia della progettazione e livello di servizio per valutare oggettivamente la soddisfazione del Cliente;<\/li><li>Verificare periodicamente le prestazioni conseguite attraverso il Riesame del Sistema Qualit\u00e0, riesaminando gli obiettivi;<\/li><li>Ricercare costantemente il miglioramento continuo di tutte le prestazioni aziendali.<\/li><\/ol>\t\t\t\t\t\t\t\t<\/div>\n\t\t\t\t<\/div>\n\t\t\t\t\t<\/div>\n\t\t<\/div>\n\t\t\t\t\t<\/div>\n\t\t<\/section>\n\t\t\t\t<\/div>\n\t\t","protected":false},"excerpt":{"rendered":"<p>Politica della qualit\u00e0 L\u2019impegno fondamentale di FIAM ITALIA Srl \u00e8 la ricerca della soddisfazione dei propri Clienti, da realizzarsi attraverso il raggiungimento dei seguenti obiettivi: Legare il marchio FIAM a standard qualitativi elevati e sinonimo di conformit\u00e0 alla legislazione nazionale ed internazionale; Adoperarsi sempre per la tutela e salvaguardia della salute e sicurezza pubblica ed [&hellip;]<\/p>\n","protected":false},"author":2,"featured_media":0,"parent":0,"menu_order":0,"comment_status":"closed","ping_status":"closed","template":"","meta":{"_acf_changed":false,"footnotes":""},"class_list":["post-49590","page","type-page","status-publish","hentry"],"acf":[],"yoast_head":"<!-- This site is optimized with the Yoast SEO plugin v25.8 - https:\/\/yoast.com\/wordpress\/plugins\/seo\/ -->\n<title>Politica della qualit\u00e0 - Fiam Italia<\/title>\n<meta name=\"robots\" content=\"index, follow, max-snippet:-1, max-image-preview:large, max-video-preview:-1\" \/>\n<link rel=\"canonical\" href=\"https:\/\/www.fiamitalia.it\/de\/politica-qualita\/\" \/>\n<meta property=\"og:locale\" content=\"de_DE\" \/>\n<meta property=\"og:type\" content=\"article\" \/>\n<meta property=\"og:title\" content=\"Politica della qualit\u00e0 - Fiam Italia\" \/>\n<meta property=\"og:description\" content=\"Politica della qualit\u00e0 L\u2019impegno fondamentale di FIAM ITALIA Srl \u00e8 la ricerca della soddisfazione dei propri Clienti, da realizzarsi attraverso il raggiungimento dei seguenti obiettivi: Legare il marchio FIAM a standard qualitativi elevati e sinonimo di conformit\u00e0 alla legislazione nazionale ed internazionale; Adoperarsi sempre per la tutela e salvaguardia della salute e sicurezza pubblica ed [&hellip;]\" \/>\n<meta property=\"og:url\" content=\"https:\/\/www.fiamitalia.it\/de\/politica-qualita\/\" \/>\n<meta property=\"og:site_name\" content=\"Fiam Italia\" \/>\n<meta property=\"article:publisher\" content=\"https:\/\/www.facebook.com\/fiamitalia\/\" \/>\n<meta property=\"article:modified_time\" content=\"2024-11-26T07:52:37+00:00\" \/>\n<meta name=\"twitter:card\" content=\"summary_large_image\" \/>\n<meta name=\"twitter:label1\" content=\"Gesch\u00e4tzte Lesezeit\" \/>\n\t<meta name=\"twitter:data1\" content=\"3\u00a0Minuten\" \/>\n<script type=\"application\/ld+json\" class=\"yoast-schema-graph\">{\"@context\":\"https:\/\/schema.org\",\"@graph\":[{\"@type\":\"WebPage\",\"@id\":\"https:\/\/www.fiamitalia.it\/de\/politica-qualita\/\",\"url\":\"https:\/\/www.fiamitalia.it\/de\/politica-qualita\/\",\"name\":\"Politica della qualit\u00e0 - Fiam Italia\",\"isPartOf\":{\"@id\":\"https:\/\/www.fiamitalia.it\/de\/#website\"},\"datePublished\":\"2024-06-24T13:45:12+00:00\",\"dateModified\":\"2024-11-26T07:52:37+00:00\",\"breadcrumb\":{\"@id\":\"https:\/\/www.fiamitalia.it\/de\/politica-qualita\/#breadcrumb\"},\"inLanguage\":\"de\",\"potentialAction\":[{\"@type\":\"ReadAction\",\"target\":[\"https:\/\/www.fiamitalia.it\/de\/politica-qualita\/\"]}]},{\"@type\":\"BreadcrumbList\",\"@id\":\"https:\/\/www.fiamitalia.it\/de\/politica-qualita\/#breadcrumb\",\"itemListElement\":[{\"@type\":\"ListItem\",\"position\":1,\"name\":\"Home\",\"item\":\"https:\/\/www.fiamitalia.it\/de\/\"},{\"@type\":\"ListItem\",\"position\":2,\"name\":\"Politica della qualit\u00e0\"}]},{\"@type\":\"WebSite\",\"@id\":\"https:\/\/www.fiamitalia.it\/de\/#website\",\"url\":\"https:\/\/www.fiamitalia.it\/de\/\",\"name\":\"Fiam Italia\",\"description\":\"Da oltre 40 anni FIAM \u00e8 sinonimo di cultura del vetro a livello globale e produce elementi di arredo in vetro curvato di design. Scopri di pi\u00f9 sul sito!\",\"publisher\":{\"@id\":\"https:\/\/www.fiamitalia.it\/de\/#organization\"},\"potentialAction\":[{\"@type\":\"SearchAction\",\"target\":{\"@type\":\"EntryPoint\",\"urlTemplate\":\"https:\/\/www.fiamitalia.it\/de\/?s={search_term_string}\"},\"query-input\":{\"@type\":\"PropertyValueSpecification\",\"valueRequired\":true,\"valueName\":\"search_term_string\"}}],\"inLanguage\":\"de\"},{\"@type\":\"Organization\",\"@id\":\"https:\/\/www.fiamitalia.it\/de\/#organization\",\"name\":\"Fiam Italia\",\"url\":\"https:\/\/www.fiamitalia.it\/de\/\",\"logo\":{\"@type\":\"ImageObject\",\"inLanguage\":\"de\",\"@id\":\"https:\/\/www.fiamitalia.it\/de\/#\/schema\/logo\/image\/\",\"url\":\"https:\/\/www.fiamitalia.it\/wp-content\/uploads\/2023\/03\/cropped-Fiam_quadr_bn_Outline.png\",\"contentUrl\":\"https:\/\/www.fiamitalia.it\/wp-content\/uploads\/2023\/03\/cropped-Fiam_quadr_bn_Outline.png\",\"width\":945,\"height\":945,\"caption\":\"Fiam Italia\"},\"image\":{\"@id\":\"https:\/\/www.fiamitalia.it\/de\/#\/schema\/logo\/image\/\"},\"sameAs\":[\"https:\/\/www.facebook.com\/fiamitalia\/\",\"https:\/\/www.instagram.com\/fiamitalia_official\/\",\"https:\/\/pinterest.com\/fiamitalia_\/\",\"https:\/\/www.linkedin.com\/company\/1658601\/\",\"https:\/\/www.youtube.com\/user\/FiamItalia\/\"]}]}<\/script>\n<!-- \/ Yoast SEO plugin. -->","yoast_head_json":{"title":"Politica della qualit\u00e0 - Fiam Italia","robots":{"index":"index","follow":"follow","max-snippet":"max-snippet:-1","max-image-preview":"max-image-preview:large","max-video-preview":"max-video-preview:-1"},"canonical":"https:\/\/www.fiamitalia.it\/de\/politica-qualita\/","og_locale":"de_DE","og_type":"article","og_title":"Politica della qualit\u00e0 - Fiam Italia","og_description":"Politica della qualit\u00e0 L\u2019impegno fondamentale di FIAM ITALIA Srl \u00e8 la ricerca della soddisfazione dei propri Clienti, da realizzarsi attraverso il raggiungimento dei seguenti obiettivi: Legare il marchio FIAM a standard qualitativi elevati e sinonimo di conformit\u00e0 alla legislazione nazionale ed internazionale; Adoperarsi sempre per la tutela e salvaguardia della salute e sicurezza pubblica ed [&hellip;]","og_url":"https:\/\/www.fiamitalia.it\/de\/politica-qualita\/","og_site_name":"Fiam Italia","article_publisher":"https:\/\/www.facebook.com\/fiamitalia\/","article_modified_time":"2024-11-26T07:52:37+00:00","twitter_card":"summary_large_image","twitter_misc":{"Gesch\u00e4tzte Lesezeit":"3\u00a0Minuten"},"schema":{"@context":"https:\/\/schema.org","@graph":[{"@type":"WebPage","@id":"https:\/\/www.fiamitalia.it\/de\/politica-qualita\/","url":"https:\/\/www.fiamitalia.it\/de\/politica-qualita\/","name":"Politica della qualit\u00e0 - Fiam Italia","isPartOf":{"@id":"https:\/\/www.fiamitalia.it\/de\/#website"},"datePublished":"2024-06-24T13:45:12+00:00","dateModified":"2024-11-26T07:52:37+00:00","breadcrumb":{"@id":"https:\/\/www.fiamitalia.it\/de\/politica-qualita\/#breadcrumb"},"inLanguage":"de","potentialAction":[{"@type":"ReadAction","target":["https:\/\/www.fiamitalia.it\/de\/politica-qualita\/"]}]},{"@type":"BreadcrumbList","@id":"https:\/\/www.fiamitalia.it\/de\/politica-qualita\/#breadcrumb","itemListElement":[{"@type":"ListItem","position":1,"name":"Home","item":"https:\/\/www.fiamitalia.it\/de\/"},{"@type":"ListItem","position":2,"name":"Politica della qualit\u00e0"}]},{"@type":"WebSite","@id":"https:\/\/www.fiamitalia.it\/de\/#website","url":"https:\/\/www.fiamitalia.it\/de\/","name":"Fiam Italia","description":"Da oltre 40 anni FIAM \u00e8 sinonimo di cultura del vetro a livello globale e produce elementi di arredo in vetro curvato di design. Scopri di pi\u00f9 sul sito!","publisher":{"@id":"https:\/\/www.fiamitalia.it\/de\/#organization"},"potentialAction":[{"@type":"SearchAction","target":{"@type":"EntryPoint","urlTemplate":"https:\/\/www.fiamitalia.it\/de\/?s={search_term_string}"},"query-input":{"@type":"PropertyValueSpecification","valueRequired":true,"valueName":"search_term_string"}}],"inLanguage":"de"},{"@type":"Organization","@id":"https:\/\/www.fiamitalia.it\/de\/#organization","name":"Fiam Italia","url":"https:\/\/www.fiamitalia.it\/de\/","logo":{"@type":"ImageObject","inLanguage":"de","@id":"https:\/\/www.fiamitalia.it\/de\/#\/schema\/logo\/image\/","url":"https:\/\/www.fiamitalia.it\/wp-content\/uploads\/2023\/03\/cropped-Fiam_quadr_bn_Outline.png","contentUrl":"https:\/\/www.fiamitalia.it\/wp-content\/uploads\/2023\/03\/cropped-Fiam_quadr_bn_Outline.png","width":945,"height":945,"caption":"Fiam Italia"},"image":{"@id":"https:\/\/www.fiamitalia.it\/de\/#\/schema\/logo\/image\/"},"sameAs":["https:\/\/www.facebook.com\/fiamitalia\/","https:\/\/www.instagram.com\/fiamitalia_official\/","https:\/\/pinterest.com\/fiamitalia_\/","https:\/\/www.linkedin.com\/company\/1658601\/","https:\/\/www.youtube.com\/user\/FiamItalia\/"]}]}},"_links":{"self":[{"href":"https:\/\/www.fiamitalia.it\/de\/wp-json\/wp\/v2\/pages\/49590","targetHints":{"allow":["GET"]}}],"collection":[{"href":"https:\/\/www.fiamitalia.it\/de\/wp-json\/wp\/v2\/pages"}],"about":[{"href":"https:\/\/www.fiamitalia.it\/de\/wp-json\/wp\/v2\/types\/page"}],"author":[{"embeddable":true,"href":"https:\/\/www.fiamitalia.it\/de\/wp-json\/wp\/v2\/users\/2"}],"replies":[{"embeddable":true,"href":"https:\/\/www.fiamitalia.it\/de\/wp-json\/wp\/v2\/comments?post=49590"}],"version-history":[{"count":11,"href":"https:\/\/www.fiamitalia.it\/de\/wp-json\/wp\/v2\/pages\/49590\/revisions"}],"predecessor-version":[{"id":52201,"href":"https:\/\/www.fiamitalia.it\/de\/wp-json\/wp\/v2\/pages\/49590\/revisions\/52201"}],"wp:attachment":[{"href":"https:\/\/www.fiamitalia.it\/de\/wp-json\/wp\/v2\/media?parent=49590"}],"curies":[{"name":"wp","href":"https:\/\/api.w.org\/{rel}","templated":true}]}}