{"id":49213,"date":"2024-06-24T13:07:53","date_gmt":"2024-06-24T13:07:53","guid":{"rendered":"https:\/\/www.fiamitalia.it\/?page_id=49213"},"modified":"2024-06-24T13:07:53","modified_gmt":"2024-06-24T13:07:53","slug":"entsorgung","status":"publish","type":"page","link":"https:\/\/www.fiamitalia.it\/de\/entsorgung\/","title":{"rendered":"Entsorgung"},"content":{"rendered":"\t\t<div data-elementor-type=\"wp-page\" data-elementor-id=\"49213\" class=\"elementor elementor-49213 elementor-49185\" data-elementor-post-type=\"page\">\n\t\t\t\t\t\t<section class=\"elementor-section elementor-top-section elementor-element elementor-element-b8cb270 elementor-section-boxed elementor-section-height-default elementor-section-height-default\" data-id=\"b8cb270\" data-element_type=\"section\">\n\t\t\t\t\t\t<div class=\"elementor-container elementor-column-gap-default\">\n\t\t\t\t\t<div class=\"elementor-column elementor-col-100 elementor-top-column elementor-element elementor-element-f65e1de\" data-id=\"f65e1de\" data-element_type=\"column\">\n\t\t\t<div class=\"elementor-widget-wrap elementor-element-populated\">\n\t\t\t\t\t\t<div class=\"elementor-element elementor-element-1511bc5 elementor-widget elementor-widget-heading\" data-id=\"1511bc5\" data-element_type=\"widget\" data-widget_type=\"heading.default\">\n\t\t\t\t<div class=\"elementor-widget-container\">\n\t\t\t\t\t<h1 class=\"elementor-heading-title elementor-size-default\">Entsorgung<\/h1>\t\t\t\t<\/div>\n\t\t\t\t<\/div>\n\t\t\t\t<div class=\"elementor-element elementor-element-31cd472 elementor-widget elementor-widget-heading\" data-id=\"31cd472\" data-element_type=\"widget\" data-widget_type=\"heading.default\">\n\t\t\t\t<div class=\"elementor-widget-container\">\n\t\t\t\t\t<h2 class=\"elementor-heading-title elementor-size-default\">Betreff: Entsorgung von Verpackungen und Altprodukten<\/h2>\t\t\t\t<\/div>\n\t\t\t\t<\/div>\n\t\t\t\t<div class=\"elementor-element elementor-element-e8374bf elementor-widget elementor-widget-text-editor\" data-id=\"e8374bf\" data-element_type=\"widget\" data-widget_type=\"text-editor.default\">\n\t\t\t\t<div class=\"elementor-widget-container\">\n\t\t\t\t\t\t\t\t\t<p><strong>F\u00fcr eine ordnungsgem\u00e4\u00dfe Entsorgung von Verpackungen und Altprodukten sollten Sie die in Ihrer Gemeinde geltenden Vorschriften \u00fcberpr\u00fcfen.<\/strong><\/p><p>Verpackungen m\u00fcssen gesammelt und &#8211; unabh\u00e4ngig davon, ob sie nach der aktuellen Technologie wiederverwertbar sind oder nicht &#8211; zur Entsorgung, zum Recycling und zur Wiederverwendung im Produktionszyklus zu geeigneten Recyclingzentren oder Sammelstellen im ganzen Land transportiert werden.<\/p><p>Das auf der Verpackung angebrachte Etikett soll die verschiedenen Materialien, aus denen die Verpackung besteht, deklarieren und ihre Identifizierung erleichtern. In jedem Fall sollten Sie f\u00fcr eine ordnungsgem\u00e4\u00dfe Entsorgung die Vorschriften Ihrer Gemeinde \u00fcberpr\u00fcfen.<br \/><\/p>\t\t\t\t\t\t\t\t<\/div>\n\t\t\t\t<\/div>\n\t\t\t\t\t<\/div>\n\t\t<\/div>\n\t\t\t\t\t<\/div>\n\t\t<\/section>\n\t\t\t\t<section class=\"elementor-section elementor-top-section elementor-element elementor-element-7265be3 elementor-section-boxed elementor-section-height-default elementor-section-height-default\" data-id=\"7265be3\" data-element_type=\"section\">\n\t\t\t\t\t\t<div class=\"elementor-container elementor-column-gap-default\">\n\t\t\t\t\t<div class=\"elementor-column elementor-col-33 elementor-top-column elementor-element elementor-element-f7637d0\" data-id=\"f7637d0\" data-element_type=\"column\">\n\t\t\t<div class=\"elementor-widget-wrap elementor-element-populated\">\n\t\t\t\t\t\t<div class=\"elementor-element elementor-element-decd85a elementor-widget elementor-widget-image\" data-id=\"decd85a\" data-element_type=\"widget\" data-widget_type=\"image.default\">\n\t\t\t\t<div class=\"elementor-widget-container\">\n\t\t\t\t\t\t\t\t\t\t\t\t\t\t\t<img fetchpriority=\"high\" decoding=\"async\" width=\"800\" height=\"1135\" src=\"https:\/\/www.fiamitalia.it\/wp-content\/uploads\/2024\/05\/FEA_01-846x1200.jpg\" class=\"attachment-large size-large wp-image-49190\" alt=\"\" srcset=\"https:\/\/www.fiamitalia.it\/wp-content\/uploads\/2024\/05\/FEA_01-846x1200.jpg 846w, https:\/\/www.fiamitalia.it\/wp-content\/uploads\/2024\/05\/FEA_01-423x600.jpg 423w, https:\/\/www.fiamitalia.it\/wp-content\/uploads\/2024\/05\/FEA_01-768x1090.jpg 768w, https:\/\/www.fiamitalia.it\/wp-content\/uploads\/2024\/05\/FEA_01.jpg 874w\" sizes=\"(max-width: 800px) 100vw, 800px\" \/>\t\t\t\t\t\t\t\t\t\t\t\t\t\t\t<\/div>\n\t\t\t\t<\/div>\n\t\t\t\t\t<\/div>\n\t\t<\/div>\n\t\t\t\t<div class=\"elementor-column elementor-col-33 elementor-top-column elementor-element elementor-element-c0fc0dd\" data-id=\"c0fc0dd\" data-element_type=\"column\">\n\t\t\t<div class=\"elementor-widget-wrap elementor-element-populated\">\n\t\t\t\t\t\t<div class=\"elementor-element elementor-element-a625c66 elementor-widget elementor-widget-image\" data-id=\"a625c66\" data-element_type=\"widget\" data-widget_type=\"image.default\">\n\t\t\t\t<div class=\"elementor-widget-container\">\n\t\t\t\t\t\t\t\t\t\t\t\t\t\t\t<img decoding=\"async\" width=\"800\" height=\"1135\" src=\"https:\/\/www.fiamitalia.it\/wp-content\/uploads\/2024\/05\/FEA_02-846x1200.jpg\" class=\"attachment-large size-large wp-image-49194\" alt=\"\" srcset=\"https:\/\/www.fiamitalia.it\/wp-content\/uploads\/2024\/05\/FEA_02-846x1200.jpg 846w, https:\/\/www.fiamitalia.it\/wp-content\/uploads\/2024\/05\/FEA_02-423x600.jpg 423w, https:\/\/www.fiamitalia.it\/wp-content\/uploads\/2024\/05\/FEA_02-768x1090.jpg 768w, https:\/\/www.fiamitalia.it\/wp-content\/uploads\/2024\/05\/FEA_02.jpg 874w\" sizes=\"(max-width: 800px) 100vw, 800px\" \/>\t\t\t\t\t\t\t\t\t\t\t\t\t\t\t<\/div>\n\t\t\t\t<\/div>\n\t\t\t\t\t<\/div>\n\t\t<\/div>\n\t\t\t\t<div class=\"elementor-column elementor-col-33 elementor-top-column elementor-element elementor-element-f5e8459\" data-id=\"f5e8459\" data-element_type=\"column\">\n\t\t\t<div class=\"elementor-widget-wrap elementor-element-populated\">\n\t\t\t\t\t\t<div class=\"elementor-element elementor-element-9832fd6 elementor-widget elementor-widget-image\" data-id=\"9832fd6\" data-element_type=\"widget\" data-widget_type=\"image.default\">\n\t\t\t\t<div class=\"elementor-widget-container\">\n\t\t\t\t\t\t\t\t\t\t\t\t\t\t\t<img decoding=\"async\" width=\"800\" height=\"1135\" src=\"https:\/\/www.fiamitalia.it\/wp-content\/uploads\/2024\/05\/FEA_03-846x1200.jpg\" class=\"attachment-large size-large wp-image-49198\" alt=\"\" srcset=\"https:\/\/www.fiamitalia.it\/wp-content\/uploads\/2024\/05\/FEA_03-846x1200.jpg 846w, https:\/\/www.fiamitalia.it\/wp-content\/uploads\/2024\/05\/FEA_03-423x600.jpg 423w, https:\/\/www.fiamitalia.it\/wp-content\/uploads\/2024\/05\/FEA_03-768x1090.jpg 768w, https:\/\/www.fiamitalia.it\/wp-content\/uploads\/2024\/05\/FEA_03.jpg 874w\" sizes=\"(max-width: 800px) 100vw, 800px\" \/>\t\t\t\t\t\t\t\t\t\t\t\t\t\t\t<\/div>\n\t\t\t\t<\/div>\n\t\t\t\t\t<\/div>\n\t\t<\/div>\n\t\t\t\t\t<\/div>\n\t\t<\/section>\n\t\t\t\t<\/div>\n\t\t","protected":false},"excerpt":{"rendered":"<p>Entsorgung Betreff: Entsorgung von Verpackungen und Altprodukten F\u00fcr eine ordnungsgem\u00e4\u00dfe Entsorgung von Verpackungen und Altprodukten sollten Sie die in Ihrer Gemeinde geltenden Vorschriften \u00fcberpr\u00fcfen. Verpackungen m\u00fcssen gesammelt und &#8211; unabh\u00e4ngig davon, ob sie nach der aktuellen Technologie wiederverwertbar sind oder nicht &#8211; zur Entsorgung, zum Recycling und zur Wiederverwendung im Produktionszyklus zu geeigneten Recyclingzentren oder [&hellip;]<\/p>\n","protected":false},"author":2,"featured_media":0,"parent":0,"menu_order":0,"comment_status":"closed","ping_status":"closed","template":"","meta":{"_acf_changed":false,"footnotes":""},"class_list":["post-49213","page","type-page","status-publish","hentry"],"acf":[],"yoast_head":"<!-- This site is optimized with the Yoast SEO plugin v25.8 - https:\/\/yoast.com\/wordpress\/plugins\/seo\/ -->\n<title>Entsorgung - Fiam Italia<\/title>\n<meta name=\"robots\" content=\"index, follow, max-snippet:-1, max-image-preview:large, max-video-preview:-1\" \/>\n<link rel=\"canonical\" href=\"https:\/\/www.fiamitalia.it\/de\/entsorgung\/\" \/>\n<meta property=\"og:locale\" content=\"de_DE\" \/>\n<meta property=\"og:type\" content=\"article\" \/>\n<meta property=\"og:title\" content=\"Entsorgung - Fiam Italia\" \/>\n<meta property=\"og:description\" content=\"Entsorgung Betreff: Entsorgung von Verpackungen und Altprodukten F\u00fcr eine ordnungsgem\u00e4\u00dfe Entsorgung von Verpackungen und Altprodukten sollten Sie die in Ihrer Gemeinde geltenden Vorschriften \u00fcberpr\u00fcfen. Verpackungen m\u00fcssen gesammelt und &#8211; unabh\u00e4ngig davon, ob sie nach der aktuellen Technologie wiederverwertbar sind oder nicht &#8211; zur Entsorgung, zum Recycling und zur Wiederverwendung im Produktionszyklus zu geeigneten Recyclingzentren oder [&hellip;]\" \/>\n<meta property=\"og:url\" content=\"https:\/\/www.fiamitalia.it\/de\/entsorgung\/\" \/>\n<meta property=\"og:site_name\" content=\"Fiam Italia\" \/>\n<meta property=\"article:publisher\" content=\"https:\/\/www.facebook.com\/fiamitalia\/\" \/>\n<meta property=\"og:image\" content=\"https:\/\/www.fiamitalia.it\/wp-content\/uploads\/2024\/05\/FEA_01-846x1200.jpg\" \/>\n<meta name=\"twitter:card\" content=\"summary_large_image\" \/>\n<meta name=\"twitter:label1\" content=\"Gesch\u00e4tzte Lesezeit\" \/>\n\t<meta name=\"twitter:data1\" content=\"2\u00a0Minuten\" \/>\n<script type=\"application\/ld+json\" class=\"yoast-schema-graph\">{\"@context\":\"https:\/\/schema.org\",\"@graph\":[{\"@type\":\"WebPage\",\"@id\":\"https:\/\/www.fiamitalia.it\/de\/entsorgung\/\",\"url\":\"https:\/\/www.fiamitalia.it\/de\/entsorgung\/\",\"name\":\"Entsorgung - Fiam Italia\",\"isPartOf\":{\"@id\":\"https:\/\/www.fiamitalia.it\/de\/#website\"},\"primaryImageOfPage\":{\"@id\":\"https:\/\/www.fiamitalia.it\/de\/entsorgung\/#primaryimage\"},\"image\":{\"@id\":\"https:\/\/www.fiamitalia.it\/de\/entsorgung\/#primaryimage\"},\"thumbnailUrl\":\"https:\/\/www.fiamitalia.it\/wp-content\/uploads\/2024\/05\/FEA_01-846x1200.jpg\",\"datePublished\":\"2024-06-24T13:07:53+00:00\",\"breadcrumb\":{\"@id\":\"https:\/\/www.fiamitalia.it\/de\/entsorgung\/#breadcrumb\"},\"inLanguage\":\"de\",\"potentialAction\":[{\"@type\":\"ReadAction\",\"target\":[\"https:\/\/www.fiamitalia.it\/de\/entsorgung\/\"]}]},{\"@type\":\"ImageObject\",\"inLanguage\":\"de\",\"@id\":\"https:\/\/www.fiamitalia.it\/de\/entsorgung\/#primaryimage\",\"url\":\"https:\/\/www.fiamitalia.it\/wp-content\/uploads\/2024\/05\/FEA_01-846x1200.jpg\",\"contentUrl\":\"https:\/\/www.fiamitalia.it\/wp-content\/uploads\/2024\/05\/FEA_01-846x1200.jpg\"},{\"@type\":\"BreadcrumbList\",\"@id\":\"https:\/\/www.fiamitalia.it\/de\/entsorgung\/#breadcrumb\",\"itemListElement\":[{\"@type\":\"ListItem\",\"position\":1,\"name\":\"Home\",\"item\":\"https:\/\/www.fiamitalia.it\/de\/\"},{\"@type\":\"ListItem\",\"position\":2,\"name\":\"Entsorgung\"}]},{\"@type\":\"WebSite\",\"@id\":\"https:\/\/www.fiamitalia.it\/de\/#website\",\"url\":\"https:\/\/www.fiamitalia.it\/de\/\",\"name\":\"Fiam Italia\",\"description\":\"Da oltre 40 anni FIAM \u00e8 sinonimo di cultura del vetro a livello globale e produce elementi di arredo in vetro curvato di design. Scopri di pi\u00f9 sul sito!\",\"publisher\":{\"@id\":\"https:\/\/www.fiamitalia.it\/de\/#organization\"},\"potentialAction\":[{\"@type\":\"SearchAction\",\"target\":{\"@type\":\"EntryPoint\",\"urlTemplate\":\"https:\/\/www.fiamitalia.it\/de\/?s={search_term_string}\"},\"query-input\":{\"@type\":\"PropertyValueSpecification\",\"valueRequired\":true,\"valueName\":\"search_term_string\"}}],\"inLanguage\":\"de\"},{\"@type\":\"Organization\",\"@id\":\"https:\/\/www.fiamitalia.it\/de\/#organization\",\"name\":\"Fiam Italia\",\"url\":\"https:\/\/www.fiamitalia.it\/de\/\",\"logo\":{\"@type\":\"ImageObject\",\"inLanguage\":\"de\",\"@id\":\"https:\/\/www.fiamitalia.it\/de\/#\/schema\/logo\/image\/\",\"url\":\"https:\/\/www.fiamitalia.it\/wp-content\/uploads\/2023\/03\/cropped-Fiam_quadr_bn_Outline.png\",\"contentUrl\":\"https:\/\/www.fiamitalia.it\/wp-content\/uploads\/2023\/03\/cropped-Fiam_quadr_bn_Outline.png\",\"width\":945,\"height\":945,\"caption\":\"Fiam Italia\"},\"image\":{\"@id\":\"https:\/\/www.fiamitalia.it\/de\/#\/schema\/logo\/image\/\"},\"sameAs\":[\"https:\/\/www.facebook.com\/fiamitalia\/\",\"https:\/\/www.instagram.com\/fiamitalia_official\/\",\"https:\/\/pinterest.com\/fiamitalia_\/\",\"https:\/\/www.linkedin.com\/company\/1658601\/\",\"https:\/\/www.youtube.com\/user\/FiamItalia\/\"]}]}<\/script>\n<!-- \/ Yoast SEO plugin. -->","yoast_head_json":{"title":"Entsorgung - Fiam Italia","robots":{"index":"index","follow":"follow","max-snippet":"max-snippet:-1","max-image-preview":"max-image-preview:large","max-video-preview":"max-video-preview:-1"},"canonical":"https:\/\/www.fiamitalia.it\/de\/entsorgung\/","og_locale":"de_DE","og_type":"article","og_title":"Entsorgung - Fiam Italia","og_description":"Entsorgung Betreff: Entsorgung von Verpackungen und Altprodukten F\u00fcr eine ordnungsgem\u00e4\u00dfe Entsorgung von Verpackungen und Altprodukten sollten Sie die in Ihrer Gemeinde geltenden Vorschriften \u00fcberpr\u00fcfen. Verpackungen m\u00fcssen gesammelt und &#8211; unabh\u00e4ngig davon, ob sie nach der aktuellen Technologie wiederverwertbar sind oder nicht &#8211; zur Entsorgung, zum Recycling und zur Wiederverwendung im Produktionszyklus zu geeigneten Recyclingzentren oder [&hellip;]","og_url":"https:\/\/www.fiamitalia.it\/de\/entsorgung\/","og_site_name":"Fiam Italia","article_publisher":"https:\/\/www.facebook.com\/fiamitalia\/","og_image":[{"url":"https:\/\/www.fiamitalia.it\/wp-content\/uploads\/2024\/05\/FEA_01-846x1200.jpg","type":"","width":"","height":""}],"twitter_card":"summary_large_image","twitter_misc":{"Gesch\u00e4tzte Lesezeit":"2\u00a0Minuten"},"schema":{"@context":"https:\/\/schema.org","@graph":[{"@type":"WebPage","@id":"https:\/\/www.fiamitalia.it\/de\/entsorgung\/","url":"https:\/\/www.fiamitalia.it\/de\/entsorgung\/","name":"Entsorgung - Fiam Italia","isPartOf":{"@id":"https:\/\/www.fiamitalia.it\/de\/#website"},"primaryImageOfPage":{"@id":"https:\/\/www.fiamitalia.it\/de\/entsorgung\/#primaryimage"},"image":{"@id":"https:\/\/www.fiamitalia.it\/de\/entsorgung\/#primaryimage"},"thumbnailUrl":"https:\/\/www.fiamitalia.it\/wp-content\/uploads\/2024\/05\/FEA_01-846x1200.jpg","datePublished":"2024-06-24T13:07:53+00:00","breadcrumb":{"@id":"https:\/\/www.fiamitalia.it\/de\/entsorgung\/#breadcrumb"},"inLanguage":"de","potentialAction":[{"@type":"ReadAction","target":["https:\/\/www.fiamitalia.it\/de\/entsorgung\/"]}]},{"@type":"ImageObject","inLanguage":"de","@id":"https:\/\/www.fiamitalia.it\/de\/entsorgung\/#primaryimage","url":"https:\/\/www.fiamitalia.it\/wp-content\/uploads\/2024\/05\/FEA_01-846x1200.jpg","contentUrl":"https:\/\/www.fiamitalia.it\/wp-content\/uploads\/2024\/05\/FEA_01-846x1200.jpg"},{"@type":"BreadcrumbList","@id":"https:\/\/www.fiamitalia.it\/de\/entsorgung\/#breadcrumb","itemListElement":[{"@type":"ListItem","position":1,"name":"Home","item":"https:\/\/www.fiamitalia.it\/de\/"},{"@type":"ListItem","position":2,"name":"Entsorgung"}]},{"@type":"WebSite","@id":"https:\/\/www.fiamitalia.it\/de\/#website","url":"https:\/\/www.fiamitalia.it\/de\/","name":"Fiam Italia","description":"Da oltre 40 anni FIAM \u00e8 sinonimo di cultura del vetro a livello globale e produce elementi di arredo in vetro curvato di design. Scopri di pi\u00f9 sul sito!","publisher":{"@id":"https:\/\/www.fiamitalia.it\/de\/#organization"},"potentialAction":[{"@type":"SearchAction","target":{"@type":"EntryPoint","urlTemplate":"https:\/\/www.fiamitalia.it\/de\/?s={search_term_string}"},"query-input":{"@type":"PropertyValueSpecification","valueRequired":true,"valueName":"search_term_string"}}],"inLanguage":"de"},{"@type":"Organization","@id":"https:\/\/www.fiamitalia.it\/de\/#organization","name":"Fiam Italia","url":"https:\/\/www.fiamitalia.it\/de\/","logo":{"@type":"ImageObject","inLanguage":"de","@id":"https:\/\/www.fiamitalia.it\/de\/#\/schema\/logo\/image\/","url":"https:\/\/www.fiamitalia.it\/wp-content\/uploads\/2023\/03\/cropped-Fiam_quadr_bn_Outline.png","contentUrl":"https:\/\/www.fiamitalia.it\/wp-content\/uploads\/2023\/03\/cropped-Fiam_quadr_bn_Outline.png","width":945,"height":945,"caption":"Fiam Italia"},"image":{"@id":"https:\/\/www.fiamitalia.it\/de\/#\/schema\/logo\/image\/"},"sameAs":["https:\/\/www.facebook.com\/fiamitalia\/","https:\/\/www.instagram.com\/fiamitalia_official\/","https:\/\/pinterest.com\/fiamitalia_\/","https:\/\/www.linkedin.com\/company\/1658601\/","https:\/\/www.youtube.com\/user\/FiamItalia\/"]}]}},"_links":{"self":[{"href":"https:\/\/www.fiamitalia.it\/de\/wp-json\/wp\/v2\/pages\/49213","targetHints":{"allow":["GET"]}}],"collection":[{"href":"https:\/\/www.fiamitalia.it\/de\/wp-json\/wp\/v2\/pages"}],"about":[{"href":"https:\/\/www.fiamitalia.it\/de\/wp-json\/wp\/v2\/types\/page"}],"author":[{"embeddable":true,"href":"https:\/\/www.fiamitalia.it\/de\/wp-json\/wp\/v2\/users\/2"}],"replies":[{"embeddable":true,"href":"https:\/\/www.fiamitalia.it\/de\/wp-json\/wp\/v2\/comments?post=49213"}],"version-history":[{"count":12,"href":"https:\/\/www.fiamitalia.it\/de\/wp-json\/wp\/v2\/pages\/49213\/revisions"}],"predecessor-version":[{"id":49625,"href":"https:\/\/www.fiamitalia.it\/de\/wp-json\/wp\/v2\/pages\/49213\/revisions\/49625"}],"wp:attachment":[{"href":"https:\/\/www.fiamitalia.it\/de\/wp-json\/wp\/v2\/media?parent=49213"}],"curies":[{"name":"wp","href":"https:\/\/api.w.org\/{rel}","templated":true}]}}