{"id":33817,"date":"2022-12-19T07:22:45","date_gmt":"2022-12-19T07:22:45","guid":{"rendered":"https:\/\/dev.fiamitalia.it\/certificazioni\/"},"modified":"2024-07-16T07:25:48","modified_gmt":"2024-07-16T07:25:48","slug":"bescheinigung","status":"publish","type":"page","link":"https:\/\/www.fiamitalia.it\/de\/bescheinigung\/","title":{"rendered":"Bescheinigung"},"content":{"rendered":"\t\t<div data-elementor-type=\"wp-page\" data-elementor-id=\"33817\" class=\"elementor elementor-33817 elementor-294\" data-elementor-post-type=\"page\">\n\t\t\t\t\t\t<section class=\"elementor-section elementor-top-section elementor-element elementor-element-b365eef elementor-section-boxed elementor-section-height-default elementor-section-height-default\" data-id=\"b365eef\" data-element_type=\"section\">\n\t\t\t\t\t\t<div class=\"elementor-container elementor-column-gap-default\">\n\t\t\t\t\t<div class=\"elementor-column elementor-col-100 elementor-top-column elementor-element elementor-element-78b6a72\" data-id=\"78b6a72\" data-element_type=\"column\">\n\t\t\t<div class=\"elementor-widget-wrap elementor-element-populated\">\n\t\t\t\t\t\t<div class=\"elementor-element elementor-element-9740004 elementor-widget elementor-widget-heading\" data-id=\"9740004\" data-element_type=\"widget\" data-widget_type=\"heading.default\">\n\t\t\t\t<div class=\"elementor-widget-container\">\n\t\t\t\t\t<h1 class=\"elementor-heading-title elementor-size-default\">Bescheinigung<\/h1>\t\t\t\t<\/div>\n\t\t\t\t<\/div>\n\t\t\t\t\t<\/div>\n\t\t<\/div>\n\t\t\t\t\t<\/div>\n\t\t<\/section>\n\t\t\t\t<section class=\"elementor-section elementor-top-section elementor-element elementor-element-e272e75 elementor-section-boxed elementor-section-height-default elementor-section-height-default\" data-id=\"e272e75\" data-element_type=\"section\">\n\t\t\t\t\t\t<div class=\"elementor-container elementor-column-gap-default\">\n\t\t\t\t\t<div class=\"elementor-column elementor-col-50 elementor-top-column elementor-element elementor-element-2315a82\" data-id=\"2315a82\" data-element_type=\"column\">\n\t\t\t<div class=\"elementor-widget-wrap elementor-element-populated\">\n\t\t\t\t\t\t<div class=\"elementor-element elementor-element-38f74b5 elementor-widget elementor-widget-image\" data-id=\"38f74b5\" data-element_type=\"widget\" data-widget_type=\"image.default\">\n\t\t\t\t<div class=\"elementor-widget-container\">\n\t\t\t\t\t\t\t\t\t\t\t\t\t\t\t<img decoding=\"async\" width=\"295\" height=\"131\" src=\"https:\/\/www.fiamitalia.it\/wp-content\/uploads\/2023\/03\/FIAM_Certificazioni.jpg\" class=\"attachment-full size-full wp-image-23175\" alt=\"\" \/>\t\t\t\t\t\t\t\t\t\t\t\t\t\t\t<\/div>\n\t\t\t\t<\/div>\n\t\t\t\t\t<\/div>\n\t\t<\/div>\n\t\t\t\t<div class=\"elementor-column elementor-col-50 elementor-top-column elementor-element elementor-element-9418747\" data-id=\"9418747\" data-element_type=\"column\">\n\t\t\t<div class=\"elementor-widget-wrap elementor-element-populated\">\n\t\t\t\t\t\t<div class=\"elementor-element elementor-element-bdce96a elementor-widget elementor-widget-text-editor\" data-id=\"bdce96a\" data-element_type=\"widget\" data-widget_type=\"text-editor.default\">\n\t\t\t\t<div class=\"elementor-widget-container\">\n\t\t\t\t\t\t\t\t\t<h5>QUALIT\u00c4TSSICHERUNG<\/h5><p><strong>Fiam ist gem\u00e4\u00df UNI EN ISO 9001:2008 zertifiziert<\/strong><\/p><p>Die Konformit\u00e4t mit dieser Referenznorm erm\u00f6glicht Fiam das Erreichen besonders hoher Qualit\u00e4tsstandards.<\/p><p>Eines der direkten Zeugnisse ist die Nachverfolgbarkeit der handgefertigten Produkte: Jedes Produkt von Fiam tr\u00e4gt einen nicht entfernbaren Sticker, der bei besonders hohen Temperaturen gebrannt wird und das Firmenlogo sowie einen Code tr\u00e4gt, mit dem der gesamte Produktionsprozess rekonstruiert werden kann.<\/p>\t\t\t\t\t\t\t\t<\/div>\n\t\t\t\t<\/div>\n\t\t\t\t\t<\/div>\n\t\t<\/div>\n\t\t\t\t\t<\/div>\n\t\t<\/section>\n\t\t\t\t<section class=\"elementor-section elementor-top-section elementor-element elementor-element-6e1587d elementor-hidden-desktop elementor-hidden-tablet elementor-hidden-mobile elementor-section-boxed elementor-section-height-default elementor-section-height-default\" data-id=\"6e1587d\" data-element_type=\"section\">\n\t\t\t\t\t\t<div class=\"elementor-container elementor-column-gap-default\">\n\t\t\t\t\t<div class=\"elementor-column elementor-col-50 elementor-top-column elementor-element elementor-element-e78bcc1\" data-id=\"e78bcc1\" data-element_type=\"column\">\n\t\t\t<div class=\"elementor-widget-wrap elementor-element-populated\">\n\t\t\t\t\t\t<div class=\"elementor-element elementor-element-b378c67 elementor-widget elementor-widget-image\" data-id=\"b378c67\" data-element_type=\"widget\" data-widget_type=\"image.default\">\n\t\t\t\t<div class=\"elementor-widget-container\">\n\t\t\t\t\t\t\t\t\t\t\t\t\t\t\t\t<a href=\"https:\/\/www.agc-yourglass.com\/\" target=\"_blank\" rel=\"nofollow\">\n\t\t\t\t\t\t\t<img fetchpriority=\"high\" decoding=\"async\" width=\"467\" height=\"275\" src=\"https:\/\/www.fiamitalia.it\/wp-content\/uploads\/2023\/03\/FIAM_AGC.png\" class=\"attachment-full size-full wp-image-23186\" alt=\"\" \/>\t\t\t\t\t\t\t\t<\/a>\n\t\t\t\t\t\t\t\t\t\t\t\t\t\t\t<\/div>\n\t\t\t\t<\/div>\n\t\t\t\t\t<\/div>\n\t\t<\/div>\n\t\t\t\t<div class=\"elementor-column elementor-col-50 elementor-top-column elementor-element elementor-element-e3240b6\" data-id=\"e3240b6\" data-element_type=\"column\">\n\t\t\t<div class=\"elementor-widget-wrap elementor-element-populated\">\n\t\t\t\t\t\t<div class=\"elementor-element elementor-element-6c9b217 elementor-widget elementor-widget-menu-anchor\" data-id=\"6c9b217\" data-element_type=\"widget\" data-widget_type=\"menu-anchor.default\">\n\t\t\t\t<div class=\"elementor-widget-container\">\n\t\t\t\t\t\t\t<div class=\"elementor-menu-anchor\" id=\"AGC\"><\/div>\n\t\t\t\t\t\t<\/div>\n\t\t\t\t<\/div>\n\t\t\t\t<div class=\"elementor-element elementor-element-f198454 elementor-widget elementor-widget-text-editor\" data-id=\"f198454\" data-element_type=\"widget\" data-widget_type=\"text-editor.default\">\n\t\t\t\t<div class=\"elementor-widget-container\">\n\t\t\t\t\t\t\t\t\t<h5>FIAM ITalia &amp; AGC<\/h5>\t\t\t\t\t\t\t\t<\/div>\n\t\t\t\t<\/div>\n\t\t\t\t<div class=\"elementor-element elementor-element-fd723a4 elementor-widget elementor-widget-text-editor\" data-id=\"fd723a4\" data-element_type=\"widget\" data-widget_type=\"text-editor.default\">\n\t\t\t\t<div class=\"elementor-widget-container\">\n\t\t\t\t\t\t\t\t\t<p><strong>Mit Glasinnovationen die Zukunft gestalten.<br \/><\/strong><\/p><p>Es ist genau die Innovation der wichtigste Wert, den wir mit AGC teilen. Eine unaufh\u00f6rliche Forschung, die uns dazu antreibt, Ver\u00e4nderungen in der Gesellschaft und den M\u00e4rkten, in denen wir t\u00e4tig sind, durch die Schaffung eines Wertes einen Schritt voraus zu sein, der durch die Qualit\u00e4t von Prozessen und Materialien garantiert wird.<\/p><p>Gemeinsam tragen wir zu einer nachhaltigen Entwicklung bei, die sich auf ein \u00f6kologisches Material par excellence konzentriert, das in voller \u00dcbereinstimmung mit den Prinzipien der Kreislaufwirtschaft verarbeitet und umgewandelt wird.<\/p>\t\t\t\t\t\t\t\t<\/div>\n\t\t\t\t<\/div>\n\t\t\t\t\t<\/div>\n\t\t<\/div>\n\t\t\t\t\t<\/div>\n\t\t<\/section>\n\t\t\t\t<\/div>\n\t\t","protected":false},"excerpt":{"rendered":"<p>Bescheinigung QUALIT\u00c4TSSICHERUNG Fiam ist gem\u00e4\u00df UNI EN ISO 9001:2008 zertifiziert Die Konformit\u00e4t mit dieser Referenznorm erm\u00f6glicht Fiam das Erreichen besonders hoher Qualit\u00e4tsstandards. Eines der direkten Zeugnisse ist die Nachverfolgbarkeit der handgefertigten Produkte: Jedes Produkt von Fiam tr\u00e4gt einen nicht entfernbaren Sticker, der bei besonders hohen Temperaturen gebrannt wird und das Firmenlogo sowie einen Code tr\u00e4gt, [&hellip;]<\/p>\n","protected":false},"author":1,"featured_media":0,"parent":0,"menu_order":0,"comment_status":"closed","ping_status":"closed","template":"","meta":{"_acf_changed":false,"footnotes":""},"class_list":["post-33817","page","type-page","status-publish","hentry"],"acf":[],"yoast_head":"<!-- This site is optimized with the Yoast SEO plugin v25.8 - https:\/\/yoast.com\/wordpress\/plugins\/seo\/ -->\n<title>Bescheinigung - Fiam Italia<\/title>\n<meta name=\"description\" content=\"QUALIT\u00c4TSSICHERUNG Fiam ist gem\u00e4\u00df UNI EN ISO 9001:2008 zertifiziert Die Konformit\u00e4t mit dieser Referenznorm erm\u00f6glicht Fiam das Erreichen besonders hoher Qualit\u00e4tsstandards.\" \/>\n<meta name=\"robots\" content=\"index, follow, max-snippet:-1, max-image-preview:large, max-video-preview:-1\" \/>\n<link rel=\"canonical\" href=\"https:\/\/www.fiamitalia.it\/de\/bescheinigung\/\" \/>\n<meta property=\"og:locale\" content=\"de_DE\" \/>\n<meta property=\"og:type\" content=\"article\" \/>\n<meta property=\"og:title\" content=\"Bescheinigung - Fiam Italia\" \/>\n<meta property=\"og:description\" content=\"QUALIT\u00c4TSSICHERUNG Fiam ist gem\u00e4\u00df UNI EN ISO 9001:2008 zertifiziert Die Konformit\u00e4t mit dieser Referenznorm erm\u00f6glicht Fiam das Erreichen besonders hoher Qualit\u00e4tsstandards.\" \/>\n<meta property=\"og:url\" content=\"https:\/\/www.fiamitalia.it\/de\/bescheinigung\/\" \/>\n<meta property=\"og:site_name\" content=\"Fiam Italia\" \/>\n<meta property=\"article:publisher\" content=\"https:\/\/www.facebook.com\/fiamitalia\/\" \/>\n<meta property=\"article:modified_time\" content=\"2024-07-16T07:25:48+00:00\" \/>\n<meta property=\"og:image\" content=\"https:\/\/www.fiamitalia.it\/wp-content\/uploads\/2023\/03\/FIAM_Certificazioni.jpg\" \/>\n<meta name=\"twitter:card\" content=\"summary_large_image\" \/>\n<meta name=\"twitter:label1\" content=\"Gesch\u00e4tzte Lesezeit\" \/>\n\t<meta name=\"twitter:data1\" content=\"2\u00a0Minuten\" \/>\n<script type=\"application\/ld+json\" class=\"yoast-schema-graph\">{\"@context\":\"https:\/\/schema.org\",\"@graph\":[{\"@type\":\"WebPage\",\"@id\":\"https:\/\/www.fiamitalia.it\/de\/bescheinigung\/\",\"url\":\"https:\/\/www.fiamitalia.it\/de\/bescheinigung\/\",\"name\":\"Bescheinigung - Fiam Italia\",\"isPartOf\":{\"@id\":\"https:\/\/www.fiamitalia.it\/de\/#website\"},\"primaryImageOfPage\":{\"@id\":\"https:\/\/www.fiamitalia.it\/de\/bescheinigung\/#primaryimage\"},\"image\":{\"@id\":\"https:\/\/www.fiamitalia.it\/de\/bescheinigung\/#primaryimage\"},\"thumbnailUrl\":\"https:\/\/www.fiamitalia.it\/wp-content\/uploads\/2023\/03\/FIAM_Certificazioni.jpg\",\"datePublished\":\"2022-12-19T07:22:45+00:00\",\"dateModified\":\"2024-07-16T07:25:48+00:00\",\"description\":\"QUALIT\u00c4TSSICHERUNG Fiam ist gem\u00e4\u00df UNI EN ISO 9001:2008 zertifiziert Die Konformit\u00e4t mit dieser Referenznorm erm\u00f6glicht Fiam das Erreichen besonders hoher Qualit\u00e4tsstandards.\",\"breadcrumb\":{\"@id\":\"https:\/\/www.fiamitalia.it\/de\/bescheinigung\/#breadcrumb\"},\"inLanguage\":\"de\",\"potentialAction\":[{\"@type\":\"ReadAction\",\"target\":[\"https:\/\/www.fiamitalia.it\/de\/bescheinigung\/\"]}]},{\"@type\":\"ImageObject\",\"inLanguage\":\"de\",\"@id\":\"https:\/\/www.fiamitalia.it\/de\/bescheinigung\/#primaryimage\",\"url\":\"https:\/\/www.fiamitalia.it\/wp-content\/uploads\/2023\/03\/FIAM_Certificazioni.jpg\",\"contentUrl\":\"https:\/\/www.fiamitalia.it\/wp-content\/uploads\/2023\/03\/FIAM_Certificazioni.jpg\"},{\"@type\":\"BreadcrumbList\",\"@id\":\"https:\/\/www.fiamitalia.it\/de\/bescheinigung\/#breadcrumb\",\"itemListElement\":[{\"@type\":\"ListItem\",\"position\":1,\"name\":\"Home\",\"item\":\"https:\/\/www.fiamitalia.it\/de\/\"},{\"@type\":\"ListItem\",\"position\":2,\"name\":\"Bescheinigung\"}]},{\"@type\":\"WebSite\",\"@id\":\"https:\/\/www.fiamitalia.it\/de\/#website\",\"url\":\"https:\/\/www.fiamitalia.it\/de\/\",\"name\":\"Fiam Italia\",\"description\":\"Da oltre 40 anni FIAM \u00e8 sinonimo di cultura del vetro a livello globale e produce elementi di arredo in vetro curvato di design. Scopri di pi\u00f9 sul sito!\",\"publisher\":{\"@id\":\"https:\/\/www.fiamitalia.it\/de\/#organization\"},\"potentialAction\":[{\"@type\":\"SearchAction\",\"target\":{\"@type\":\"EntryPoint\",\"urlTemplate\":\"https:\/\/www.fiamitalia.it\/de\/?s={search_term_string}\"},\"query-input\":{\"@type\":\"PropertyValueSpecification\",\"valueRequired\":true,\"valueName\":\"search_term_string\"}}],\"inLanguage\":\"de\"},{\"@type\":\"Organization\",\"@id\":\"https:\/\/www.fiamitalia.it\/de\/#organization\",\"name\":\"Fiam Italia\",\"url\":\"https:\/\/www.fiamitalia.it\/de\/\",\"logo\":{\"@type\":\"ImageObject\",\"inLanguage\":\"de\",\"@id\":\"https:\/\/www.fiamitalia.it\/de\/#\/schema\/logo\/image\/\",\"url\":\"https:\/\/www.fiamitalia.it\/wp-content\/uploads\/2023\/03\/cropped-Fiam_quadr_bn_Outline.png\",\"contentUrl\":\"https:\/\/www.fiamitalia.it\/wp-content\/uploads\/2023\/03\/cropped-Fiam_quadr_bn_Outline.png\",\"width\":945,\"height\":945,\"caption\":\"Fiam Italia\"},\"image\":{\"@id\":\"https:\/\/www.fiamitalia.it\/de\/#\/schema\/logo\/image\/\"},\"sameAs\":[\"https:\/\/www.facebook.com\/fiamitalia\/\",\"https:\/\/www.instagram.com\/fiamitalia_official\/\",\"https:\/\/pinterest.com\/fiamitalia_\/\",\"https:\/\/www.linkedin.com\/company\/1658601\/\",\"https:\/\/www.youtube.com\/user\/FiamItalia\/\"]}]}<\/script>\n<!-- \/ Yoast SEO plugin. -->","yoast_head_json":{"title":"Bescheinigung - Fiam Italia","description":"QUALIT\u00c4TSSICHERUNG Fiam ist gem\u00e4\u00df UNI EN ISO 9001:2008 zertifiziert Die Konformit\u00e4t mit dieser Referenznorm erm\u00f6glicht Fiam das Erreichen besonders hoher Qualit\u00e4tsstandards.","robots":{"index":"index","follow":"follow","max-snippet":"max-snippet:-1","max-image-preview":"max-image-preview:large","max-video-preview":"max-video-preview:-1"},"canonical":"https:\/\/www.fiamitalia.it\/de\/bescheinigung\/","og_locale":"de_DE","og_type":"article","og_title":"Bescheinigung - Fiam Italia","og_description":"QUALIT\u00c4TSSICHERUNG Fiam ist gem\u00e4\u00df UNI EN ISO 9001:2008 zertifiziert Die Konformit\u00e4t mit dieser Referenznorm erm\u00f6glicht Fiam das Erreichen besonders hoher Qualit\u00e4tsstandards.","og_url":"https:\/\/www.fiamitalia.it\/de\/bescheinigung\/","og_site_name":"Fiam Italia","article_publisher":"https:\/\/www.facebook.com\/fiamitalia\/","article_modified_time":"2024-07-16T07:25:48+00:00","og_image":[{"url":"https:\/\/www.fiamitalia.it\/wp-content\/uploads\/2023\/03\/FIAM_Certificazioni.jpg","type":"","width":"","height":""}],"twitter_card":"summary_large_image","twitter_misc":{"Gesch\u00e4tzte Lesezeit":"2\u00a0Minuten"},"schema":{"@context":"https:\/\/schema.org","@graph":[{"@type":"WebPage","@id":"https:\/\/www.fiamitalia.it\/de\/bescheinigung\/","url":"https:\/\/www.fiamitalia.it\/de\/bescheinigung\/","name":"Bescheinigung - Fiam Italia","isPartOf":{"@id":"https:\/\/www.fiamitalia.it\/de\/#website"},"primaryImageOfPage":{"@id":"https:\/\/www.fiamitalia.it\/de\/bescheinigung\/#primaryimage"},"image":{"@id":"https:\/\/www.fiamitalia.it\/de\/bescheinigung\/#primaryimage"},"thumbnailUrl":"https:\/\/www.fiamitalia.it\/wp-content\/uploads\/2023\/03\/FIAM_Certificazioni.jpg","datePublished":"2022-12-19T07:22:45+00:00","dateModified":"2024-07-16T07:25:48+00:00","description":"QUALIT\u00c4TSSICHERUNG Fiam ist gem\u00e4\u00df UNI EN ISO 9001:2008 zertifiziert Die Konformit\u00e4t mit dieser Referenznorm erm\u00f6glicht Fiam das Erreichen besonders hoher Qualit\u00e4tsstandards.","breadcrumb":{"@id":"https:\/\/www.fiamitalia.it\/de\/bescheinigung\/#breadcrumb"},"inLanguage":"de","potentialAction":[{"@type":"ReadAction","target":["https:\/\/www.fiamitalia.it\/de\/bescheinigung\/"]}]},{"@type":"ImageObject","inLanguage":"de","@id":"https:\/\/www.fiamitalia.it\/de\/bescheinigung\/#primaryimage","url":"https:\/\/www.fiamitalia.it\/wp-content\/uploads\/2023\/03\/FIAM_Certificazioni.jpg","contentUrl":"https:\/\/www.fiamitalia.it\/wp-content\/uploads\/2023\/03\/FIAM_Certificazioni.jpg"},{"@type":"BreadcrumbList","@id":"https:\/\/www.fiamitalia.it\/de\/bescheinigung\/#breadcrumb","itemListElement":[{"@type":"ListItem","position":1,"name":"Home","item":"https:\/\/www.fiamitalia.it\/de\/"},{"@type":"ListItem","position":2,"name":"Bescheinigung"}]},{"@type":"WebSite","@id":"https:\/\/www.fiamitalia.it\/de\/#website","url":"https:\/\/www.fiamitalia.it\/de\/","name":"Fiam Italia","description":"Da oltre 40 anni FIAM \u00e8 sinonimo di cultura del vetro a livello globale e produce elementi di arredo in vetro curvato di design. Scopri di pi\u00f9 sul sito!","publisher":{"@id":"https:\/\/www.fiamitalia.it\/de\/#organization"},"potentialAction":[{"@type":"SearchAction","target":{"@type":"EntryPoint","urlTemplate":"https:\/\/www.fiamitalia.it\/de\/?s={search_term_string}"},"query-input":{"@type":"PropertyValueSpecification","valueRequired":true,"valueName":"search_term_string"}}],"inLanguage":"de"},{"@type":"Organization","@id":"https:\/\/www.fiamitalia.it\/de\/#organization","name":"Fiam Italia","url":"https:\/\/www.fiamitalia.it\/de\/","logo":{"@type":"ImageObject","inLanguage":"de","@id":"https:\/\/www.fiamitalia.it\/de\/#\/schema\/logo\/image\/","url":"https:\/\/www.fiamitalia.it\/wp-content\/uploads\/2023\/03\/cropped-Fiam_quadr_bn_Outline.png","contentUrl":"https:\/\/www.fiamitalia.it\/wp-content\/uploads\/2023\/03\/cropped-Fiam_quadr_bn_Outline.png","width":945,"height":945,"caption":"Fiam Italia"},"image":{"@id":"https:\/\/www.fiamitalia.it\/de\/#\/schema\/logo\/image\/"},"sameAs":["https:\/\/www.facebook.com\/fiamitalia\/","https:\/\/www.instagram.com\/fiamitalia_official\/","https:\/\/pinterest.com\/fiamitalia_\/","https:\/\/www.linkedin.com\/company\/1658601\/","https:\/\/www.youtube.com\/user\/FiamItalia\/"]}]}},"_links":{"self":[{"href":"https:\/\/www.fiamitalia.it\/de\/wp-json\/wp\/v2\/pages\/33817","targetHints":{"allow":["GET"]}}],"collection":[{"href":"https:\/\/www.fiamitalia.it\/de\/wp-json\/wp\/v2\/pages"}],"about":[{"href":"https:\/\/www.fiamitalia.it\/de\/wp-json\/wp\/v2\/types\/page"}],"author":[{"embeddable":true,"href":"https:\/\/www.fiamitalia.it\/de\/wp-json\/wp\/v2\/users\/1"}],"replies":[{"embeddable":true,"href":"https:\/\/www.fiamitalia.it\/de\/wp-json\/wp\/v2\/comments?post=33817"}],"version-history":[{"count":19,"href":"https:\/\/www.fiamitalia.it\/de\/wp-json\/wp\/v2\/pages\/33817\/revisions"}],"predecessor-version":[{"id":49749,"href":"https:\/\/www.fiamitalia.it\/de\/wp-json\/wp\/v2\/pages\/33817\/revisions\/49749"}],"wp:attachment":[{"href":"https:\/\/www.fiamitalia.it\/de\/wp-json\/wp\/v2\/media?parent=33817"}],"curies":[{"name":"wp","href":"https:\/\/api.w.org\/{rel}","templated":true}]}}