{"id":33644,"date":"2022-12-13T15:41:56","date_gmt":"2022-12-13T15:41:56","guid":{"rendered":"https:\/\/dev.fiamitalia.it\/download\/"},"modified":"2023-03-27T13:30:21","modified_gmt":"2023-03-27T13:30:21","slug":"download","status":"publish","type":"page","link":"https:\/\/www.fiamitalia.it\/de\/download\/","title":{"rendered":"Download"},"content":{"rendered":"\t\t<div data-elementor-type=\"wp-page\" data-elementor-id=\"33644\" class=\"elementor elementor-33644 elementor-140\" data-elementor-post-type=\"page\">\n\t\t\t\t\t\t<section class=\"elementor-section elementor-top-section elementor-element elementor-element-9b89449 elementor-section-boxed elementor-section-height-default elementor-section-height-default\" data-id=\"9b89449\" data-element_type=\"section\">\n\t\t\t\t\t\t<div class=\"elementor-container elementor-column-gap-default\">\n\t\t\t\t\t<div class=\"elementor-column elementor-col-100 elementor-top-column elementor-element elementor-element-7d575c2\" data-id=\"7d575c2\" data-element_type=\"column\">\n\t\t\t<div class=\"elementor-widget-wrap elementor-element-populated\">\n\t\t\t\t\t\t<div class=\"elementor-element elementor-element-5db0dd7 elementor-widget elementor-widget-heading\" data-id=\"5db0dd7\" data-element_type=\"widget\" data-widget_type=\"heading.default\">\n\t\t\t\t<div class=\"elementor-widget-container\">\n\t\t\t\t\t<h1 class=\"elementor-heading-title elementor-size-default\">Download<\/h1>\t\t\t\t<\/div>\n\t\t\t\t<\/div>\n\t\t\t\t<div class=\"elementor-element elementor-element-21c10e9 elementor-widget elementor-widget-text-editor\" data-id=\"21c10e9\" data-element_type=\"widget\" data-widget_type=\"text-editor.default\">\n\t\t\t\t<div class=\"elementor-widget-container\">\n\t\t\t\t\t\t\t\t\t<p style=\"text-align: center;\"><span data-sheets-value=\"{&quot;1&quot;:2,&quot;2&quot;:&quot;F\u00fcr Produktdatenbl\u00e4tter und Anh\u00e4nge k\u00f6nnen Sie alle Downloads \u00fcber die Produkttabelle aufrufen.&quot;}\" data-sheets-userformat=\"{&quot;2&quot;:513,&quot;3&quot;:{&quot;1&quot;:0},&quot;12&quot;:0}\">F\u00fcr Produktdatenbl\u00e4tter und Anh\u00e4nge k\u00f6nnen Sie alle Downloads \u00fcber die Produkttabelle aufrufen.<\/span><\/p>\t\t\t\t\t\t\t\t<\/div>\n\t\t\t\t<\/div>\n\t\t\t\t<div class=\"elementor-element elementor-element-db481a0 elementor-align-center elementor-widget elementor-widget-button\" data-id=\"db481a0\" data-element_type=\"widget\" data-widget_type=\"button.default\">\n\t\t\t\t<div class=\"elementor-widget-container\">\n\t\t\t\t\t\t\t\t\t<div class=\"elementor-button-wrapper\">\n\t\t\t\t\t<a class=\"wk_pulsante_nero elementor-button elementor-button-link elementor-size-sm\" href=\"https:\/\/www.fiamitalia.it\/de\/alle-produkte\/\">\n\t\t\t\t\t\t<span class=\"elementor-button-content-wrapper\">\n\t\t\t\t\t\t\t\t\t<span class=\"elementor-button-text\">alle produkte<\/span>\n\t\t\t\t\t<\/span>\n\t\t\t\t\t<\/a>\n\t\t\t\t<\/div>\n\t\t\t\t\t\t\t\t<\/div>\n\t\t\t\t<\/div>\n\t\t\t\t\t<\/div>\n\t\t<\/div>\n\t\t\t\t\t<\/div>\n\t\t<\/section>\n\t\t\t\t<\/div>\n\t\t","protected":false},"excerpt":{"rendered":"<p>Download F\u00fcr Produktdatenbl\u00e4tter und Anh\u00e4nge k\u00f6nnen Sie alle Downloads \u00fcber die Produkttabelle aufrufen. alle produkte<\/p>\n","protected":false},"author":1,"featured_media":0,"parent":0,"menu_order":0,"comment_status":"closed","ping_status":"closed","template":"page-download.php","meta":{"_acf_changed":false,"footnotes":""},"class_list":["post-33644","page","type-page","status-publish","hentry"],"acf":[],"yoast_head":"<!-- This site is optimized with the Yoast SEO plugin v25.8 - https:\/\/yoast.com\/wordpress\/plugins\/seo\/ -->\n<title>Area download FIAM italia<\/title>\n<meta name=\"robots\" content=\"index, follow, max-snippet:-1, max-image-preview:large, max-video-preview:-1\" \/>\n<link rel=\"canonical\" href=\"https:\/\/www.fiamitalia.it\/de\/download\/\" \/>\n<meta property=\"og:locale\" content=\"de_DE\" \/>\n<meta property=\"og:type\" content=\"article\" \/>\n<meta property=\"og:title\" content=\"Area download FIAM italia\" \/>\n<meta property=\"og:description\" content=\"Download F\u00fcr Produktdatenbl\u00e4tter und Anh\u00e4nge k\u00f6nnen Sie alle Downloads \u00fcber die Produkttabelle aufrufen. alle produkte\" \/>\n<meta property=\"og:url\" content=\"https:\/\/www.fiamitalia.it\/de\/download\/\" \/>\n<meta property=\"og:site_name\" content=\"Fiam Italia\" \/>\n<meta property=\"article:publisher\" content=\"https:\/\/www.facebook.com\/fiamitalia\/\" \/>\n<meta property=\"article:modified_time\" content=\"2023-03-27T13:30:21+00:00\" \/>\n<meta name=\"twitter:card\" content=\"summary_large_image\" \/>\n<meta name=\"twitter:label1\" content=\"Gesch\u00e4tzte Lesezeit\" \/>\n\t<meta name=\"twitter:data1\" content=\"1\u00a0Minute\" \/>\n<script type=\"application\/ld+json\" class=\"yoast-schema-graph\">{\"@context\":\"https:\/\/schema.org\",\"@graph\":[{\"@type\":\"WebPage\",\"@id\":\"https:\/\/www.fiamitalia.it\/de\/download\/\",\"url\":\"https:\/\/www.fiamitalia.it\/de\/download\/\",\"name\":\"Area download FIAM italia\",\"isPartOf\":{\"@id\":\"https:\/\/www.fiamitalia.it\/de\/#website\"},\"datePublished\":\"2022-12-13T15:41:56+00:00\",\"dateModified\":\"2023-03-27T13:30:21+00:00\",\"breadcrumb\":{\"@id\":\"https:\/\/www.fiamitalia.it\/de\/download\/#breadcrumb\"},\"inLanguage\":\"de\",\"potentialAction\":[{\"@type\":\"ReadAction\",\"target\":[\"https:\/\/www.fiamitalia.it\/de\/download\/\"]}]},{\"@type\":\"BreadcrumbList\",\"@id\":\"https:\/\/www.fiamitalia.it\/de\/download\/#breadcrumb\",\"itemListElement\":[{\"@type\":\"ListItem\",\"position\":1,\"name\":\"Home\",\"item\":\"https:\/\/www.fiamitalia.it\/de\/\"},{\"@type\":\"ListItem\",\"position\":2,\"name\":\"Download\"}]},{\"@type\":\"WebSite\",\"@id\":\"https:\/\/www.fiamitalia.it\/de\/#website\",\"url\":\"https:\/\/www.fiamitalia.it\/de\/\",\"name\":\"Fiam Italia\",\"description\":\"Da oltre 40 anni FIAM \u00e8 sinonimo di cultura del vetro a livello globale e produce elementi di arredo in vetro curvato di design. Scopri di pi\u00f9 sul sito!\",\"publisher\":{\"@id\":\"https:\/\/www.fiamitalia.it\/de\/#organization\"},\"potentialAction\":[{\"@type\":\"SearchAction\",\"target\":{\"@type\":\"EntryPoint\",\"urlTemplate\":\"https:\/\/www.fiamitalia.it\/de\/?s={search_term_string}\"},\"query-input\":{\"@type\":\"PropertyValueSpecification\",\"valueRequired\":true,\"valueName\":\"search_term_string\"}}],\"inLanguage\":\"de\"},{\"@type\":\"Organization\",\"@id\":\"https:\/\/www.fiamitalia.it\/de\/#organization\",\"name\":\"Fiam Italia\",\"url\":\"https:\/\/www.fiamitalia.it\/de\/\",\"logo\":{\"@type\":\"ImageObject\",\"inLanguage\":\"de\",\"@id\":\"https:\/\/www.fiamitalia.it\/de\/#\/schema\/logo\/image\/\",\"url\":\"https:\/\/www.fiamitalia.it\/wp-content\/uploads\/2023\/03\/cropped-Fiam_quadr_bn_Outline.png\",\"contentUrl\":\"https:\/\/www.fiamitalia.it\/wp-content\/uploads\/2023\/03\/cropped-Fiam_quadr_bn_Outline.png\",\"width\":945,\"height\":945,\"caption\":\"Fiam Italia\"},\"image\":{\"@id\":\"https:\/\/www.fiamitalia.it\/de\/#\/schema\/logo\/image\/\"},\"sameAs\":[\"https:\/\/www.facebook.com\/fiamitalia\/\",\"https:\/\/www.instagram.com\/fiamitalia_official\/\",\"https:\/\/pinterest.com\/fiamitalia_\/\",\"https:\/\/www.linkedin.com\/company\/1658601\/\",\"https:\/\/www.youtube.com\/user\/FiamItalia\/\"]}]}<\/script>\n<!-- \/ Yoast SEO plugin. -->","yoast_head_json":{"title":"Area download FIAM italia","robots":{"index":"index","follow":"follow","max-snippet":"max-snippet:-1","max-image-preview":"max-image-preview:large","max-video-preview":"max-video-preview:-1"},"canonical":"https:\/\/www.fiamitalia.it\/de\/download\/","og_locale":"de_DE","og_type":"article","og_title":"Area download FIAM italia","og_description":"Download F\u00fcr Produktdatenbl\u00e4tter und Anh\u00e4nge k\u00f6nnen Sie alle Downloads \u00fcber die Produkttabelle aufrufen. alle produkte","og_url":"https:\/\/www.fiamitalia.it\/de\/download\/","og_site_name":"Fiam Italia","article_publisher":"https:\/\/www.facebook.com\/fiamitalia\/","article_modified_time":"2023-03-27T13:30:21+00:00","twitter_card":"summary_large_image","twitter_misc":{"Gesch\u00e4tzte Lesezeit":"1\u00a0Minute"},"schema":{"@context":"https:\/\/schema.org","@graph":[{"@type":"WebPage","@id":"https:\/\/www.fiamitalia.it\/de\/download\/","url":"https:\/\/www.fiamitalia.it\/de\/download\/","name":"Area download FIAM italia","isPartOf":{"@id":"https:\/\/www.fiamitalia.it\/de\/#website"},"datePublished":"2022-12-13T15:41:56+00:00","dateModified":"2023-03-27T13:30:21+00:00","breadcrumb":{"@id":"https:\/\/www.fiamitalia.it\/de\/download\/#breadcrumb"},"inLanguage":"de","potentialAction":[{"@type":"ReadAction","target":["https:\/\/www.fiamitalia.it\/de\/download\/"]}]},{"@type":"BreadcrumbList","@id":"https:\/\/www.fiamitalia.it\/de\/download\/#breadcrumb","itemListElement":[{"@type":"ListItem","position":1,"name":"Home","item":"https:\/\/www.fiamitalia.it\/de\/"},{"@type":"ListItem","position":2,"name":"Download"}]},{"@type":"WebSite","@id":"https:\/\/www.fiamitalia.it\/de\/#website","url":"https:\/\/www.fiamitalia.it\/de\/","name":"Fiam Italia","description":"Da oltre 40 anni FIAM \u00e8 sinonimo di cultura del vetro a livello globale e produce elementi di arredo in vetro curvato di design. Scopri di pi\u00f9 sul sito!","publisher":{"@id":"https:\/\/www.fiamitalia.it\/de\/#organization"},"potentialAction":[{"@type":"SearchAction","target":{"@type":"EntryPoint","urlTemplate":"https:\/\/www.fiamitalia.it\/de\/?s={search_term_string}"},"query-input":{"@type":"PropertyValueSpecification","valueRequired":true,"valueName":"search_term_string"}}],"inLanguage":"de"},{"@type":"Organization","@id":"https:\/\/www.fiamitalia.it\/de\/#organization","name":"Fiam Italia","url":"https:\/\/www.fiamitalia.it\/de\/","logo":{"@type":"ImageObject","inLanguage":"de","@id":"https:\/\/www.fiamitalia.it\/de\/#\/schema\/logo\/image\/","url":"https:\/\/www.fiamitalia.it\/wp-content\/uploads\/2023\/03\/cropped-Fiam_quadr_bn_Outline.png","contentUrl":"https:\/\/www.fiamitalia.it\/wp-content\/uploads\/2023\/03\/cropped-Fiam_quadr_bn_Outline.png","width":945,"height":945,"caption":"Fiam Italia"},"image":{"@id":"https:\/\/www.fiamitalia.it\/de\/#\/schema\/logo\/image\/"},"sameAs":["https:\/\/www.facebook.com\/fiamitalia\/","https:\/\/www.instagram.com\/fiamitalia_official\/","https:\/\/pinterest.com\/fiamitalia_\/","https:\/\/www.linkedin.com\/company\/1658601\/","https:\/\/www.youtube.com\/user\/FiamItalia\/"]}]}},"_links":{"self":[{"href":"https:\/\/www.fiamitalia.it\/de\/wp-json\/wp\/v2\/pages\/33644","targetHints":{"allow":["GET"]}}],"collection":[{"href":"https:\/\/www.fiamitalia.it\/de\/wp-json\/wp\/v2\/pages"}],"about":[{"href":"https:\/\/www.fiamitalia.it\/de\/wp-json\/wp\/v2\/types\/page"}],"author":[{"embeddable":true,"href":"https:\/\/www.fiamitalia.it\/de\/wp-json\/wp\/v2\/users\/1"}],"replies":[{"embeddable":true,"href":"https:\/\/www.fiamitalia.it\/de\/wp-json\/wp\/v2\/comments?post=33644"}],"version-history":[{"count":4,"href":"https:\/\/www.fiamitalia.it\/de\/wp-json\/wp\/v2\/pages\/33644\/revisions"}],"predecessor-version":[{"id":33656,"href":"https:\/\/www.fiamitalia.it\/de\/wp-json\/wp\/v2\/pages\/33644\/revisions\/33656"}],"wp:attachment":[{"href":"https:\/\/www.fiamitalia.it\/de\/wp-json\/wp\/v2\/media?parent=33644"}],"curies":[{"name":"wp","href":"https:\/\/api.w.org\/{rel}","templated":true}]}}