{"id":33343,"date":"2023-02-22T14:33:55","date_gmt":"2023-02-22T14:33:55","guid":{"rendered":"https:\/\/dev.fiamitalia.it\/illuminazione\/"},"modified":"2023-03-31T10:17:35","modified_gmt":"2023-03-31T10:17:35","slug":"beleuchtung","status":"publish","type":"page","link":"https:\/\/www.fiamitalia.it\/de\/beleuchtung\/","title":{"rendered":"beleuchtung"},"content":{"rendered":"\t\t<div data-elementor-type=\"wp-page\" data-elementor-id=\"33343\" class=\"elementor elementor-33343 elementor-11835\" data-elementor-post-type=\"page\">\n\t\t\t\t\t\t<section class=\"elementor-section elementor-top-section elementor-element elementor-element-3177621 elementor-section-height-min-height elementor-section-boxed elementor-section-height-default elementor-section-items-middle\" data-id=\"3177621\" data-element_type=\"section\" data-settings=\"{&quot;background_background&quot;:&quot;classic&quot;}\">\n\t\t\t\t\t\t\t<div class=\"elementor-background-overlay\"><\/div>\n\t\t\t\t\t\t\t<div class=\"elementor-container elementor-column-gap-default\">\n\t\t\t\t\t<div class=\"elementor-column elementor-col-100 elementor-top-column elementor-element elementor-element-a368802\" data-id=\"a368802\" data-element_type=\"column\">\n\t\t\t<div class=\"elementor-widget-wrap elementor-element-populated\">\n\t\t\t\t\t\t<div class=\"elementor-element elementor-element-0cc1ab6 elementor-widget elementor-widget-heading\" data-id=\"0cc1ab6\" data-element_type=\"widget\" data-widget_type=\"heading.default\">\n\t\t\t\t<div class=\"elementor-widget-container\">\n\t\t\t\t\t<h1 class=\"elementor-heading-title elementor-size-default\">Beleuchtung<\/h1>\t\t\t\t<\/div>\n\t\t\t\t<\/div>\n\t\t\t\t\t<\/div>\n\t\t<\/div>\n\t\t\t\t\t<\/div>\n\t\t<\/section>\n\t\t\t\t<section class=\"elementor-section elementor-top-section elementor-element elementor-element-3a628f5 elementor-section-boxed elementor-section-height-default elementor-section-height-default\" data-id=\"3a628f5\" data-element_type=\"section\">\n\t\t\t\t\t\t<div class=\"elementor-container elementor-column-gap-default\">\n\t\t\t\t\t<div class=\"elementor-column elementor-col-50 elementor-top-column elementor-element elementor-element-78ff6a3\" data-id=\"78ff6a3\" data-element_type=\"column\">\n\t\t\t<div class=\"elementor-widget-wrap elementor-element-populated\">\n\t\t\t\t\t\t<div class=\"elementor-element elementor-element-7069eea elementor-widget elementor-widget-heading\" data-id=\"7069eea\" data-element_type=\"widget\" data-widget_type=\"heading.default\">\n\t\t\t\t<div class=\"elementor-widget-container\">\n\t\t\t\t\t<h2 class=\"elementor-heading-title elementor-size-default\">Der Charme der mehrfachen Reflexionen\n\n<\/h2>\t\t\t\t<\/div>\n\t\t\t\t<\/div>\n\t\t\t\t<div class=\"elementor-element elementor-element-fe92597 elementor-widget elementor-widget-text-editor\" data-id=\"fe92597\" data-element_type=\"widget\" data-widget_type=\"text-editor.default\">\n\t\t\t\t<div class=\"elementor-widget-container\">\n\t\t\t\t\t\t\t\t\t<p>Unsere Glaslampen sind Lichtquellen, die die Identit\u00e4t der Umgebung pr\u00e4gen, indem sie leere und volle R\u00e4ume beleuchten und dem Licht die Rolle des Interpreten des Raums geben, der sich offenbart.\u00a0<\/p><p>Die Glasbeleuchtung, erh\u00e4ltlich als H\u00e4nge- oder Tischleuchte, umschlie\u00dft den Charme der vielfachen Reflexionen dieses ewigen Materials und repr\u00e4sentiert die Trends des zeitgen\u00f6ssischen Wohnens.<\/p>\t\t\t\t\t\t\t\t<\/div>\n\t\t\t\t<\/div>\n\t\t\t\t<div class=\"elementor-element elementor-element-a83efae elementor-align-left elementor-mobile-align-center elementor-widget elementor-widget-button\" data-id=\"a83efae\" data-element_type=\"widget\" data-widget_type=\"button.default\">\n\t\t\t\t<div class=\"elementor-widget-container\">\n\t\t\t\t\t\t\t\t\t<div class=\"elementor-button-wrapper\">\n\t\t\t\t\t<a class=\"wk_pulsante_nero elementor-button elementor-button-link elementor-size-sm\" href=\"#tuttiprodotti\">\n\t\t\t\t\t\t<span class=\"elementor-button-content-wrapper\">\n\t\t\t\t\t\t\t\t\t<span class=\"elementor-button-text\">alle lampen<\/span>\n\t\t\t\t\t<\/span>\n\t\t\t\t\t<\/a>\n\t\t\t\t<\/div>\n\t\t\t\t\t\t\t\t<\/div>\n\t\t\t\t<\/div>\n\t\t\t\t\t<\/div>\n\t\t<\/div>\n\t\t\t\t<div class=\"elementor-column elementor-col-50 elementor-top-column elementor-element elementor-element-67a2f4e\" data-id=\"67a2f4e\" data-element_type=\"column\">\n\t\t\t<div class=\"elementor-widget-wrap elementor-element-populated\">\n\t\t\t\t\t\t<div class=\"elementor-element elementor-element-5fc2ee6 elementor-pagination-position-outside elementor--h-position-center elementor--v-position-middle elementor-widget elementor-widget-slides\" data-id=\"5fc2ee6\" data-element_type=\"widget\" data-settings=\"{&quot;navigation&quot;:&quot;dots&quot;,&quot;autoplay&quot;:&quot;yes&quot;,&quot;pause_on_hover&quot;:&quot;yes&quot;,&quot;pause_on_interaction&quot;:&quot;yes&quot;,&quot;autoplay_speed&quot;:5000,&quot;infinite&quot;:&quot;yes&quot;,&quot;transition&quot;:&quot;slide&quot;,&quot;transition_speed&quot;:500}\" data-widget_type=\"slides.default\">\n\t\t\t\t<div class=\"elementor-widget-container\">\n\t\t\t\t\t\t\t\t\t<div class=\"elementor-swiper\">\n\t\t\t\t\t<div class=\"elementor-slides-wrapper elementor-main-swiper swiper\" role=\"region\" aria-roledescription=\"carousel\" aria-label=\"Slider\" dir=\"ltr\" data-animation=\"fadeInUp\">\n\t\t\t\t<div class=\"swiper-wrapper elementor-slides\">\n\t\t\t\t\t\t\t\t\t\t<div class=\"elementor-repeater-item-90e5085 swiper-slide\" role=\"group\" aria-roledescription=\"slide\"><div class=\"swiper-slide-bg\" role=\"img\"><\/div><div class=\"swiper-slide-inner\" ><div class=\"swiper-slide-contents\"><\/div><\/div><\/div><div class=\"elementor-repeater-item-dd1d7ec swiper-slide\" role=\"group\" aria-roledescription=\"slide\"><div class=\"swiper-slide-bg\" role=\"img\"><\/div><div class=\"swiper-slide-inner\" ><div class=\"swiper-slide-contents\"><\/div><\/div><\/div><div class=\"elementor-repeater-item-57f32a4 swiper-slide\" role=\"group\" aria-roledescription=\"slide\"><div class=\"swiper-slide-bg\" role=\"img\"><\/div><div class=\"swiper-slide-inner\" ><div class=\"swiper-slide-contents\"><\/div><\/div><\/div>\t\t\t\t<\/div>\n\t\t\t\t\t\t\t\t\t\t\t\t\t\t\t\t\t\t\t\t<div class=\"swiper-pagination\"><\/div>\n\t\t\t\t\t\t\t\t\t\t\t\t<\/div>\n\t\t\t\t<\/div>\n\t\t\t\t\t\t\t\t<\/div>\n\t\t\t\t<\/div>\n\t\t\t\t\t<\/div>\n\t\t<\/div>\n\t\t\t\t\t<\/div>\n\t\t<\/section>\n\t\t\t\t<section class=\"elementor-section elementor-top-section elementor-element elementor-element-0e2416a elementor-section-boxed elementor-section-height-default elementor-section-height-default\" data-id=\"0e2416a\" data-element_type=\"section\">\n\t\t\t\t\t\t<div class=\"elementor-container elementor-column-gap-default\">\n\t\t\t\t\t<div class=\"elementor-column elementor-col-100 elementor-top-column elementor-element elementor-element-adc19ec\" data-id=\"adc19ec\" data-element_type=\"column\">\n\t\t\t<div class=\"elementor-widget-wrap elementor-element-populated\">\n\t\t\t\t\t\t\t<\/div>\n\t\t<\/div>\n\t\t\t\t\t<\/div>\n\t\t<\/section>\n\t\t\t\t<section class=\"elementor-section elementor-top-section elementor-element elementor-element-b8193fc elementor-section-full_width elementor-section-height-default elementor-section-height-default\" data-id=\"b8193fc\" data-element_type=\"section\">\n\t\t\t\t\t\t<div class=\"elementor-container elementor-column-gap-default\">\n\t\t\t\t\t<div class=\"elementor-column elementor-col-100 elementor-top-column elementor-element elementor-element-5c85582\" data-id=\"5c85582\" data-element_type=\"column\">\n\t\t\t<div class=\"elementor-widget-wrap elementor-element-populated\">\n\t\t\t\t\t\t<div class=\"elementor-element elementor-element-6c41822 elementor-widget elementor-widget-wk_blocco_griglia_prodotti\" data-id=\"6c41822\" data-element_type=\"widget\" data-widget_type=\"wk_blocco_griglia_prodotti.default\">\n\t\t\t\t<div class=\"elementor-widget-container\">\n\t\t\t\t\t<div class=\"wk_griglia_categoria\" style=\"background-color: #F7F8F8;\" id=\"tuttiprodotti\"><div class=\"wrapper\"><div class=\"wk_griglia_cat__header\">\t<h3 class=\"wk_griglia_cat__title\">alle Beleuchtung<\/h3><\/div>\t<div class=\"wk_griglia_cat__body\">\t\t<ul id=\"archivio_prodotti\" class=\"\">\t\t\t<div class=\"no-result-message\" style=\"display: none;margin-top:0;text-align:left;\">No products matching the filters selected.<\/div>\t\t<li class=\"wk_prodotto  flaches-transparentes-glas metall  beleuchtung \" data-id=\"29813\" data-code=\"L'astra\" data-title=\"LASTRA-lamp - L'astra\">   \t\t<a href=\"https:\/\/www.fiamitalia.it\/de\/prodotti\/l-astra\/\" target=\"_blank\">\t\t\t\t<div class=\"wk_prodotto__container\">\t\t\t\t\t<div class=\"wk_product_cover\">\t\t\t\t\t\t<img decoding=\"async\" src=\"https:\/\/www.fiamitalia.it\/wp-content\/uploads\/2023\/01\/FIAM_Astra_still_life.jpg\" class=\"wk_product_cover__img lazy\">\t\t\t\t\t<\/div>\t\t\t\t\t<div class=\"wk_product_cover_hover\">\t\t\t\t\t\t<img decoding=\"async\" src=\"https:\/\/www.fiamitalia.it\/wp-content\/uploads\/2023\/02\/LASTRA_GEN_72dpi-960x1200.jpg\" class=\"wk_product_cover__img lazy\">\t\t\t\t\t<\/div>\t\t\t\t\t<div class=\"wk_new_stamp\">\n\t                \t\t\t\t\t\t    <span class=\"wk_new_stamp_box\">new<\/span>\n\t                \t\t\t\t\t\t<\/div>\t\t\t\t\t<h4 class=\"wk_product_excerpt\">L'astra<\/h4>\t\t\t\t<\/div>\t\t\t<\/a>\t\t<\/li>\t\t<li class=\"wk_prodotto  flaches-transparentes-glas metall verschmolzenes-glas  beleuchtung \" data-id=\"41252\" data-code=\"Marry Me\" data-title=\"MARRY-ME-lamp - Marry Me\">   \t\t<a href=\"https:\/\/www.fiamitalia.it\/de\/prodotti\/marry-me\/\" target=\"_blank\">\t\t\t\t<div class=\"wk_prodotto__container\">\t\t\t\t\t<div class=\"wk_product_cover\">\t\t\t\t\t\t<img decoding=\"async\" src=\"https:\/\/www.fiamitalia.it\/wp-content\/uploads\/2023\/07\/FIAM_Marry-me_still_life_low.jpg\" class=\"wk_product_cover__img lazy\">\t\t\t\t\t<\/div>\t\t\t\t\t<div class=\"wk_product_cover_hover\">\t\t\t\t\t\t<img decoding=\"async\" src=\"https:\/\/www.fiamitalia.it\/wp-content\/uploads\/2023\/07\/fiam_marry-me_griglia-ambientata.jpg\" class=\"wk_product_cover__img lazy\">\t\t\t\t\t<\/div>\t\t\t\t\t<div class=\"wk_new_stamp\">\n\t                \t\t\t\t\t\t    <span class=\"wk_new_stamp_box\">new<\/span>\n\t                \t\t\t\t\t\t<\/div>\t\t\t\t\t<h4 class=\"wk_product_excerpt\">Marry Me<\/h4>\t\t\t\t<\/div>\t\t\t<\/a>\t\t<\/li>\t\t<li class=\"wk_prodotto  flaches-transparentes-glas metall  beleuchtung \" data-id=\"32984\" data-code=\"Pearl\" data-title=\"PEARL-lamp - Pearl\">   \t\t<a href=\"https:\/\/www.fiamitalia.it\/de\/prodotti\/pearl\/\" target=\"_blank\">\t\t\t\t<div class=\"wk_prodotto__container\">\t\t\t\t\t<div class=\"wk_product_cover\">\t\t\t\t\t\t<img decoding=\"async\" src=\"https:\/\/www.fiamitalia.it\/wp-content\/uploads\/2023\/02\/PEARL-TRIS-FRONT_still-life_bianco-1200x1200.jpg\" class=\"wk_product_cover__img lazy\">\t\t\t\t\t<\/div>\t\t\t\t\t<div class=\"wk_product_cover_hover\">\t\t\t\t\t\t<img decoding=\"async\" src=\"https:\/\/www.fiamitalia.it\/wp-content\/uploads\/2022\/12\/FIAM-0333.jpeg\" class=\"wk_product_cover__img lazy\">\t\t\t\t\t<\/div>\t\t\t\t\t<div class=\"wk_new_stamp\">\n\t                \t\t\t\t\t\t    <span class=\"wk_new_stamp_box\">new<\/span>\n\t                \t\t\t\t\t\t<\/div>\t\t\t\t\t<h4 class=\"wk_product_excerpt\">Pearl<\/h4>\t\t\t\t<\/div>\t\t\t<\/a>\t\t<\/li>\t\t<li class=\"wk_prodotto  metall verschmolzenes-glas  beleuchtung \" data-id=\"48091\" data-code=\"Sipario\" data-title=\"SIPARIO-lamp - Sipario\">   \t\t<a href=\"https:\/\/www.fiamitalia.it\/de\/prodotti\/sipario\/\" target=\"_blank\">\t\t\t\t<div class=\"wk_prodotto__container\">\t\t\t\t\t<div class=\"wk_product_cover\">\t\t\t\t\t\t<img decoding=\"async\" src=\"https:\/\/www.fiamitalia.it\/wp-content\/uploads\/2024\/04\/FIAM_Sipario_still_life-1200x1200.jpg\" class=\"wk_product_cover__img lazy\">\t\t\t\t\t<\/div>\t\t\t\t\t<div class=\"wk_product_cover_hover\">\t\t\t\t\t\t<img decoding=\"async\" src=\"https:\/\/www.fiamitalia.it\/wp-content\/uploads\/2024\/04\/sipario-griglia-ambient.jpg\" class=\"wk_product_cover__img lazy\">\t\t\t\t\t<\/div>\t\t\t\t\t<div class=\"wk_new_stamp\">\n\t                \t\t\t\t\t\t    <span class=\"wk_new_stamp_box\">new<\/span>\n\t                \t\t\t\t\t\t<\/div>\t\t\t\t\t<h4 class=\"wk_product_excerpt\">Sipario<\/h4>\t\t\t\t<\/div>\t\t\t<\/a>\t\t<\/li>\t\t<li class=\"wk_prodotto  metall verschmolzenes-glas  beleuchtung \" data-id=\"48279\" data-code=\"Tau\" data-title=\"TAU-lamp - Tau\">   \t\t<a href=\"https:\/\/www.fiamitalia.it\/de\/prodotti\/tau\/\" target=\"_blank\">\t\t\t\t<div class=\"wk_prodotto__container\">\t\t\t\t\t<div class=\"wk_product_cover\">\t\t\t\t\t\t<img decoding=\"async\" src=\"https:\/\/www.fiamitalia.it\/wp-content\/uploads\/2024\/04\/FIAM_Tau_still_life-1200x1200.jpg\" class=\"wk_product_cover__img lazy\">\t\t\t\t\t<\/div>\t\t\t\t\t<div class=\"wk_product_cover_hover\">\t\t\t\t\t\t<img decoding=\"async\" src=\"https:\/\/www.fiamitalia.it\/wp-content\/uploads\/2024\/04\/tau-griglia-ambient.jpg\" class=\"wk_product_cover__img lazy\">\t\t\t\t\t<\/div>\t\t\t\t\t<div class=\"wk_new_stamp\">\n\t                \t\t\t\t\t\t    <span class=\"wk_new_stamp_box\">new<\/span>\n\t                \t\t\t\t\t\t<\/div>\t\t\t\t\t<h4 class=\"wk_product_excerpt\">tau<\/h4>\t\t\t\t<\/div>\t\t\t<\/a>\t\t<\/li>\t\t<\/ul>\t\t<div class=\"wk_griglia_cat__filters\">\t\t\t<div class=\"filter-header\">\t\t\t\t<h6 class=\"filter-header-wrapper\">Filter<\/h6>\t\t\t\t<div class=\"filter-close\">\t\t\t\t\t<svg xmlns=\"http:\/\/www.w3.org\/2000\/svg\" width=\"18.207\" height=\"18.207\" viewBox=\"0 0 18.207 18.207\">\n\t\t            \t\t  \t\t\t\t\t<g id=\"X\" transform=\"translate(-756.34 -1416.6) rotate(45)\">\n\t\t\t\t\t\t\t            \t\t    <line id=\"Linea_59\" data-name=\"Linea 59\" x2=\"24.748\" transform=\"translate(1537 466.874)\" fill=\"none\" stroke=\"#000\" stroke-width=\"1\"\/>\n\t\t\t\t\t\t\t            \t\t    <line id=\"Linea_60\" data-name=\"Linea 60\" x2=\"24.748\" transform=\"translate(1549.374 454.5) rotate(90)\" fill=\"none\" stroke=\"#000\" stroke-width=\"1\"\/>\n\t\t\t\t\t\t\t            \t\t  <\/g>\n\t\t\t\t\t\t\t            \t<\/svg>\t\t\t\t<\/div>\t\t\t<\/div><div class=\"filtri-a-comparsa\" data-macro=\"41\"><\/div>\t\t<\/div>\t<\/div><\/div><\/div>\t\t\t\t<\/div>\n\t\t\t\t<\/div>\n\t\t\t\t\t<\/div>\n\t\t<\/div>\n\t\t\t\t\t<\/div>\n\t\t<\/section>\n\t\t\t\t<\/div>\n\t\t","protected":false},"excerpt":{"rendered":"<p>Beleuchtung Der Charme der mehrfachen Reflexionen Unsere Glaslampen sind Lichtquellen, die die Identit\u00e4t der Umgebung pr\u00e4gen, indem sie leere und volle R\u00e4ume beleuchten und dem Licht die Rolle des Interpreten des Raums geben, der sich offenbart.\u00a0 Die Glasbeleuchtung, erh\u00e4ltlich als H\u00e4nge- oder Tischleuchte, umschlie\u00dft den Charme der vielfachen Reflexionen dieses ewigen Materials und repr\u00e4sentiert die [&hellip;]<\/p>\n","protected":false},"author":1,"featured_media":0,"parent":0,"menu_order":0,"comment_status":"closed","ping_status":"closed","template":"","meta":{"_acf_changed":false,"footnotes":""},"class_list":["post-33343","page","type-page","status-publish","hentry","categoria-prodotti-beleuchtung"],"acf":[],"yoast_head":"<!-- This site is optimized with the Yoast SEO plugin v25.8 - https:\/\/yoast.com\/wordpress\/plugins\/seo\/ -->\n<title>Beleuchtung - FIAM Italia<\/title>\n<meta name=\"description\" content=\"Unsere Glaslampen sind Lichtquellen, die die Identit\u00e4t der Umgebung pr\u00e4gen, indem sie leere und volle R\u00e4ume beleuchten und dem Licht die Rolle des Interpreten des Raums geben, der sich offenbart.\" \/>\n<meta name=\"robots\" content=\"index, follow, max-snippet:-1, max-image-preview:large, max-video-preview:-1\" \/>\n<link rel=\"canonical\" href=\"https:\/\/www.fiamitalia.it\/de\/beleuchtung\/\" \/>\n<meta property=\"og:locale\" content=\"de_DE\" \/>\n<meta property=\"og:type\" content=\"article\" \/>\n<meta property=\"og:title\" content=\"Beleuchtung - FIAM Italia\" \/>\n<meta property=\"og:description\" content=\"Unsere Glaslampen sind Lichtquellen, die die Identit\u00e4t der Umgebung pr\u00e4gen, indem sie leere und volle R\u00e4ume beleuchten und dem Licht die Rolle des Interpreten des Raums geben, der sich offenbart.\" \/>\n<meta property=\"og:url\" content=\"https:\/\/www.fiamitalia.it\/de\/beleuchtung\/\" \/>\n<meta property=\"og:site_name\" content=\"Fiam Italia\" \/>\n<meta property=\"article:publisher\" content=\"https:\/\/www.facebook.com\/fiamitalia\/\" \/>\n<meta property=\"article:modified_time\" content=\"2023-03-31T10:17:35+00:00\" \/>\n<meta property=\"og:image\" content=\"https:\/\/dev.fiamitalia.it\/wp-content\/uploads\/2023\/01\/FIAM_Astra_still_life.jpg\" \/>\n<meta name=\"twitter:card\" content=\"summary_large_image\" \/>\n<meta name=\"twitter:label1\" content=\"Gesch\u00e4tzte Lesezeit\" \/>\n\t<meta name=\"twitter:data1\" content=\"2\u00a0Minuten\" \/>\n<script type=\"application\/ld+json\" class=\"yoast-schema-graph\">{\"@context\":\"https:\/\/schema.org\",\"@graph\":[{\"@type\":\"WebPage\",\"@id\":\"https:\/\/www.fiamitalia.it\/de\/beleuchtung\/\",\"url\":\"https:\/\/www.fiamitalia.it\/de\/beleuchtung\/\",\"name\":\"Beleuchtung - FIAM Italia\",\"isPartOf\":{\"@id\":\"https:\/\/www.fiamitalia.it\/de\/#website\"},\"primaryImageOfPage\":{\"@id\":\"https:\/\/www.fiamitalia.it\/de\/beleuchtung\/#primaryimage\"},\"image\":{\"@id\":\"https:\/\/www.fiamitalia.it\/de\/beleuchtung\/#primaryimage\"},\"thumbnailUrl\":\"https:\/\/dev.fiamitalia.it\/wp-content\/uploads\/2023\/01\/FIAM_Astra_still_life.jpg\",\"datePublished\":\"2023-02-22T14:33:55+00:00\",\"dateModified\":\"2023-03-31T10:17:35+00:00\",\"description\":\"Unsere Glaslampen sind Lichtquellen, die die Identit\u00e4t der Umgebung pr\u00e4gen, indem sie leere und volle R\u00e4ume beleuchten und dem Licht die Rolle des Interpreten des Raums geben, der sich offenbart.\",\"breadcrumb\":{\"@id\":\"https:\/\/www.fiamitalia.it\/de\/beleuchtung\/#breadcrumb\"},\"inLanguage\":\"de\",\"potentialAction\":[{\"@type\":\"ReadAction\",\"target\":[\"https:\/\/www.fiamitalia.it\/de\/beleuchtung\/\"]}]},{\"@type\":\"ImageObject\",\"inLanguage\":\"de\",\"@id\":\"https:\/\/www.fiamitalia.it\/de\/beleuchtung\/#primaryimage\",\"url\":\"https:\/\/dev.fiamitalia.it\/wp-content\/uploads\/2023\/01\/FIAM_Astra_still_life.jpg\",\"contentUrl\":\"https:\/\/dev.fiamitalia.it\/wp-content\/uploads\/2023\/01\/FIAM_Astra_still_life.jpg\"},{\"@type\":\"BreadcrumbList\",\"@id\":\"https:\/\/www.fiamitalia.it\/de\/beleuchtung\/#breadcrumb\",\"itemListElement\":[{\"@type\":\"ListItem\",\"position\":1,\"name\":\"Home\",\"item\":\"https:\/\/www.fiamitalia.it\/de\/\"},{\"@type\":\"ListItem\",\"position\":2,\"name\":\"beleuchtung\"}]},{\"@type\":\"WebSite\",\"@id\":\"https:\/\/www.fiamitalia.it\/de\/#website\",\"url\":\"https:\/\/www.fiamitalia.it\/de\/\",\"name\":\"Fiam Italia\",\"description\":\"Da oltre 40 anni FIAM \u00e8 sinonimo di cultura del vetro a livello globale e produce elementi di arredo in vetro curvato di design. Scopri di pi\u00f9 sul sito!\",\"publisher\":{\"@id\":\"https:\/\/www.fiamitalia.it\/de\/#organization\"},\"potentialAction\":[{\"@type\":\"SearchAction\",\"target\":{\"@type\":\"EntryPoint\",\"urlTemplate\":\"https:\/\/www.fiamitalia.it\/de\/?s={search_term_string}\"},\"query-input\":{\"@type\":\"PropertyValueSpecification\",\"valueRequired\":true,\"valueName\":\"search_term_string\"}}],\"inLanguage\":\"de\"},{\"@type\":\"Organization\",\"@id\":\"https:\/\/www.fiamitalia.it\/de\/#organization\",\"name\":\"Fiam Italia\",\"url\":\"https:\/\/www.fiamitalia.it\/de\/\",\"logo\":{\"@type\":\"ImageObject\",\"inLanguage\":\"de\",\"@id\":\"https:\/\/www.fiamitalia.it\/de\/#\/schema\/logo\/image\/\",\"url\":\"https:\/\/www.fiamitalia.it\/wp-content\/uploads\/2023\/03\/cropped-Fiam_quadr_bn_Outline.png\",\"contentUrl\":\"https:\/\/www.fiamitalia.it\/wp-content\/uploads\/2023\/03\/cropped-Fiam_quadr_bn_Outline.png\",\"width\":945,\"height\":945,\"caption\":\"Fiam Italia\"},\"image\":{\"@id\":\"https:\/\/www.fiamitalia.it\/de\/#\/schema\/logo\/image\/\"},\"sameAs\":[\"https:\/\/www.facebook.com\/fiamitalia\/\",\"https:\/\/www.instagram.com\/fiamitalia_official\/\",\"https:\/\/pinterest.com\/fiamitalia_\/\",\"https:\/\/www.linkedin.com\/company\/1658601\/\",\"https:\/\/www.youtube.com\/user\/FiamItalia\/\"]}]}<\/script>\n<!-- \/ Yoast SEO plugin. -->","yoast_head_json":{"title":"Beleuchtung - FIAM Italia","description":"Unsere Glaslampen sind Lichtquellen, die die Identit\u00e4t der Umgebung pr\u00e4gen, indem sie leere und volle R\u00e4ume beleuchten und dem Licht die Rolle des Interpreten des Raums geben, der sich offenbart.","robots":{"index":"index","follow":"follow","max-snippet":"max-snippet:-1","max-image-preview":"max-image-preview:large","max-video-preview":"max-video-preview:-1"},"canonical":"https:\/\/www.fiamitalia.it\/de\/beleuchtung\/","og_locale":"de_DE","og_type":"article","og_title":"Beleuchtung - FIAM Italia","og_description":"Unsere Glaslampen sind Lichtquellen, die die Identit\u00e4t der Umgebung pr\u00e4gen, indem sie leere und volle R\u00e4ume beleuchten und dem Licht die Rolle des Interpreten des Raums geben, der sich offenbart.","og_url":"https:\/\/www.fiamitalia.it\/de\/beleuchtung\/","og_site_name":"Fiam Italia","article_publisher":"https:\/\/www.facebook.com\/fiamitalia\/","article_modified_time":"2023-03-31T10:17:35+00:00","og_image":[{"url":"https:\/\/dev.fiamitalia.it\/wp-content\/uploads\/2023\/01\/FIAM_Astra_still_life.jpg","type":"","width":"","height":""}],"twitter_card":"summary_large_image","twitter_misc":{"Gesch\u00e4tzte Lesezeit":"2\u00a0Minuten"},"schema":{"@context":"https:\/\/schema.org","@graph":[{"@type":"WebPage","@id":"https:\/\/www.fiamitalia.it\/de\/beleuchtung\/","url":"https:\/\/www.fiamitalia.it\/de\/beleuchtung\/","name":"Beleuchtung - FIAM Italia","isPartOf":{"@id":"https:\/\/www.fiamitalia.it\/de\/#website"},"primaryImageOfPage":{"@id":"https:\/\/www.fiamitalia.it\/de\/beleuchtung\/#primaryimage"},"image":{"@id":"https:\/\/www.fiamitalia.it\/de\/beleuchtung\/#primaryimage"},"thumbnailUrl":"https:\/\/dev.fiamitalia.it\/wp-content\/uploads\/2023\/01\/FIAM_Astra_still_life.jpg","datePublished":"2023-02-22T14:33:55+00:00","dateModified":"2023-03-31T10:17:35+00:00","description":"Unsere Glaslampen sind Lichtquellen, die die Identit\u00e4t der Umgebung pr\u00e4gen, indem sie leere und volle R\u00e4ume beleuchten und dem Licht die Rolle des Interpreten des Raums geben, der sich offenbart.","breadcrumb":{"@id":"https:\/\/www.fiamitalia.it\/de\/beleuchtung\/#breadcrumb"},"inLanguage":"de","potentialAction":[{"@type":"ReadAction","target":["https:\/\/www.fiamitalia.it\/de\/beleuchtung\/"]}]},{"@type":"ImageObject","inLanguage":"de","@id":"https:\/\/www.fiamitalia.it\/de\/beleuchtung\/#primaryimage","url":"https:\/\/dev.fiamitalia.it\/wp-content\/uploads\/2023\/01\/FIAM_Astra_still_life.jpg","contentUrl":"https:\/\/dev.fiamitalia.it\/wp-content\/uploads\/2023\/01\/FIAM_Astra_still_life.jpg"},{"@type":"BreadcrumbList","@id":"https:\/\/www.fiamitalia.it\/de\/beleuchtung\/#breadcrumb","itemListElement":[{"@type":"ListItem","position":1,"name":"Home","item":"https:\/\/www.fiamitalia.it\/de\/"},{"@type":"ListItem","position":2,"name":"beleuchtung"}]},{"@type":"WebSite","@id":"https:\/\/www.fiamitalia.it\/de\/#website","url":"https:\/\/www.fiamitalia.it\/de\/","name":"Fiam Italia","description":"Da oltre 40 anni FIAM \u00e8 sinonimo di cultura del vetro a livello globale e produce elementi di arredo in vetro curvato di design. Scopri di pi\u00f9 sul sito!","publisher":{"@id":"https:\/\/www.fiamitalia.it\/de\/#organization"},"potentialAction":[{"@type":"SearchAction","target":{"@type":"EntryPoint","urlTemplate":"https:\/\/www.fiamitalia.it\/de\/?s={search_term_string}"},"query-input":{"@type":"PropertyValueSpecification","valueRequired":true,"valueName":"search_term_string"}}],"inLanguage":"de"},{"@type":"Organization","@id":"https:\/\/www.fiamitalia.it\/de\/#organization","name":"Fiam Italia","url":"https:\/\/www.fiamitalia.it\/de\/","logo":{"@type":"ImageObject","inLanguage":"de","@id":"https:\/\/www.fiamitalia.it\/de\/#\/schema\/logo\/image\/","url":"https:\/\/www.fiamitalia.it\/wp-content\/uploads\/2023\/03\/cropped-Fiam_quadr_bn_Outline.png","contentUrl":"https:\/\/www.fiamitalia.it\/wp-content\/uploads\/2023\/03\/cropped-Fiam_quadr_bn_Outline.png","width":945,"height":945,"caption":"Fiam Italia"},"image":{"@id":"https:\/\/www.fiamitalia.it\/de\/#\/schema\/logo\/image\/"},"sameAs":["https:\/\/www.facebook.com\/fiamitalia\/","https:\/\/www.instagram.com\/fiamitalia_official\/","https:\/\/pinterest.com\/fiamitalia_\/","https:\/\/www.linkedin.com\/company\/1658601\/","https:\/\/www.youtube.com\/user\/FiamItalia\/"]}]}},"_links":{"self":[{"href":"https:\/\/www.fiamitalia.it\/de\/wp-json\/wp\/v2\/pages\/33343","targetHints":{"allow":["GET"]}}],"collection":[{"href":"https:\/\/www.fiamitalia.it\/de\/wp-json\/wp\/v2\/pages"}],"about":[{"href":"https:\/\/www.fiamitalia.it\/de\/wp-json\/wp\/v2\/types\/page"}],"author":[{"embeddable":true,"href":"https:\/\/www.fiamitalia.it\/de\/wp-json\/wp\/v2\/users\/1"}],"replies":[{"embeddable":true,"href":"https:\/\/www.fiamitalia.it\/de\/wp-json\/wp\/v2\/comments?post=33343"}],"version-history":[{"count":13,"href":"https:\/\/www.fiamitalia.it\/de\/wp-json\/wp\/v2\/pages\/33343\/revisions"}],"predecessor-version":[{"id":36536,"href":"https:\/\/www.fiamitalia.it\/de\/wp-json\/wp\/v2\/pages\/33343\/revisions\/36536"}],"wp:attachment":[{"href":"https:\/\/www.fiamitalia.it\/de\/wp-json\/wp\/v2\/media?parent=33343"}],"curies":[{"name":"wp","href":"https:\/\/api.w.org\/{rel}","templated":true}]}}