{"id":33063,"date":"2023-02-22T14:14:53","date_gmt":"2023-02-22T14:14:53","guid":{"rendered":"https:\/\/dev.fiamitalia.it\/specchi-tv\/"},"modified":"2023-03-24T16:40:51","modified_gmt":"2023-03-24T16:40:51","slug":"tv-spiegel","status":"publish","type":"page","link":"https:\/\/www.fiamitalia.it\/de\/tv-spiegel\/","title":{"rendered":"TV-Spiegel"},"content":{"rendered":"\t\t<div data-elementor-type=\"wp-page\" data-elementor-id=\"33063\" class=\"elementor elementor-33063 elementor-11791\" data-elementor-post-type=\"page\">\n\t\t\t\t\t\t<section class=\"elementor-section elementor-top-section elementor-element elementor-element-3177621 elementor-section-height-min-height elementor-section-boxed elementor-section-height-default elementor-section-items-middle\" data-id=\"3177621\" data-element_type=\"section\" data-settings=\"{&quot;background_background&quot;:&quot;classic&quot;}\">\n\t\t\t\t\t\t\t<div class=\"elementor-background-overlay\"><\/div>\n\t\t\t\t\t\t\t<div class=\"elementor-container elementor-column-gap-default\">\n\t\t\t\t\t<div class=\"elementor-column elementor-col-100 elementor-top-column elementor-element elementor-element-a368802\" data-id=\"a368802\" data-element_type=\"column\">\n\t\t\t<div class=\"elementor-widget-wrap elementor-element-populated\">\n\t\t\t\t\t\t<div class=\"elementor-element elementor-element-0cc1ab6 elementor-widget elementor-widget-heading\" data-id=\"0cc1ab6\" data-element_type=\"widget\" data-widget_type=\"heading.default\">\n\t\t\t\t<div class=\"elementor-widget-container\">\n\t\t\t\t\t<h1 class=\"elementor-heading-title elementor-size-default\">TV-Spiegel<\/h1>\t\t\t\t<\/div>\n\t\t\t\t<\/div>\n\t\t\t\t\t<\/div>\n\t\t<\/div>\n\t\t\t\t\t<\/div>\n\t\t<\/section>\n\t\t\t\t<section class=\"elementor-section elementor-top-section elementor-element elementor-element-d5bc5be elementor-section-full_width elementor-section-height-default elementor-section-height-default\" data-id=\"d5bc5be\" data-element_type=\"section\">\n\t\t\t\t\t\t<div class=\"elementor-container elementor-column-gap-default\">\n\t\t\t\t\t<div class=\"elementor-column elementor-col-50 elementor-top-column elementor-element elementor-element-552b69c\" data-id=\"552b69c\" data-element_type=\"column\">\n\t\t\t<div class=\"elementor-widget-wrap elementor-element-populated\">\n\t\t\t\t\t\t<div class=\"elementor-element elementor-element-67d5dcc elementor-widget elementor-widget-heading\" data-id=\"67d5dcc\" data-element_type=\"widget\" data-widget_type=\"heading.default\">\n\t\t\t\t<div class=\"elementor-widget-container\">\n\t\t\t\t\t<h2 class=\"elementor-heading-title elementor-size-default\">Gerahmtes <br>Fernsehen<\/h2>\t\t\t\t<\/div>\n\t\t\t\t<\/div>\n\t\t\t\t<div class=\"elementor-element elementor-element-071dd9c elementor-widget elementor-widget-text-editor\" data-id=\"071dd9c\" data-element_type=\"widget\" data-widget_type=\"text-editor.default\">\n\t\t\t\t<div class=\"elementor-widget-container\">\n\t\t\t\t\t\t\t\t\t<p>Die TV-Spiegelkollektion verf\u00fcgt \u00fcber gerahmte reflektierende Oberfl\u00e4chen mit Platz f\u00fcr den Fernseher. Die Originalit\u00e4t dieses Einrichtungsgegenstandes liegt in seiner F\u00e4higkeit, die Eleganz der dekorativen Spiegel der traditionellen Kollektion mit technologischer Funktionalit\u00e4t zu verbinden. Zus\u00e4tzlich zu dem bemerkenswerten stilistischen Code erm\u00f6glicht der verspiegelte Rahmen unserer TV-Spiegel, die Umgebung aufzuhellen und die Pr\u00e4senz des Fernsehers weniger ausgepr\u00e4gt zu machen.<\/p>\t\t\t\t\t\t\t\t<\/div>\n\t\t\t\t<\/div>\n\t\t\t\t<div class=\"elementor-element elementor-element-a83efae elementor-align-left elementor-mobile-align-center elementor-widget elementor-widget-button\" data-id=\"a83efae\" data-element_type=\"widget\" data-widget_type=\"button.default\">\n\t\t\t\t<div class=\"elementor-widget-container\">\n\t\t\t\t\t\t\t\t\t<div class=\"elementor-button-wrapper\">\n\t\t\t\t\t<a class=\"wk_pulsante_nero elementor-button elementor-button-link elementor-size-sm\" href=\"#tuttiprodotti\">\n\t\t\t\t\t\t<span class=\"elementor-button-content-wrapper\">\n\t\t\t\t\t\t\t\t\t<span class=\"elementor-button-text\">alle TV-Spiegel<\/span>\n\t\t\t\t\t<\/span>\n\t\t\t\t\t<\/a>\n\t\t\t\t<\/div>\n\t\t\t\t\t\t\t\t<\/div>\n\t\t\t\t<\/div>\n\t\t\t\t\t<\/div>\n\t\t<\/div>\n\t\t\t\t<div class=\"elementor-column elementor-col-50 elementor-top-column elementor-element elementor-element-5bed6f1\" data-id=\"5bed6f1\" data-element_type=\"column\">\n\t\t\t<div class=\"elementor-widget-wrap elementor-element-populated\">\n\t\t\t\t\t\t<div class=\"elementor-element elementor-element-5fc2ee6 elementor-pagination-position-outside elementor--h-position-center elementor--v-position-middle elementor-widget elementor-widget-slides\" data-id=\"5fc2ee6\" data-element_type=\"widget\" data-settings=\"{&quot;navigation&quot;:&quot;dots&quot;,&quot;autoplay&quot;:&quot;yes&quot;,&quot;pause_on_hover&quot;:&quot;yes&quot;,&quot;pause_on_interaction&quot;:&quot;yes&quot;,&quot;autoplay_speed&quot;:5000,&quot;infinite&quot;:&quot;yes&quot;,&quot;transition&quot;:&quot;slide&quot;,&quot;transition_speed&quot;:500}\" data-widget_type=\"slides.default\">\n\t\t\t\t<div class=\"elementor-widget-container\">\n\t\t\t\t\t\t\t\t\t<div class=\"elementor-swiper\">\n\t\t\t\t\t<div class=\"elementor-slides-wrapper elementor-main-swiper swiper\" role=\"region\" aria-roledescription=\"carousel\" aria-label=\"Slider\" dir=\"ltr\" data-animation=\"fadeInUp\">\n\t\t\t\t<div class=\"swiper-wrapper elementor-slides\">\n\t\t\t\t\t\t\t\t\t\t<div class=\"elementor-repeater-item-57f32a4 swiper-slide\" role=\"group\" aria-roledescription=\"slide\"><div class=\"swiper-slide-bg\" role=\"img\"><\/div><div class=\"swiper-slide-inner\" ><div class=\"swiper-slide-contents\"><\/div><\/div><\/div><div class=\"elementor-repeater-item-90e5085 swiper-slide\" role=\"group\" aria-roledescription=\"slide\"><div class=\"swiper-slide-bg\" role=\"img\"><\/div><div class=\"swiper-slide-inner\" ><div class=\"swiper-slide-contents\"><\/div><\/div><\/div><div class=\"elementor-repeater-item-10d1f0d swiper-slide\" role=\"group\" aria-roledescription=\"slide\"><div class=\"swiper-slide-bg\" role=\"img\"><\/div><div class=\"swiper-slide-inner\" ><div class=\"swiper-slide-contents\"><\/div><\/div><\/div>\t\t\t\t<\/div>\n\t\t\t\t\t\t\t\t\t\t\t\t\t\t\t\t\t\t\t\t<div class=\"swiper-pagination\"><\/div>\n\t\t\t\t\t\t\t\t\t\t\t\t<\/div>\n\t\t\t\t<\/div>\n\t\t\t\t\t\t\t\t<\/div>\n\t\t\t\t<\/div>\n\t\t\t\t\t<\/div>\n\t\t<\/div>\n\t\t\t\t\t<\/div>\n\t\t<\/section>\n\t\t\t\t<section class=\"elementor-section elementor-top-section elementor-element elementor-element-0e2416a elementor-section-boxed elementor-section-height-default elementor-section-height-default\" data-id=\"0e2416a\" data-element_type=\"section\">\n\t\t\t\t\t\t<div class=\"elementor-container elementor-column-gap-default\">\n\t\t\t\t\t<div class=\"elementor-column elementor-col-100 elementor-top-column elementor-element elementor-element-adc19ec\" data-id=\"adc19ec\" data-element_type=\"column\">\n\t\t\t<div class=\"elementor-widget-wrap elementor-element-populated\">\n\t\t\t\t\t\t\t<\/div>\n\t\t<\/div>\n\t\t\t\t\t<\/div>\n\t\t<\/section>\n\t\t\t\t<section class=\"elementor-section elementor-top-section elementor-element elementor-element-b8193fc elementor-section-full_width elementor-section-height-default elementor-section-height-default\" data-id=\"b8193fc\" data-element_type=\"section\">\n\t\t\t\t\t\t<div class=\"elementor-container elementor-column-gap-default\">\n\t\t\t\t\t<div class=\"elementor-column elementor-col-100 elementor-top-column elementor-element elementor-element-5c85582\" data-id=\"5c85582\" data-element_type=\"column\">\n\t\t\t<div class=\"elementor-widget-wrap elementor-element-populated\">\n\t\t\t\t\t\t<div class=\"elementor-element elementor-element-6c41822 elementor-widget elementor-widget-wk_blocco_griglia_prodotti\" data-id=\"6c41822\" data-element_type=\"widget\" data-widget_type=\"wk_blocco_griglia_prodotti.default\">\n\t\t\t\t<div class=\"elementor-widget-container\">\n\t\t\t\t\t<div class=\"wk_griglia_categoria\" style=\"background-color: #F7F8F8;\" id=\"tuttiprodotti\"><div class=\"wrapper\"><div class=\"wk_griglia_cat__header\">\t<h3 class=\"wk_griglia_cat__title\">alle TV-Spiegel<\/h3><\/div>\t<div class=\"wk_griglia_cat__body\">\t\t<ul id=\"archivio_prodotti\" class=\"\">\t\t\t<div class=\"no-result-message\" style=\"display: none;margin-top:0;text-align:left;\">No products matching the filters selected.<\/div>\t\t<li class=\"wk_prodotto  bemaltes-glas verschmolzenes-glas vetro-fuso  tv-spiegel tv-42 tv-55 tv-65 \" data-id=\"30638\" data-code=\"Caadre tv\" data-title=\"CAADRE-TV-mirror - Caadre tv\">   \t\t<a href=\"https:\/\/www.fiamitalia.it\/de\/prodotti\/caadre-tv\/\" target=\"_blank\">\t\t\t\t<div class=\"wk_prodotto__container\">\t\t\t\t\t<div class=\"wk_product_cover\">\t\t\t\t\t\t<img decoding=\"async\" src=\"https:\/\/www.fiamitalia.it\/wp-content\/uploads\/2023\/01\/FIAM_Caadre_TV_still_life.jpg\" class=\"wk_product_cover__img lazy\">\t\t\t\t\t<\/div>\t\t\t\t\t<div class=\"wk_product_cover_hover\">\t\t\t\t\t\t<img decoding=\"async\" src=\"https:\/\/www.fiamitalia.it\/wp-content\/uploads\/2023\/02\/CAADRE-TV_ripulita-1549x1200.jpg\" class=\"wk_product_cover__img lazy\">\t\t\t\t\t<\/div>\t\t\t\t\t<div class=\"wk_new_stamp\">\n\t                \t\t\t\t\t\t    <span class=\"wk_new_stamp_box\">new<\/span>\n\t                \t\t\t\t\t\t<\/div>\t\t\t\t\t<h4 class=\"wk_product_excerpt\">Caadre tv<\/h4>\t\t\t\t<\/div>\t\t\t<\/a>\t\t<\/li>\t\t<li class=\"wk_prodotto  bemaltes-glas metall  tv-spiegel tv-43 tv-55 tv-65 \" data-id=\"30735\" data-code=\"Mirage tv\" data-title=\"MIRAGE-TV-mirror - Mirage tv\">   \t\t<a href=\"https:\/\/www.fiamitalia.it\/de\/prodotti\/mirage-tv\/\" target=\"_blank\">\t\t\t\t<div class=\"wk_prodotto__container\">\t\t\t\t\t<div class=\"wk_product_cover\">\t\t\t\t\t\t<img decoding=\"async\" src=\"https:\/\/www.fiamitalia.it\/wp-content\/uploads\/2023\/01\/FIAM_Mirage_tv_still_life.jpg\" class=\"wk_product_cover__img lazy\">\t\t\t\t\t<\/div>\t\t\t\t\t<div class=\"wk_product_cover_hover\">\t\t\t\t\t\t<img decoding=\"async\" src=\"https:\/\/www.fiamitalia.it\/wp-content\/uploads\/2023\/02\/MIRAGE-TV_3_72.jpg\" class=\"wk_product_cover__img lazy\">\t\t\t\t\t<\/div>\t\t\t\t\t<div class=\"wk_new_stamp\">\n\t                \t\t\t\t\t\t    <span class=\"wk_new_stamp_box\">new<\/span>\n\t                \t\t\t\t\t\t<\/div>\t\t\t\t\t<h4 class=\"wk_product_excerpt\">Mirage tv<\/h4>\t\t\t\t<\/div>\t\t\t<\/a>\t\t<\/li>\t\t<li class=\"wk_prodotto  bemaltes-glas verschmolzenes-glas  tv-spiegel tv-43 tv-55 \" data-id=\"30937\" data-code=\"Pop tv\" data-title=\"POP-TV-mirror - Pop tv\">   \t\t<a href=\"https:\/\/www.fiamitalia.it\/de\/prodotti\/pop-tv\/\" target=\"_blank\">\t\t\t\t<div class=\"wk_prodotto__container\">\t\t\t\t\t<div class=\"wk_product_cover\">\t\t\t\t\t\t<img decoding=\"async\" src=\"https:\/\/www.fiamitalia.it\/wp-content\/uploads\/2023\/01\/FIAM_Pop_tv_still_life.jpg\" class=\"wk_product_cover__img lazy\">\t\t\t\t\t<\/div>\t\t\t\t\t<div class=\"wk_product_cover_hover\">\t\t\t\t\t\t<img decoding=\"async\" src=\"https:\/\/www.fiamitalia.it\/wp-content\/uploads\/2023\/03\/FIAM_immagini_ambiente_Pop_tv.jpg\" class=\"wk_product_cover__img lazy\">\t\t\t\t\t<\/div>\t\t\t\t\t<div class=\"wk_new_stamp\">\n\t                \t\t\t\t\t\t    <span class=\"wk_new_stamp_box\">new<\/span>\n\t                \t\t\t\t\t\t<\/div>\t\t\t\t\t<h4 class=\"wk_product_excerpt\">Pop tv<\/h4>\t\t\t\t<\/div>\t\t\t<\/a>\t\t<\/li>\t\t<\/ul>\t\t<div class=\"wk_griglia_cat__filters\">\t\t\t<div class=\"filter-header\">\t\t\t\t<h6 class=\"filter-header-wrapper\">Filter<\/h6>\t\t\t\t<div class=\"filter-close\">\t\t\t\t\t<svg xmlns=\"http:\/\/www.w3.org\/2000\/svg\" width=\"18.207\" height=\"18.207\" viewBox=\"0 0 18.207 18.207\">\n\t\t            \t\t  \t\t\t\t\t<g id=\"X\" transform=\"translate(-756.34 -1416.6) rotate(45)\">\n\t\t\t\t\t\t\t            \t\t    <line id=\"Linea_59\" data-name=\"Linea 59\" x2=\"24.748\" transform=\"translate(1537 466.874)\" fill=\"none\" stroke=\"#000\" stroke-width=\"1\"\/>\n\t\t\t\t\t\t\t            \t\t    <line id=\"Linea_60\" data-name=\"Linea 60\" x2=\"24.748\" transform=\"translate(1549.374 454.5) rotate(90)\" fill=\"none\" stroke=\"#000\" stroke-width=\"1\"\/>\n\t\t\t\t\t\t\t            \t\t  <\/g>\n\t\t\t\t\t\t\t            \t<\/svg>\t\t\t\t<\/div>\t\t\t<\/div><div class=\"filtri-a-comparsa\" data-macro=\"35\">\t<div class=\"filtri-specchi_tv-dimensione filtri-gruppo\" >\t<!-- dimensione -->\t<h5>Dimensions<\/h5>\t<ul class=\"filter-container filter-categorie\">\t<li class=\"filter-item\" data-category=\".tv-42\" data-gruppo=\".specchi_tv-dimensione\">\t\t<span class=\"filter-item-name\">TV 42<\/span>\t<\/li>\t<li class=\"filter-item\" data-category=\".tv-55\" data-gruppo=\".specchi_tv-dimensione\">\t\t<span class=\"filter-item-name\">TV 55<\/span>\t<\/li>\t<li class=\"filter-item\" data-category=\".tv-65\" data-gruppo=\".specchi_tv-dimensione\">\t\t<span class=\"filter-item-name\">TV 65<\/span>\t<\/li>\t<li class=\"filter-item\" data-category=\".tv-43\" data-gruppo=\".specchi_tv-dimensione\">\t\t<span class=\"filter-item-name\">TV 43<\/span>\t<\/li>\t<\/ul>\t<\/div><\/div>\t\t<\/div>\t<\/div><\/div><\/div>\t\t\t\t<\/div>\n\t\t\t\t<\/div>\n\t\t\t\t\t<\/div>\n\t\t<\/div>\n\t\t\t\t\t<\/div>\n\t\t<\/section>\n\t\t\t\t<\/div>\n\t\t","protected":false},"excerpt":{"rendered":"<p>TV-Spiegel Gerahmtes Fernsehen Die TV-Spiegelkollektion verf\u00fcgt \u00fcber gerahmte reflektierende Oberfl\u00e4chen mit Platz f\u00fcr den Fernseher. Die Originalit\u00e4t dieses Einrichtungsgegenstandes liegt in seiner F\u00e4higkeit, die Eleganz der dekorativen Spiegel der traditionellen Kollektion mit technologischer Funktionalit\u00e4t zu verbinden. Zus\u00e4tzlich zu dem bemerkenswerten stilistischen Code erm\u00f6glicht der verspiegelte Rahmen unserer TV-Spiegel, die Umgebung aufzuhellen und die Pr\u00e4senz des [&hellip;]<\/p>\n","protected":false},"author":1,"featured_media":0,"parent":0,"menu_order":0,"comment_status":"closed","ping_status":"closed","template":"","meta":{"_acf_changed":false,"footnotes":""},"class_list":["post-33063","page","type-page","status-publish","hentry","categoria-prodotti-tv-spiegel"],"acf":[],"yoast_head":"<!-- This site is optimized with the Yoast SEO plugin v25.8 - https:\/\/yoast.com\/wordpress\/plugins\/seo\/ -->\n<title>TV-Spiegel aus gebogenem Glas \u2013 FIAM Italia<\/title>\n<meta name=\"description\" content=\"FIAM produziert TV-Spiegel aus gebogenem Glas: Designm\u00f6belst\u00fccke mit integriertem Fernseher. Entdecke Details zu diesen Produkten von Fiam. Gehe zur Internetseite!\" \/>\n<meta name=\"robots\" content=\"index, follow, max-snippet:-1, max-image-preview:large, max-video-preview:-1\" \/>\n<link rel=\"canonical\" href=\"https:\/\/www.fiamitalia.it\/de\/tv-spiegel\/\" \/>\n<meta property=\"og:locale\" content=\"de_DE\" \/>\n<meta property=\"og:type\" content=\"article\" \/>\n<meta property=\"og:title\" content=\"TV-Spiegel aus gebogenem Glas \u2013 FIAM Italia\" \/>\n<meta property=\"og:description\" content=\"FIAM produziert TV-Spiegel aus gebogenem Glas: Designm\u00f6belst\u00fccke mit integriertem Fernseher. Entdecke Details zu diesen Produkten von Fiam. Gehe zur Internetseite!\" \/>\n<meta property=\"og:url\" content=\"https:\/\/www.fiamitalia.it\/de\/tv-spiegel\/\" \/>\n<meta property=\"og:site_name\" content=\"Fiam Italia\" \/>\n<meta property=\"article:publisher\" content=\"https:\/\/www.facebook.com\/fiamitalia\/\" \/>\n<meta property=\"article:modified_time\" content=\"2023-03-24T16:40:51+00:00\" \/>\n<meta property=\"og:image\" content=\"https:\/\/dev.fiamitalia.it\/wp-content\/uploads\/2023\/01\/FIAM_Caadre_TV_still_life.jpg\" \/>\n<meta name=\"twitter:card\" content=\"summary_large_image\" \/>\n<meta name=\"twitter:label1\" content=\"Gesch\u00e4tzte Lesezeit\" \/>\n\t<meta name=\"twitter:data1\" content=\"2\u00a0Minuten\" \/>\n<script type=\"application\/ld+json\" class=\"yoast-schema-graph\">{\"@context\":\"https:\/\/schema.org\",\"@graph\":[{\"@type\":\"WebPage\",\"@id\":\"https:\/\/www.fiamitalia.it\/de\/tv-spiegel\/\",\"url\":\"https:\/\/www.fiamitalia.it\/de\/tv-spiegel\/\",\"name\":\"TV-Spiegel aus gebogenem Glas \u2013 FIAM Italia\",\"isPartOf\":{\"@id\":\"https:\/\/www.fiamitalia.it\/de\/#website\"},\"primaryImageOfPage\":{\"@id\":\"https:\/\/www.fiamitalia.it\/de\/tv-spiegel\/#primaryimage\"},\"image\":{\"@id\":\"https:\/\/www.fiamitalia.it\/de\/tv-spiegel\/#primaryimage\"},\"thumbnailUrl\":\"https:\/\/dev.fiamitalia.it\/wp-content\/uploads\/2023\/01\/FIAM_Caadre_TV_still_life.jpg\",\"datePublished\":\"2023-02-22T14:14:53+00:00\",\"dateModified\":\"2023-03-24T16:40:51+00:00\",\"description\":\"FIAM produziert TV-Spiegel aus gebogenem Glas: Designm\u00f6belst\u00fccke mit integriertem Fernseher. Entdecke Details zu diesen Produkten von Fiam. Gehe zur Internetseite!\",\"breadcrumb\":{\"@id\":\"https:\/\/www.fiamitalia.it\/de\/tv-spiegel\/#breadcrumb\"},\"inLanguage\":\"de\",\"potentialAction\":[{\"@type\":\"ReadAction\",\"target\":[\"https:\/\/www.fiamitalia.it\/de\/tv-spiegel\/\"]}]},{\"@type\":\"ImageObject\",\"inLanguage\":\"de\",\"@id\":\"https:\/\/www.fiamitalia.it\/de\/tv-spiegel\/#primaryimage\",\"url\":\"https:\/\/dev.fiamitalia.it\/wp-content\/uploads\/2023\/01\/FIAM_Caadre_TV_still_life.jpg\",\"contentUrl\":\"https:\/\/dev.fiamitalia.it\/wp-content\/uploads\/2023\/01\/FIAM_Caadre_TV_still_life.jpg\"},{\"@type\":\"BreadcrumbList\",\"@id\":\"https:\/\/www.fiamitalia.it\/de\/tv-spiegel\/#breadcrumb\",\"itemListElement\":[{\"@type\":\"ListItem\",\"position\":1,\"name\":\"Home\",\"item\":\"https:\/\/www.fiamitalia.it\/de\/\"},{\"@type\":\"ListItem\",\"position\":2,\"name\":\"TV-Spiegel\"}]},{\"@type\":\"WebSite\",\"@id\":\"https:\/\/www.fiamitalia.it\/de\/#website\",\"url\":\"https:\/\/www.fiamitalia.it\/de\/\",\"name\":\"Fiam Italia\",\"description\":\"Da oltre 40 anni FIAM \u00e8 sinonimo di cultura del vetro a livello globale e produce elementi di arredo in vetro curvato di design. Scopri di pi\u00f9 sul sito!\",\"publisher\":{\"@id\":\"https:\/\/www.fiamitalia.it\/de\/#organization\"},\"potentialAction\":[{\"@type\":\"SearchAction\",\"target\":{\"@type\":\"EntryPoint\",\"urlTemplate\":\"https:\/\/www.fiamitalia.it\/de\/?s={search_term_string}\"},\"query-input\":{\"@type\":\"PropertyValueSpecification\",\"valueRequired\":true,\"valueName\":\"search_term_string\"}}],\"inLanguage\":\"de\"},{\"@type\":\"Organization\",\"@id\":\"https:\/\/www.fiamitalia.it\/de\/#organization\",\"name\":\"Fiam Italia\",\"url\":\"https:\/\/www.fiamitalia.it\/de\/\",\"logo\":{\"@type\":\"ImageObject\",\"inLanguage\":\"de\",\"@id\":\"https:\/\/www.fiamitalia.it\/de\/#\/schema\/logo\/image\/\",\"url\":\"https:\/\/www.fiamitalia.it\/wp-content\/uploads\/2023\/03\/cropped-Fiam_quadr_bn_Outline.png\",\"contentUrl\":\"https:\/\/www.fiamitalia.it\/wp-content\/uploads\/2023\/03\/cropped-Fiam_quadr_bn_Outline.png\",\"width\":945,\"height\":945,\"caption\":\"Fiam Italia\"},\"image\":{\"@id\":\"https:\/\/www.fiamitalia.it\/de\/#\/schema\/logo\/image\/\"},\"sameAs\":[\"https:\/\/www.facebook.com\/fiamitalia\/\",\"https:\/\/www.instagram.com\/fiamitalia_official\/\",\"https:\/\/pinterest.com\/fiamitalia_\/\",\"https:\/\/www.linkedin.com\/company\/1658601\/\",\"https:\/\/www.youtube.com\/user\/FiamItalia\/\"]}]}<\/script>\n<!-- \/ Yoast SEO plugin. -->","yoast_head_json":{"title":"TV-Spiegel aus gebogenem Glas \u2013 FIAM Italia","description":"FIAM produziert TV-Spiegel aus gebogenem Glas: Designm\u00f6belst\u00fccke mit integriertem Fernseher. Entdecke Details zu diesen Produkten von Fiam. Gehe zur Internetseite!","robots":{"index":"index","follow":"follow","max-snippet":"max-snippet:-1","max-image-preview":"max-image-preview:large","max-video-preview":"max-video-preview:-1"},"canonical":"https:\/\/www.fiamitalia.it\/de\/tv-spiegel\/","og_locale":"de_DE","og_type":"article","og_title":"TV-Spiegel aus gebogenem Glas \u2013 FIAM Italia","og_description":"FIAM produziert TV-Spiegel aus gebogenem Glas: Designm\u00f6belst\u00fccke mit integriertem Fernseher. Entdecke Details zu diesen Produkten von Fiam. Gehe zur Internetseite!","og_url":"https:\/\/www.fiamitalia.it\/de\/tv-spiegel\/","og_site_name":"Fiam Italia","article_publisher":"https:\/\/www.facebook.com\/fiamitalia\/","article_modified_time":"2023-03-24T16:40:51+00:00","og_image":[{"url":"https:\/\/dev.fiamitalia.it\/wp-content\/uploads\/2023\/01\/FIAM_Caadre_TV_still_life.jpg","type":"","width":"","height":""}],"twitter_card":"summary_large_image","twitter_misc":{"Gesch\u00e4tzte Lesezeit":"2\u00a0Minuten"},"schema":{"@context":"https:\/\/schema.org","@graph":[{"@type":"WebPage","@id":"https:\/\/www.fiamitalia.it\/de\/tv-spiegel\/","url":"https:\/\/www.fiamitalia.it\/de\/tv-spiegel\/","name":"TV-Spiegel aus gebogenem Glas \u2013 FIAM Italia","isPartOf":{"@id":"https:\/\/www.fiamitalia.it\/de\/#website"},"primaryImageOfPage":{"@id":"https:\/\/www.fiamitalia.it\/de\/tv-spiegel\/#primaryimage"},"image":{"@id":"https:\/\/www.fiamitalia.it\/de\/tv-spiegel\/#primaryimage"},"thumbnailUrl":"https:\/\/dev.fiamitalia.it\/wp-content\/uploads\/2023\/01\/FIAM_Caadre_TV_still_life.jpg","datePublished":"2023-02-22T14:14:53+00:00","dateModified":"2023-03-24T16:40:51+00:00","description":"FIAM produziert TV-Spiegel aus gebogenem Glas: Designm\u00f6belst\u00fccke mit integriertem Fernseher. Entdecke Details zu diesen Produkten von Fiam. Gehe zur Internetseite!","breadcrumb":{"@id":"https:\/\/www.fiamitalia.it\/de\/tv-spiegel\/#breadcrumb"},"inLanguage":"de","potentialAction":[{"@type":"ReadAction","target":["https:\/\/www.fiamitalia.it\/de\/tv-spiegel\/"]}]},{"@type":"ImageObject","inLanguage":"de","@id":"https:\/\/www.fiamitalia.it\/de\/tv-spiegel\/#primaryimage","url":"https:\/\/dev.fiamitalia.it\/wp-content\/uploads\/2023\/01\/FIAM_Caadre_TV_still_life.jpg","contentUrl":"https:\/\/dev.fiamitalia.it\/wp-content\/uploads\/2023\/01\/FIAM_Caadre_TV_still_life.jpg"},{"@type":"BreadcrumbList","@id":"https:\/\/www.fiamitalia.it\/de\/tv-spiegel\/#breadcrumb","itemListElement":[{"@type":"ListItem","position":1,"name":"Home","item":"https:\/\/www.fiamitalia.it\/de\/"},{"@type":"ListItem","position":2,"name":"TV-Spiegel"}]},{"@type":"WebSite","@id":"https:\/\/www.fiamitalia.it\/de\/#website","url":"https:\/\/www.fiamitalia.it\/de\/","name":"Fiam Italia","description":"Da oltre 40 anni FIAM \u00e8 sinonimo di cultura del vetro a livello globale e produce elementi di arredo in vetro curvato di design. Scopri di pi\u00f9 sul sito!","publisher":{"@id":"https:\/\/www.fiamitalia.it\/de\/#organization"},"potentialAction":[{"@type":"SearchAction","target":{"@type":"EntryPoint","urlTemplate":"https:\/\/www.fiamitalia.it\/de\/?s={search_term_string}"},"query-input":{"@type":"PropertyValueSpecification","valueRequired":true,"valueName":"search_term_string"}}],"inLanguage":"de"},{"@type":"Organization","@id":"https:\/\/www.fiamitalia.it\/de\/#organization","name":"Fiam Italia","url":"https:\/\/www.fiamitalia.it\/de\/","logo":{"@type":"ImageObject","inLanguage":"de","@id":"https:\/\/www.fiamitalia.it\/de\/#\/schema\/logo\/image\/","url":"https:\/\/www.fiamitalia.it\/wp-content\/uploads\/2023\/03\/cropped-Fiam_quadr_bn_Outline.png","contentUrl":"https:\/\/www.fiamitalia.it\/wp-content\/uploads\/2023\/03\/cropped-Fiam_quadr_bn_Outline.png","width":945,"height":945,"caption":"Fiam Italia"},"image":{"@id":"https:\/\/www.fiamitalia.it\/de\/#\/schema\/logo\/image\/"},"sameAs":["https:\/\/www.facebook.com\/fiamitalia\/","https:\/\/www.instagram.com\/fiamitalia_official\/","https:\/\/pinterest.com\/fiamitalia_\/","https:\/\/www.linkedin.com\/company\/1658601\/","https:\/\/www.youtube.com\/user\/FiamItalia\/"]}]}},"_links":{"self":[{"href":"https:\/\/www.fiamitalia.it\/de\/wp-json\/wp\/v2\/pages\/33063","targetHints":{"allow":["GET"]}}],"collection":[{"href":"https:\/\/www.fiamitalia.it\/de\/wp-json\/wp\/v2\/pages"}],"about":[{"href":"https:\/\/www.fiamitalia.it\/de\/wp-json\/wp\/v2\/types\/page"}],"author":[{"embeddable":true,"href":"https:\/\/www.fiamitalia.it\/de\/wp-json\/wp\/v2\/users\/1"}],"replies":[{"embeddable":true,"href":"https:\/\/www.fiamitalia.it\/de\/wp-json\/wp\/v2\/comments?post=33063"}],"version-history":[{"count":5,"href":"https:\/\/www.fiamitalia.it\/de\/wp-json\/wp\/v2\/pages\/33063\/revisions"}],"predecessor-version":[{"id":36484,"href":"https:\/\/www.fiamitalia.it\/de\/wp-json\/wp\/v2\/pages\/33063\/revisions\/36484"}],"wp:attachment":[{"href":"https:\/\/www.fiamitalia.it\/de\/wp-json\/wp\/v2\/media?parent=33063"}],"curies":[{"name":"wp","href":"https:\/\/api.w.org\/{rel}","templated":true}]}}