{"id":27041,"date":"2022-12-19T07:20:37","date_gmt":"2022-12-19T07:20:37","guid":{"rendered":"https:\/\/dev.fiamitalia.it\/essere-fiam\/"},"modified":"2023-03-31T10:10:01","modified_gmt":"2023-03-31T10:10:01","slug":"fiam-sein","status":"publish","type":"page","link":"https:\/\/www.fiamitalia.it\/de\/fiam-sein\/","title":{"rendered":"Fiam Sein"},"content":{"rendered":"\t\t<div data-elementor-type=\"wp-page\" data-elementor-id=\"27041\" class=\"elementor elementor-27041 elementor-277\" data-elementor-post-type=\"page\">\n\t\t\t\t\t\t<section class=\"elementor-section elementor-top-section elementor-element elementor-element-298cee8f elementor-section-height-min-height elementor-section-items-bottom elementor-section-content-middle elementor-section-boxed elementor-section-height-default\" data-id=\"298cee8f\" data-element_type=\"section\" data-settings=\"{&quot;background_background&quot;:&quot;classic&quot;}\">\n\t\t\t\t\t\t\t<div class=\"elementor-background-overlay\"><\/div>\n\t\t\t\t\t\t\t<div class=\"elementor-container elementor-column-gap-default\">\n\t\t\t\t\t<div class=\"elementor-column elementor-col-100 elementor-top-column elementor-element elementor-element-c1d517\" data-id=\"c1d517\" data-element_type=\"column\">\n\t\t\t<div class=\"elementor-widget-wrap elementor-element-populated\">\n\t\t\t\t\t\t<div class=\"elementor-element elementor-element-9e180b0 elementor-widget elementor-widget-heading\" data-id=\"9e180b0\" data-element_type=\"widget\" data-widget_type=\"heading.default\">\n\t\t\t\t<div class=\"elementor-widget-container\">\n\t\t\t\t\t<h1 class=\"elementor-heading-title elementor-size-default\">Fiam Sein<\/h1>\t\t\t\t<\/div>\n\t\t\t\t<\/div>\n\t\t\t\t\t<\/div>\n\t\t<\/div>\n\t\t\t\t\t<\/div>\n\t\t<\/section>\n\t\t\t\t<section class=\"elementor-section elementor-top-section elementor-element elementor-element-65deb07f elementor-section-boxed elementor-section-height-default elementor-section-height-default\" data-id=\"65deb07f\" data-element_type=\"section\">\n\t\t\t\t\t\t<div class=\"elementor-container elementor-column-gap-default\">\n\t\t\t\t\t<div class=\"elementor-column elementor-col-50 elementor-top-column elementor-element elementor-element-637fd477\" data-id=\"637fd477\" data-element_type=\"column\">\n\t\t\t<div class=\"elementor-widget-wrap elementor-element-populated\">\n\t\t\t\t\t\t<div class=\"elementor-element elementor-element-916958c elementor-widget elementor-widget-heading\" data-id=\"916958c\" data-element_type=\"widget\" data-widget_type=\"heading.default\">\n\t\t\t\t<div class=\"elementor-widget-container\">\n\t\t\t\t\t<h4 class=\"elementor-heading-title elementor-size-default\">die Herausforderung <\/br>der Materie<\/h4>\t\t\t\t<\/div>\n\t\t\t\t<\/div>\n\t\t\t\t<div class=\"elementor-element elementor-element-5fd8ba0f elementor-widget elementor-widget-text-editor\" data-id=\"5fd8ba0f\" data-element_type=\"widget\" data-widget_type=\"text-editor.default\">\n\t\t\t\t<div class=\"elementor-widget-container\">\n\t\t\t\t\t\t\t\t\t<p>Glas ist ein magisches und ewiges Material, das von Heiligkeit durchdrungen ist. Seit \u00fcber 50 Jahren nimmt FIAM die Herausforderung dieses Materials an und macht es zum Protagonisten der Innenarchitektur.<\/p><p>Ein Projekt, das unm\u00f6glich zu realisieren schien: Glas in Platten umzuwandeln, um Einrichtungsgegenst\u00e4nde zu erhalten, die seine unbegrenzte Ausdruckskraft entfesseln k\u00f6nnen.<\/p>\t\t\t\t\t\t\t\t<\/div>\n\t\t\t\t<\/div>\n\t\t\t\t<div class=\"elementor-element elementor-element-629498a8 elementor-widget elementor-widget-heading\" data-id=\"629498a8\" data-element_type=\"widget\" data-widget_type=\"heading.default\">\n\t\t\t\t<div class=\"elementor-widget-container\">\n\t\t\t\t\t<h5 class=\"elementor-heading-title elementor-size-default\">Der Seitengedanke des Glases<\/h5>\t\t\t\t<\/div>\n\t\t\t\t<\/div>\n\t\t\t\t<div class=\"elementor-element elementor-element-47db2200 elementor-widget elementor-widget-text-editor\" data-id=\"47db2200\" data-element_type=\"widget\" data-widget_type=\"text-editor.default\">\n\t\t\t\t<div class=\"elementor-widget-container\">\n\t\t\t\t\t\t\t\t\t<p>Deshalb steht FIAM Italia seit jeher f\u00fcr das \u201eQuerdenken von Glas\u201c. Wir betrachten es in seinem fl\u00fcssigen und formbaren Zustand als ein Material, das gemeinhin als fest und unver\u00e4nderlich wahrgenommen wird. Auf diese Weise haben wir das Paradigma des Materials ge\u00e4ndert, indem wir ihm durch Formen eine unerwartete Dreidimensionalit\u00e4t verleihen. Dies wird durch interne Produktionsprozesse erm\u00f6glicht, die Handwerkskunst und technische Innovation kombinieren.<\/p>\t\t\t\t\t\t\t\t<\/div>\n\t\t\t\t<\/div>\n\t\t\t\t\t<\/div>\n\t\t<\/div>\n\t\t\t\t<div class=\"elementor-column elementor-col-50 elementor-top-column elementor-element elementor-element-5903a680\" data-id=\"5903a680\" data-element_type=\"column\">\n\t\t\t<div class=\"elementor-widget-wrap elementor-element-populated\">\n\t\t\t\t\t\t<div class=\"elementor-element elementor-element-5149b4d0 elementor-widget elementor-widget-image\" data-id=\"5149b4d0\" data-element_type=\"widget\" data-widget_type=\"image.default\">\n\t\t\t\t<div class=\"elementor-widget-container\">\n\t\t\t\t\t\t\t\t\t\t\t\t\t\t\t<img fetchpriority=\"high\" decoding=\"async\" width=\"1550\" height=\"2000\" src=\"https:\/\/www.fiamitalia.it\/wp-content\/uploads\/2023\/02\/img-sito_essere-fiam_a.jpg\" class=\"attachment-full size-full wp-image-8044\" alt=\"\" srcset=\"https:\/\/www.fiamitalia.it\/wp-content\/uploads\/2023\/02\/img-sito_essere-fiam_a.jpg 1550w, https:\/\/www.fiamitalia.it\/wp-content\/uploads\/2023\/02\/img-sito_essere-fiam_a-465x600.jpg 465w, https:\/\/www.fiamitalia.it\/wp-content\/uploads\/2023\/02\/img-sito_essere-fiam_a-930x1200.jpg 930w, https:\/\/www.fiamitalia.it\/wp-content\/uploads\/2023\/02\/img-sito_essere-fiam_a-768x991.jpg 768w, https:\/\/www.fiamitalia.it\/wp-content\/uploads\/2023\/02\/img-sito_essere-fiam_a-1190x1536.jpg 1190w\" sizes=\"(max-width: 1550px) 100vw, 1550px\" \/>\t\t\t\t\t\t\t\t\t\t\t\t\t\t\t<\/div>\n\t\t\t\t<\/div>\n\t\t\t\t\t<\/div>\n\t\t<\/div>\n\t\t\t\t\t<\/div>\n\t\t<\/section>\n\t\t\t\t<section class=\"elementor-section elementor-top-section elementor-element elementor-element-a79050e elementor-reverse-mobile elementor-section-boxed elementor-section-height-default elementor-section-height-default\" data-id=\"a79050e\" data-element_type=\"section\">\n\t\t\t\t\t\t<div class=\"elementor-container elementor-column-gap-default\">\n\t\t\t\t\t<div class=\"elementor-column elementor-col-50 elementor-top-column elementor-element elementor-element-d6c9112\" data-id=\"d6c9112\" data-element_type=\"column\">\n\t\t\t<div class=\"elementor-widget-wrap elementor-element-populated\">\n\t\t\t\t\t\t<div class=\"elementor-element elementor-element-4d05db8 elementor-widget elementor-widget-image\" data-id=\"4d05db8\" data-element_type=\"widget\" data-widget_type=\"image.default\">\n\t\t\t\t<div class=\"elementor-widget-container\">\n\t\t\t\t\t\t\t\t\t\t\t\t\t\t\t<img decoding=\"async\" width=\"2000\" height=\"1400\" src=\"https:\/\/www.fiamitalia.it\/wp-content\/uploads\/2023\/02\/img-sito_essere-fiam_b.jpg\" class=\"attachment-full size-full wp-image-8058\" alt=\"\" srcset=\"https:\/\/www.fiamitalia.it\/wp-content\/uploads\/2023\/02\/img-sito_essere-fiam_b.jpg 2000w, https:\/\/www.fiamitalia.it\/wp-content\/uploads\/2023\/02\/img-sito_essere-fiam_b-857x600.jpg 857w, https:\/\/www.fiamitalia.it\/wp-content\/uploads\/2023\/02\/img-sito_essere-fiam_b-1714x1200.jpg 1714w, https:\/\/www.fiamitalia.it\/wp-content\/uploads\/2023\/02\/img-sito_essere-fiam_b-768x538.jpg 768w, https:\/\/www.fiamitalia.it\/wp-content\/uploads\/2023\/02\/img-sito_essere-fiam_b-1536x1075.jpg 1536w\" sizes=\"(max-width: 2000px) 100vw, 2000px\" \/>\t\t\t\t\t\t\t\t\t\t\t\t\t\t\t<\/div>\n\t\t\t\t<\/div>\n\t\t\t\t\t<\/div>\n\t\t<\/div>\n\t\t\t\t<div class=\"elementor-column elementor-col-50 elementor-top-column elementor-element elementor-element-414c018\" data-id=\"414c018\" data-element_type=\"column\">\n\t\t\t<div class=\"elementor-widget-wrap elementor-element-populated\">\n\t\t\t\t\t\t<div class=\"elementor-element elementor-element-1f5e43d elementor-widget elementor-widget-heading\" data-id=\"1f5e43d\" data-element_type=\"widget\" data-widget_type=\"heading.default\">\n\t\t\t\t<div class=\"elementor-widget-container\">\n\t\t\t\t\t<h5 class=\"elementor-heading-title elementor-size-default\">Forschung und Revolution<\/h5>\t\t\t\t<\/div>\n\t\t\t\t<\/div>\n\t\t\t\t<div class=\"elementor-element elementor-element-5b06a47 elementor-widget elementor-widget-text-editor\" data-id=\"5b06a47\" data-element_type=\"widget\" data-widget_type=\"text-editor.default\">\n\t\t\t\t<div class=\"elementor-widget-container\">\n\t\t\t\t\t\t\t\t\t<p>Im Laufe der Jahre hat uns die Erforschung der Materie erm\u00f6glicht, ihre charakteristische Transparenz zu \u00fcberwinden.<\/p><p>Wir haben sie in zahlreiche Farben gekleidet, wir haben sie verschmolzen, um beispiellose Oberfl\u00e4chen und taktile Empfindungen zu schaffen, die sich in innovativen Kollektionen ausdr\u00fccken und derart \u00fcberraschen, dass sie in der Lage sind, Emotionen zu erwecken.<\/p><p>Und heute gehen wir dank unserer Erfahrung \u00fcber das einzelne Produkt hinaus. Unsere Vergangenheit, Gegenwart und Zukunft verflechten sich in einer neuen Sicht auf unser Wesen.<\/p>\t\t\t\t\t\t\t\t<\/div>\n\t\t\t\t<\/div>\n\t\t\t\t<div class=\"elementor-element elementor-element-17ab782 elementor-mobile-align-center elementor-widget elementor-widget-button\" data-id=\"17ab782\" data-element_type=\"widget\" data-widget_type=\"button.default\">\n\t\t\t\t<div class=\"elementor-widget-container\">\n\t\t\t\t\t\t\t\t\t<div class=\"elementor-button-wrapper\">\n\t\t\t\t\t<a class=\"wk_pulsante_oro elementor-button elementor-button-link elementor-size-sm\" href=\"https:\/\/www.fiamitalia.it\/de\/unglaublich-glas\/\">\n\t\t\t\t\t\t<span class=\"elementor-button-content-wrapper\">\n\t\t\t\t\t\t\t\t\t<span class=\"elementor-button-text\">Unglaublich Glas<\/span>\n\t\t\t\t\t<\/span>\n\t\t\t\t\t<\/a>\n\t\t\t\t<\/div>\n\t\t\t\t\t\t\t\t<\/div>\n\t\t\t\t<\/div>\n\t\t\t\t\t<\/div>\n\t\t<\/div>\n\t\t\t\t\t<\/div>\n\t\t<\/section>\n\t\t\t\t<section class=\"elementor-section elementor-top-section elementor-element elementor-element-216af437 elementor-section-height-min-height elementor-section-boxed elementor-section-height-default elementor-section-items-middle\" data-id=\"216af437\" data-element_type=\"section\" data-settings=\"{&quot;background_background&quot;:&quot;classic&quot;}\">\n\t\t\t\t\t\t<div class=\"elementor-container elementor-column-gap-default\">\n\t\t\t\t\t<div class=\"elementor-column elementor-col-100 elementor-top-column elementor-element elementor-element-51112ee4\" data-id=\"51112ee4\" data-element_type=\"column\">\n\t\t\t<div class=\"elementor-widget-wrap elementor-element-populated\">\n\t\t\t\t\t\t<div class=\"elementor-element elementor-element-b637c90 elementor-widget elementor-widget-text-editor\" data-id=\"b637c90\" data-element_type=\"widget\" data-widget_type=\"text-editor.default\">\n\t\t\t\t<div class=\"elementor-widget-container\">\n\t\t\t\t\t\t\t\t\t<p>Wir entwerfen nicht mehr \u201enur\u201c Objekte. <br \/>Wir denken an stark gepr\u00e4gte Umgebungen, an Atmosph\u00e4renstile, die durch den Dialog zwischen unserem Glas und neuen Materialien interpretiert werden k\u00f6nnen, die seine Pr\u00e4senz verst\u00e4rken.<\/p>\t\t\t\t\t\t\t\t<\/div>\n\t\t\t\t<\/div>\n\t\t\t\t\t<\/div>\n\t\t<\/div>\n\t\t\t\t\t<\/div>\n\t\t<\/section>\n\t\t\t\t<\/div>\n\t\t","protected":false},"excerpt":{"rendered":"<p>Fiam Sein die Herausforderung der Materie Glas ist ein magisches und ewiges Material, das von Heiligkeit durchdrungen ist. Seit \u00fcber 50 Jahren nimmt FIAM die Herausforderung dieses Materials an und macht es zum Protagonisten der Innenarchitektur. Ein Projekt, das unm\u00f6glich zu realisieren schien: Glas in Platten umzuwandeln, um Einrichtungsgegenst\u00e4nde zu erhalten, die seine unbegrenzte Ausdruckskraft [&hellip;]<\/p>\n","protected":false},"author":1,"featured_media":0,"parent":0,"menu_order":0,"comment_status":"closed","ping_status":"closed","template":"","meta":{"_acf_changed":false,"footnotes":""},"class_list":["post-27041","page","type-page","status-publish","hentry"],"acf":[],"yoast_head":"<!-- This site is optimized with the Yoast SEO plugin v25.8 - https:\/\/yoast.com\/wordpress\/plugins\/seo\/ -->\n<title>Fiam Sein - Fiam Italia<\/title>\n<meta name=\"description\" content=\"FIAM Italia seit jeher f\u00fcr das Querdenken von Glas. Innovativen Kollektionen ausdr\u00fccken und derart \u00fcberraschen, Emotionen zu erwecken.\" \/>\n<meta name=\"robots\" content=\"index, follow, max-snippet:-1, max-image-preview:large, max-video-preview:-1\" \/>\n<link rel=\"canonical\" href=\"https:\/\/www.fiamitalia.it\/de\/fiam-sein\/\" \/>\n<meta property=\"og:locale\" content=\"de_DE\" \/>\n<meta property=\"og:type\" content=\"article\" \/>\n<meta property=\"og:title\" content=\"Fiam Sein - Fiam Italia\" \/>\n<meta property=\"og:description\" content=\"FIAM Italia seit jeher f\u00fcr das Querdenken von Glas. Innovativen Kollektionen ausdr\u00fccken und derart \u00fcberraschen, Emotionen zu erwecken.\" \/>\n<meta property=\"og:url\" content=\"https:\/\/www.fiamitalia.it\/de\/fiam-sein\/\" \/>\n<meta property=\"og:site_name\" content=\"Fiam Italia\" \/>\n<meta property=\"article:publisher\" content=\"https:\/\/www.facebook.com\/fiamitalia\/\" \/>\n<meta property=\"article:modified_time\" content=\"2023-03-31T10:10:01+00:00\" \/>\n<meta property=\"og:image\" content=\"https:\/\/dev.fiamitalia.it\/wp-content\/uploads\/2023\/02\/img-sito_essere-fiam_a.jpg\" \/>\n<meta name=\"twitter:card\" content=\"summary_large_image\" \/>\n<meta name=\"twitter:label1\" content=\"Gesch\u00e4tzte Lesezeit\" \/>\n\t<meta name=\"twitter:data1\" content=\"2\u00a0Minuten\" \/>\n<script type=\"application\/ld+json\" class=\"yoast-schema-graph\">{\"@context\":\"https:\/\/schema.org\",\"@graph\":[{\"@type\":\"WebPage\",\"@id\":\"https:\/\/www.fiamitalia.it\/de\/fiam-sein\/\",\"url\":\"https:\/\/www.fiamitalia.it\/de\/fiam-sein\/\",\"name\":\"Fiam Sein - Fiam Italia\",\"isPartOf\":{\"@id\":\"https:\/\/www.fiamitalia.it\/de\/#website\"},\"primaryImageOfPage\":{\"@id\":\"https:\/\/www.fiamitalia.it\/de\/fiam-sein\/#primaryimage\"},\"image\":{\"@id\":\"https:\/\/www.fiamitalia.it\/de\/fiam-sein\/#primaryimage\"},\"thumbnailUrl\":\"https:\/\/dev.fiamitalia.it\/wp-content\/uploads\/2023\/02\/img-sito_essere-fiam_a.jpg\",\"datePublished\":\"2022-12-19T07:20:37+00:00\",\"dateModified\":\"2023-03-31T10:10:01+00:00\",\"description\":\"FIAM Italia seit jeher f\u00fcr das Querdenken von Glas. Innovativen Kollektionen ausdr\u00fccken und derart \u00fcberraschen, Emotionen zu erwecken.\",\"breadcrumb\":{\"@id\":\"https:\/\/www.fiamitalia.it\/de\/fiam-sein\/#breadcrumb\"},\"inLanguage\":\"de\",\"potentialAction\":[{\"@type\":\"ReadAction\",\"target\":[\"https:\/\/www.fiamitalia.it\/de\/fiam-sein\/\"]}]},{\"@type\":\"ImageObject\",\"inLanguage\":\"de\",\"@id\":\"https:\/\/www.fiamitalia.it\/de\/fiam-sein\/#primaryimage\",\"url\":\"https:\/\/dev.fiamitalia.it\/wp-content\/uploads\/2023\/02\/img-sito_essere-fiam_a.jpg\",\"contentUrl\":\"https:\/\/dev.fiamitalia.it\/wp-content\/uploads\/2023\/02\/img-sito_essere-fiam_a.jpg\"},{\"@type\":\"BreadcrumbList\",\"@id\":\"https:\/\/www.fiamitalia.it\/de\/fiam-sein\/#breadcrumb\",\"itemListElement\":[{\"@type\":\"ListItem\",\"position\":1,\"name\":\"Home\",\"item\":\"https:\/\/www.fiamitalia.it\/de\/\"},{\"@type\":\"ListItem\",\"position\":2,\"name\":\"Fiam Sein\"}]},{\"@type\":\"WebSite\",\"@id\":\"https:\/\/www.fiamitalia.it\/de\/#website\",\"url\":\"https:\/\/www.fiamitalia.it\/de\/\",\"name\":\"Fiam Italia\",\"description\":\"Da oltre 40 anni FIAM \u00e8 sinonimo di cultura del vetro a livello globale e produce elementi di arredo in vetro curvato di design. Scopri di pi\u00f9 sul sito!\",\"publisher\":{\"@id\":\"https:\/\/www.fiamitalia.it\/de\/#organization\"},\"potentialAction\":[{\"@type\":\"SearchAction\",\"target\":{\"@type\":\"EntryPoint\",\"urlTemplate\":\"https:\/\/www.fiamitalia.it\/de\/?s={search_term_string}\"},\"query-input\":{\"@type\":\"PropertyValueSpecification\",\"valueRequired\":true,\"valueName\":\"search_term_string\"}}],\"inLanguage\":\"de\"},{\"@type\":\"Organization\",\"@id\":\"https:\/\/www.fiamitalia.it\/de\/#organization\",\"name\":\"Fiam Italia\",\"url\":\"https:\/\/www.fiamitalia.it\/de\/\",\"logo\":{\"@type\":\"ImageObject\",\"inLanguage\":\"de\",\"@id\":\"https:\/\/www.fiamitalia.it\/de\/#\/schema\/logo\/image\/\",\"url\":\"https:\/\/www.fiamitalia.it\/wp-content\/uploads\/2023\/03\/cropped-Fiam_quadr_bn_Outline.png\",\"contentUrl\":\"https:\/\/www.fiamitalia.it\/wp-content\/uploads\/2023\/03\/cropped-Fiam_quadr_bn_Outline.png\",\"width\":945,\"height\":945,\"caption\":\"Fiam Italia\"},\"image\":{\"@id\":\"https:\/\/www.fiamitalia.it\/de\/#\/schema\/logo\/image\/\"},\"sameAs\":[\"https:\/\/www.facebook.com\/fiamitalia\/\",\"https:\/\/www.instagram.com\/fiamitalia_official\/\",\"https:\/\/pinterest.com\/fiamitalia_\/\",\"https:\/\/www.linkedin.com\/company\/1658601\/\",\"https:\/\/www.youtube.com\/user\/FiamItalia\/\"]}]}<\/script>\n<!-- \/ Yoast SEO plugin. -->","yoast_head_json":{"title":"Fiam Sein - Fiam Italia","description":"FIAM Italia seit jeher f\u00fcr das Querdenken von Glas. Innovativen Kollektionen ausdr\u00fccken und derart \u00fcberraschen, Emotionen zu erwecken.","robots":{"index":"index","follow":"follow","max-snippet":"max-snippet:-1","max-image-preview":"max-image-preview:large","max-video-preview":"max-video-preview:-1"},"canonical":"https:\/\/www.fiamitalia.it\/de\/fiam-sein\/","og_locale":"de_DE","og_type":"article","og_title":"Fiam Sein - Fiam Italia","og_description":"FIAM Italia seit jeher f\u00fcr das Querdenken von Glas. Innovativen Kollektionen ausdr\u00fccken und derart \u00fcberraschen, Emotionen zu erwecken.","og_url":"https:\/\/www.fiamitalia.it\/de\/fiam-sein\/","og_site_name":"Fiam Italia","article_publisher":"https:\/\/www.facebook.com\/fiamitalia\/","article_modified_time":"2023-03-31T10:10:01+00:00","og_image":[{"url":"https:\/\/dev.fiamitalia.it\/wp-content\/uploads\/2023\/02\/img-sito_essere-fiam_a.jpg","type":"","width":"","height":""}],"twitter_card":"summary_large_image","twitter_misc":{"Gesch\u00e4tzte Lesezeit":"2\u00a0Minuten"},"schema":{"@context":"https:\/\/schema.org","@graph":[{"@type":"WebPage","@id":"https:\/\/www.fiamitalia.it\/de\/fiam-sein\/","url":"https:\/\/www.fiamitalia.it\/de\/fiam-sein\/","name":"Fiam Sein - Fiam Italia","isPartOf":{"@id":"https:\/\/www.fiamitalia.it\/de\/#website"},"primaryImageOfPage":{"@id":"https:\/\/www.fiamitalia.it\/de\/fiam-sein\/#primaryimage"},"image":{"@id":"https:\/\/www.fiamitalia.it\/de\/fiam-sein\/#primaryimage"},"thumbnailUrl":"https:\/\/dev.fiamitalia.it\/wp-content\/uploads\/2023\/02\/img-sito_essere-fiam_a.jpg","datePublished":"2022-12-19T07:20:37+00:00","dateModified":"2023-03-31T10:10:01+00:00","description":"FIAM Italia seit jeher f\u00fcr das Querdenken von Glas. Innovativen Kollektionen ausdr\u00fccken und derart \u00fcberraschen, Emotionen zu erwecken.","breadcrumb":{"@id":"https:\/\/www.fiamitalia.it\/de\/fiam-sein\/#breadcrumb"},"inLanguage":"de","potentialAction":[{"@type":"ReadAction","target":["https:\/\/www.fiamitalia.it\/de\/fiam-sein\/"]}]},{"@type":"ImageObject","inLanguage":"de","@id":"https:\/\/www.fiamitalia.it\/de\/fiam-sein\/#primaryimage","url":"https:\/\/dev.fiamitalia.it\/wp-content\/uploads\/2023\/02\/img-sito_essere-fiam_a.jpg","contentUrl":"https:\/\/dev.fiamitalia.it\/wp-content\/uploads\/2023\/02\/img-sito_essere-fiam_a.jpg"},{"@type":"BreadcrumbList","@id":"https:\/\/www.fiamitalia.it\/de\/fiam-sein\/#breadcrumb","itemListElement":[{"@type":"ListItem","position":1,"name":"Home","item":"https:\/\/www.fiamitalia.it\/de\/"},{"@type":"ListItem","position":2,"name":"Fiam Sein"}]},{"@type":"WebSite","@id":"https:\/\/www.fiamitalia.it\/de\/#website","url":"https:\/\/www.fiamitalia.it\/de\/","name":"Fiam Italia","description":"Da oltre 40 anni FIAM \u00e8 sinonimo di cultura del vetro a livello globale e produce elementi di arredo in vetro curvato di design. Scopri di pi\u00f9 sul sito!","publisher":{"@id":"https:\/\/www.fiamitalia.it\/de\/#organization"},"potentialAction":[{"@type":"SearchAction","target":{"@type":"EntryPoint","urlTemplate":"https:\/\/www.fiamitalia.it\/de\/?s={search_term_string}"},"query-input":{"@type":"PropertyValueSpecification","valueRequired":true,"valueName":"search_term_string"}}],"inLanguage":"de"},{"@type":"Organization","@id":"https:\/\/www.fiamitalia.it\/de\/#organization","name":"Fiam Italia","url":"https:\/\/www.fiamitalia.it\/de\/","logo":{"@type":"ImageObject","inLanguage":"de","@id":"https:\/\/www.fiamitalia.it\/de\/#\/schema\/logo\/image\/","url":"https:\/\/www.fiamitalia.it\/wp-content\/uploads\/2023\/03\/cropped-Fiam_quadr_bn_Outline.png","contentUrl":"https:\/\/www.fiamitalia.it\/wp-content\/uploads\/2023\/03\/cropped-Fiam_quadr_bn_Outline.png","width":945,"height":945,"caption":"Fiam Italia"},"image":{"@id":"https:\/\/www.fiamitalia.it\/de\/#\/schema\/logo\/image\/"},"sameAs":["https:\/\/www.facebook.com\/fiamitalia\/","https:\/\/www.instagram.com\/fiamitalia_official\/","https:\/\/pinterest.com\/fiamitalia_\/","https:\/\/www.linkedin.com\/company\/1658601\/","https:\/\/www.youtube.com\/user\/FiamItalia\/"]}]}},"_links":{"self":[{"href":"https:\/\/www.fiamitalia.it\/de\/wp-json\/wp\/v2\/pages\/27041","targetHints":{"allow":["GET"]}}],"collection":[{"href":"https:\/\/www.fiamitalia.it\/de\/wp-json\/wp\/v2\/pages"}],"about":[{"href":"https:\/\/www.fiamitalia.it\/de\/wp-json\/wp\/v2\/types\/page"}],"author":[{"embeddable":true,"href":"https:\/\/www.fiamitalia.it\/de\/wp-json\/wp\/v2\/users\/1"}],"replies":[{"embeddable":true,"href":"https:\/\/www.fiamitalia.it\/de\/wp-json\/wp\/v2\/comments?post=27041"}],"version-history":[{"count":7,"href":"https:\/\/www.fiamitalia.it\/de\/wp-json\/wp\/v2\/pages\/27041\/revisions"}],"predecessor-version":[{"id":36517,"href":"https:\/\/www.fiamitalia.it\/de\/wp-json\/wp\/v2\/pages\/27041\/revisions\/36517"}],"wp:attachment":[{"href":"https:\/\/www.fiamitalia.it\/de\/wp-json\/wp\/v2\/media?parent=27041"}],"curies":[{"name":"wp","href":"https:\/\/api.w.org\/{rel}","templated":true}]}}